{"id":34244,"date":"2024-12-19T12:42:33","date_gmt":"2024-12-19T17:42:33","guid":{"rendered":"https:\/\/newleafdebt.ca\/fr\/?page_id=34244"},"modified":"2025-01-14T16:12:33","modified_gmt":"2025-01-14T21:12:33","slug":"recommander-un-ami","status":"publish","type":"page","link":"https:\/\/newleafdebt.ca\/fr\/recommander-un-ami\/","title":{"rendered":"Recommander un ami"},"content":{"rendered":"\n<div class=\"wp-block-cover is-light has-parallax\"><span aria-hidden=\"true\" class=\"wp-block-cover__background has-background-dim\" style=\"background-color:#edefe4\"><\/span><div class=\"wp-block-cover__image-background wp-image-16 has-parallax\" style=\"background-position:50% 50%;background-image:url(http:\/\/localhost\/newleaf\/wp-content\/uploads\/2024\/12\/leaf-bg.jpg)\"><\/div><div class=\"wp-block-cover__inner-container is-layout-constrained wp-block-cover-is-layout-constrained\">\n<div class=\"wp-block-group container\"><div class=\"wp-block-group__inner-container is-layout-constrained wp-block-group-is-layout-constrained\">\n<div style=\"height:30px\" aria-hidden=\"true\" class=\"wp-block-spacer\"><\/div>\n\n\n\n<div class=\"wp-block-group hide-on-ty\"><div class=\"wp-block-group__inner-container is-layout-constrained wp-block-group-is-layout-constrained\">\n<h2 class=\"wp-block-heading has-text-align-center\" id=\"h-vous-avez-ete-invite\"><strong>Vous avez \u00e9t\u00e9 invit\u00e9 !<\/strong><\/h2>\n\n\n\n<p class=\"has-text-align-center\">New Leaf Debt Solutions aide les Canadiens \u00e0 reussir financi\u00e8rement. Nous sommes une agence enregistr\u00e9e de conseil en cr\u00e9dit \u00e0 but non lucratif dont les programmes ont fait leurs preuves pour vous sortir de l&rsquo;endettement et vous faire \u00e9conomiser de l&rsquo;argent tout en le faisant.<\/p>\n\n\n\n<p class=\"has-text-align-center\">Remplissez le formulaire ci-dessous pour commencer votre consultation gratuite et sans engagement. Les frais initiaux seront supprim\u00e9s, le cas \u00e9ch\u00e9ant.<\/p>\n\n\n\n<p class=\"has-text-align-center\"><em>(N&rsquo;oubliez pas d&rsquo;informer votre conseiller de votre dispense de frais.)<\/em><\/p>\n<\/div><\/div>\n\n\n<div id=\"form-container\">\n    <script data-obct type=\"text\/javascript\">\n  \/** DO NOT MODIFY THIS CODE**\/\n  !function(_window, _document) {\n    var OB_ADV_ID='008e6598a86899b611c1a0f8561394cdb6';\n    if (_window.obApi) {var toArray = function(object) {return Object.prototype.toString.call(object) === '[object Array]' ? object : [object];};_window.obApi.marketerId = toArray(_window.obApi.marketerId).concat(toArray(OB_ADV_ID));return;}\n    var api = _window.obApi = function() {api.dispatch ? api.dispatch.apply(api, arguments) : api.queue.push(arguments);};api.version = '1.1';api.loaded = true;api.marketerId = OB_ADV_ID;api.queue = [];var tag = _document.createElement('script');tag.async = true;tag.src = '\/\/amplify.outbrain.com\/cp\/obtp.js';tag.type = 'text\/javascript';var script = _document.getElementsByTagName('script')[0];script.parentNode.insertBefore(tag, script);}(window, document);\nobApi('track', 'PAGE_VIEW');\n<\/script>\n<script>\n    function register() {\n                obApi('track', 'Lead Submit Success');\n  }\n<\/script>\n<div id=\"landing-form-thankyou\" class=\"formthankyouDIV \" style=\"display: none;\">\n\t<div class=\"default-thankyou-text text-center\">\n\t\t<h4>\n      Merci pour votre soumission!    <\/h4>\n            <p>Un conseiller qualifi\u00e9 examinera les informations que vous avez fournies et vous contactera bient\u00f4t pour commencer votre consultation.<\/p>\n      \t<\/div>\n<\/div>\n<form class=\"leadForm\" id=\"CCV3b\">\n    <div id=\"OneStepForm\" class=\"stepdefinition\">\n        <div class=\"row margin-to-40\">\n            <div class=\"col-sm-6\">\n                <div class=\"form-group material-select-wrapper\" id=\"div4debtamount\">\n                    <select class=\"form-control material-field selectpicker\" id=\"debtamountCCV3b\" name=\"debtamount\" required=\"required\" aria-required=\"true\">\n                        <option value=\"disabled\" selected=\"\" disabled=\"disabled\">\n                            Montant de la dette                        <\/option>\n                        <option value=\"4999\">$1,000 &#8211; $4,999<\/option>\n                        <option value=\"7500\">$5,000 &#8211; $10,000<\/option>\n                        <option value=\"10001\">$10,001 &#8211; $14,999<\/option>\n                        <option value=\"15000\">$15,000 &#8211; $19,999<\/option>\n                        <option value=\"20000\">$20,000 &#8211; $24,999<\/option>\n                        <option value=\"25000\">$25,000 &#8211; $29,999<\/option>\n                        <option value=\"30000\">$30,000 &#8211; $34,999<\/option>\n                        <option value=\"35000\">$35,000 &#8211; $39,999<\/option>\n                        <option value=\"40000\">$40,000 &#8211; $44,999<\/option>\n                        <option value=\"45000\">$45,000 &#8211; $49,999<\/option>\n                        <option value=\"50000\">$50,000 &#8211; $54,999<\/option>\n                        <option value=\"55000\">$55,000 &#8211; $59,999<\/option>\n                        <option value=\"60000\">$60,000 &#8211; $64,999<\/option>\n                        <option value=\"65000\">$65,000 &#8211; $69,999<\/option>\n                        <option value=\"70000\">$70,000 &#8211; $74,999<\/option>\n                        <option value=\"75000\">$75,000+<\/option>\n                    <\/select>\n                    <label class=\"formLabel material-label\" for=\"debtamountCCV3b\" aria-label=\"Debt Amount\" aria-describedby=\"div4debtamount\">\n                        <span class=\"sr-only\">\n                            Montant de la dette                        <\/span>\n                        <span class=\"required\"><\/span>\n                    <\/label>\n                <\/div>\n            <\/div>\n            <div class=\"col-sm-6\">\n                <div class=\"form-group material-select-wrapper\" id=\"div4payment_status\">\n                    <select class=\"form-control material-field selectpicker\" id=\"payment_statusCCV3b\" name=\"payment_status\" required=\"required\" aria-required=\"true\">\n                        <option value=\"disabled\" selected=\"\" disabled=\"disabled\">\n                            Statut des palements                        \n                        <\/option>\n                        <option value=\"Current\">\n                            Sont \u00e0 jour et\/ou prennent tout simplement du retard                        <\/option>\n                        <option value=\"Behind\">\n                            Accusent un retard de moins de six mois                        <\/option>\n                        <option value=\"Collections\">\n                            Accusent un retard de plus de six mois                        <\/option>\n                    <\/select>\n                    <label for=\"payment_statusCCV3b\" aria-label=\"Le statut de vos paiements ?\" aria-describedby=\"div4payment_status\">\n                        <span class=\"sr-only\">Le statut de vos paiements ?<\/span>\n                        <span class=\"required\"><\/span>\n                    <\/label>\n                <\/div>\n            <\/div>\n        <\/div>\n\n        <div class=\"row\">\n            <div class=\"col-sm-6\">\n                <div class=\"form-group material-form-group\" id=\"div4first_name\">\n                    <input type=\"text\" class=\"form-control material-field\" id=\"first_nameCCV3b\" name=\"first_name\" required=\"required\" aria-required=\"true\" dataMethod=\"lettersOnly\">\n                    <label class=\"material-label\" for=\"first_nameCCV3b\" aria-label=\"Pr\u00e9nom\" aria-describedby=\"div4first_name\">\n                        Pr\u00e9nom                        <span class=\"required\"><\/span>\n                    <\/label>\n                <\/div>\n            <\/div>\n            <div class=\"col-sm-6\">\n                <div class=\"form-group material-form-group\" id=\"div4last_name\">\n                    <input type=\"text\" class=\"form-control material-field\" id=\"last_nameCCV3b\" name=\"last_name\" required=\"required\" aria-required=\"true\">\n                    <label class=\"material-label\" for=\"last_nameCCV3b\" aria-label=\"Nom de famille\" aria-describedby=\"div4last_name\">\n                        Nom                        <span class=\"required\"><\/span>\n                    <\/label>\n                <\/div>\n            <\/div>\n        <\/div>\n\n        <div class=\"row\">\n            <div class=\"col-sm-6\">\n                <div class=\"form-group material-form-group\" id=\"div4primary_phone\">\n                    <input type=\"tel\" class=\"form-control material-field\" id=\"primary_phoneCCV3b\" name=\"primary_phone\" required=\"required\" aria-required=\"true\">\n                    <label class=\"material-label\" for=\"primary_phoneCCV3b\" aria-label=\"Num\u00e9ro de t\u00e9l\u00e9phone\" aria-describedby=\"div4primary_phone\">\n                        Num\u00e9ro de t\u00e9l\u00e9phone                        <span class=\"required\"><\/span>\n                    <\/label>\n                <\/div>\n            <\/div>\n            <div class=\"col-sm-6\">\n                <div class=\"form-group material-form-group\" id=\"div4email\">\n                    <input type=\"email\" class=\"form-control material-field\" id=\"emailCCV3b\" name=\"email\" required=\"required\" aria-required=\"true\">\n                    <label class=\"material-label\" for=\"emailCCV3b\" aria-label=\"Adresse de courrier \u00e9lectronique\" aria-describedby=\"div4email\">\n                        Adresse courriel        \n                        <span class=\"required\"><\/span>\n                    <\/label>\n                <\/div>\n            <\/div>\n        <\/div>\n\n        <div class=\"row\">\n            <div class=\"col-sm-6\">\n                                        <input type=\"hidden\" id=\"provinceCCV3b\" name=\"province\" \/>\n                        <div class=\"form-group material-form-group\" id=\"div4postalcodeCCV3b\">\n                            <input type=\"text\" class=\"form-control material-field\" id=\"postalcodeCCV3b\" name=\"postalcode\" maxlength=\"7\" required=\"required\" aria-required=\"true\">\n                            <label class=\"material-label\" for=\"postalcodeCCV3b\" aria-label=\"Code postal\" aria-describedby=\"div4postalcodeCCV3b\">\n                            Code postal                            <span class=\"required\"><\/span>\n                            <\/label>\n                        <\/div>\n                            <\/div>\n            <div class=\"col-sm-6\">\n                    <div class=\"checkbox material-checkbox\" id=\"div4languagespc\">\n                        <label class=\"pure-material-checkbox\" for=\"languageCCV3b\" aria-label=\"Voulez-vous parler en fran\u00e7ais\" aria-describedby=\"div4languagespc\">\n                            <input type=\"checkbox\" id=\"languageCCV3b\" name=\"language\" aria-role=\"checkbox\" aria-checked=\"false\">\n                            <span tabindex=\"0\" role=\"button\">\n                                Do you want to speak in English?    \n                            <\/span>\n                        <\/label>\n                    <\/div>         \n            <\/div>\n        <\/div>\n\n        <div class=\"row \">\n            <div class=\"col\">\n                <div class=\"checkbox material-checkbox mb-3\" id=\"div4newsletter_opt_inc\">\n                    <label class=\"pure-material-checkbox\" for=\"newsletter_opt_inCCV3b\" aria-label=\"Recevez notre newsletter                        \" aria-describedby=\"div4newsletter_opt_inc\">\n                        <input type=\"checkbox\" id=\"newsletter_opt_inCCV3b\" name=\"newsletter_opt_in\" aria-role=\"checkbox\" aria-checked=\"false\">\n                        <span tabindex=\"0\" role=\"button\">\n                            Je consens \u00e0 recevoir des messages \u00e9lectroniques par courriel et sur mon appareil mobile (y compris les SMS et les MMS \u2013 des frais peuvent s\u2019appliquer selon votre fournisseur de services, et non par nous, la fr\u00e9quence de la messagerie varie; textez AIDE pour obtenir de l\u2019aide, textez ARR\u00caT pour annuler) de New Leaf concernant les produits et services (y compris conseils, bulletins et promotions). Consultez la <a target='_blank' href='https:\/\/newleafdebt.ca\/fr\/enonce-de-confidentialite\/'>Politique de Confidentialit\u00e9<\/a> et les <a target='_blank' href='https:\/\/newleafdebt.ca\/fr\/conditions-generales-dutilisation\/'>Conditions d&rsquo;utilisation<\/a>. Vous pouvez retirer votre consentement en tout temps.                        \n                        <\/span>\n                    <\/label>\n                <\/div>\n            <\/div>\n        <\/div>\n        <div class=\"row\">\n            <div class=\"col-sm-6 offset-sm-3\">\n                <div class=\"trustmark\"><script src=\"https:\/\/cdn.ywxi.net\/js\/inline.js?w=90\"><\/script><\/div>\n                <div id=\"div4submitbutton\">\n                    <input type=\"hidden\" id=\"opt_inb\" name=\"opt_in\" value=\"1\">\n                    <button type=\"submit\" class=\"btn btn-primary btn-block\" id=\"submitbutton\">\n                        Obtenez un devis GRATUIT                    <\/button>\n                <\/div>\n            <\/div>\n        <\/div>\n\n        <input type=\"hidden\" id=\"pid\" name=\"pid\" value=\"102138\">\n        <input type=\"hidden\" id=\"ckm_subid\" name=\"ckm_subid\" value=\"102138\">\n        <input type=\"hidden\" id=\"ckm_subid_2\" name=\"ckm_subid_2\">\n        <input type=\"hidden\" id=\"ckm_subid_3\" name=\"ckm_subid_3\">\n        <input type=\"hidden\" id=\"ckm_subid_4\" name=\"ckm_subid_4\">\n        <input type=\"hidden\" id=\"ckm_subid_5\" name=\"ckm_subid_5\">\n        <input type=\"hidden\" id=\"utm_campaign\" name=\"utm_campaign\">\n        <input type=\"hidden\" id=\"utm_medium\" name=\"utm_medium\">\n        <input type=\"hidden\" id=\"utm_source\" name=\"utm_source\">\n        <input type=\"hidden\" id=\"country\" name=\"country\" value=\"ca\">\n\n                    <!-- <div class=\"small disclaimer invisible\">Nous prenons votre <a title=\"Aller sur notre page Politique de confidentialit\u00e9\" href=\"politique-de-confidentialite\/\"> Politique de Confidentialit\u00e9 <\/a>s\u00e9rieusement. En soumettant vos informations ci-dessus, vous consentez par signature \u00e9lectronique \u00e0: recevoir des appels de New Leaf d'un agent en direct, une voix artificielle ou pr\u00e9enregistr\u00e9e, et\/ou un SMS (tarifs cellulaires standard peuvent s'appliquer) \u00e0 mon num\u00e9ro r\u00e9sidentiel ou cellulaire, compos\u00e9 manuellement ou par num\u00e9roteur automatique. Je comprends que je n'ai aucune obligation d'acheter quoi que ce soit.<\/div> -->\n        \n\n<\/form><\/div>\n\n\n\n<div style=\"height:40px\" aria-hidden=\"true\" class=\"wp-block-spacer\"><\/div>\n\n\n\n<div class=\"wp-block-group hide-on-ty\"><div class=\"wp-block-group__inner-container is-layout-constrained wp-block-group-is-layout-constrained\">\n<p class=\"has-text-align-center\">Apr\u00e8s votre premier versement mensuel, la personne qui vous a recommand\u00e9 gagnera 100&nbsp;$.<\/p>\n\n\n\n<p class=\"has-text-align-center\">Vous pouvez \u00e9galement \u00eatre pay\u00e9&nbsp;: parrainez un ami ou un membre de votre famille apr\u00e8s vous \u00eatre inscrit \u00e0 un programme de gestion des dettes et gagnez 100 $ pour chaque recommendation, payable apr\u00e8s leur premier paiement mensuel.<\/p>\n\n\n\n<p class=\"has-text-align-center\">Vous recevrez votre courriel de r\u00e9f\u00e9rence 3 jours apr\u00e8s votre inscription avec un lien partageable qui suit les amis et la famille que vous nous envoyez.<\/p>\n\n\n\n<p class=\"has-text-align-center\">Les r\u00e9f\u00e9rences peuvent nous appeler au :<\/p>\n\n\n\n<p class=\"has-text-align-center has-large-font-size\"><a href=\"tel:1-844-247-1719\">1-844-247-1719<\/a><\/p>\n<\/div><\/div>\n<\/div><\/div>\n<\/div><\/div>\n","protected":false},"excerpt":{"rendered":"","protected":false},"author":1,"featured_media":0,"parent":0,"menu_order":0,"comment_status":"closed","ping_status":"closed","template":"temp.custom.php","meta":{"_acf_changed":false,"footnotes":""},"categories":[],"tags":[],"class_list":["post-34244","page","type-page","status-publish"],"acf":[],"yoast_head":"<!-- This site is optimized with the Yoast SEO Premium plugin v25.3 (Yoast SEO v25.3) - https:\/\/yoast.com\/wordpress\/plugins\/seo\/ -->\n<title>Recommander un ami - New Leaf Debt Solution Fran\u00e7ais<\/title>\n<meta name=\"robots\" content=\"index, follow, max-snippet:-1, max-image-preview:large, max-video-preview:-1\" \/>\n<link rel=\"canonical\" href=\"https:\/\/newleafdebt.ca\/fr\/recommander-un-ami\/\" \/>\n<meta property=\"og:locale\" content=\"fr_CA\" \/>\n<meta property=\"og:type\" content=\"article\" \/>\n<meta property=\"og:title\" content=\"Recommander un ami\" \/>\n<meta property=\"og:url\" content=\"https:\/\/newleafdebt.ca\/fr\/recommander-un-ami\/\" \/>\n<meta property=\"og:site_name\" content=\"New Leaf Debt Solution Fran\u00e7ais\" \/>\n<meta property=\"article:modified_time\" content=\"2025-01-14T21:12:33+00:00\" \/>\n<meta name=\"twitter:card\" content=\"summary_large_image\" \/>\n<meta name=\"twitter:label1\" content=\"Estimation du temps de lecture\" \/>\n\t<meta name=\"twitter:data1\" content=\"1 minute\" \/>\n<!-- \/ Yoast SEO Premium plugin. -->","yoast_head_json":{"title":"Recommander un ami - New Leaf Debt Solution Fran\u00e7ais","robots":{"index":"index","follow":"follow","max-snippet":"max-snippet:-1","max-image-preview":"max-image-preview:large","max-video-preview":"max-video-preview:-1"},"canonical":"https:\/\/newleafdebt.ca\/fr\/recommander-un-ami\/","og_locale":"fr_CA","og_type":"article","og_title":"Recommander un ami","og_url":"https:\/\/newleafdebt.ca\/fr\/recommander-un-ami\/","og_site_name":"New Leaf Debt Solution Fran\u00e7ais","article_modified_time":"2025-01-14T21:12:33+00:00","twitter_card":"summary_large_image","twitter_misc":{"Estimation du temps de lecture":"1 minute"},"schema":{"@context":"https:\/\/schema.org","@graph":[{"@type":"WebPage","@id":"https:\/\/newleafdebt.ca\/fr\/recommander-un-ami\/","url":"https:\/\/newleafdebt.ca\/fr\/recommander-un-ami\/","name":"Recommander un ami - New Leaf Debt Solution Fran\u00e7ais","isPartOf":{"@id":"https:\/\/newleafdebt.ca\/fr\/#website"},"datePublished":"2024-12-19T17:42:33+00:00","dateModified":"2025-01-14T21:12:33+00:00","breadcrumb":{"@id":"https:\/\/newleafdebt.ca\/fr\/recommander-un-ami\/#breadcrumb"},"inLanguage":"fr-CA","potentialAction":[{"@type":"ReadAction","target":["https:\/\/newleafdebt.ca\/fr\/recommander-un-ami\/"]}]},{"@type":"BreadcrumbList","@id":"https:\/\/newleafdebt.ca\/fr\/recommander-un-ami\/#breadcrumb","itemListElement":[{"@type":"ListItem","position":1,"name":"Accueil","item":"https:\/\/newleafdebt.ca\/fr\/"},{"@type":"ListItem","position":2,"name":"Recommander un ami"}]},{"@type":"WebSite","@id":"https:\/\/newleafdebt.ca\/fr\/#website","url":"https:\/\/newleafdebt.ca\/fr\/","name":"New Leaf Debt Solution Fran\u00e7ais","description":"New Leaf Debt Solutions Fran\u00e7ais, Inc.","potentialAction":[{"@type":"SearchAction","target":{"@type":"EntryPoint","urlTemplate":"https:\/\/newleafdebt.ca\/fr\/?s={search_term_string}"},"query-input":{"@type":"PropertyValueSpecification","valueRequired":true,"valueName":"search_term_string"}}],"inLanguage":"fr-CA"}]}},"_links":{"self":[{"href":"https:\/\/newleafdebt.ca\/fr\/wp-json\/wp\/v2\/pages\/34244","targetHints":{"allow":["GET"]}}],"collection":[{"href":"https:\/\/newleafdebt.ca\/fr\/wp-json\/wp\/v2\/pages"}],"about":[{"href":"https:\/\/newleafdebt.ca\/fr\/wp-json\/wp\/v2\/types\/page"}],"author":[{"embeddable":true,"href":"https:\/\/newleafdebt.ca\/fr\/wp-json\/wp\/v2\/users\/1"}],"replies":[{"embeddable":true,"href":"https:\/\/newleafdebt.ca\/fr\/wp-json\/wp\/v2\/comments?post=34244"}],"version-history":[{"count":3,"href":"https:\/\/newleafdebt.ca\/fr\/wp-json\/wp\/v2\/pages\/34244\/revisions"}],"predecessor-version":[{"id":34261,"href":"https:\/\/newleafdebt.ca\/fr\/wp-json\/wp\/v2\/pages\/34244\/revisions\/34261"}],"wp:attachment":[{"href":"https:\/\/newleafdebt.ca\/fr\/wp-json\/wp\/v2\/media?parent=34244"}],"wp:term":[{"taxonomy":"category","embeddable":true,"href":"https:\/\/newleafdebt.ca\/fr\/wp-json\/wp\/v2\/categories?post=34244"},{"taxonomy":"post_tag","embeddable":true,"href":"https:\/\/newleafdebt.ca\/fr\/wp-json\/wp\/v2\/tags?post=34244"}],"curies":[{"name":"wp","href":"https:\/\/api.w.org\/{rel}","templated":true}]}}