{"id":34215,"date":"2023-09-05T13:21:11","date_gmt":"2023-09-05T17:21:11","guid":{"rendered":"https:\/\/newleafdebt.ca\/fr\/?page_id=34215"},"modified":"2023-09-29T14:20:54","modified_gmt":"2023-09-29T18:20:54","slug":"etats-financiers-audites","status":"publish","type":"page","link":"https:\/\/newleafdebt.ca\/fr\/etats-financiers-audites\/","title":{"rendered":"\u00c9tats financiers audit\u00e9s"},"content":{"rendered":"<p>New Leaf s\u2019engage \u00e0 faire preuve de transparence et \u00e0 fournir \u00e0 ses intervenants des renseignements et des documents. Les \u00e9tats financiers v\u00e9rifi\u00e9s de New Leaf peuvent \u00eatre consult\u00e9s en remplissant le formulaire de demande ci-dessous. En raison de la nature d\u00e9licate et confidentielle d\u2019un \u00e9tat financier v\u00e9rifi\u00e9, des renseignements suppl\u00e9mentaires tels que la raison de la demande et la relation avec l\u2019organisation sont requis. La confidentialit\u00e9 de ceux qui demandent ces d\u00e9clarations sera respect\u00e9e. Veuillez nous contacter au <a href=\"mailto:compliance@newleafdebt.ca\">compliance@newleafdebt.ca<\/a> si vous avez des questions ou si vous avez besoin de renseignements suppl\u00e9mentaires. Nous vous remercions de l\u2019int\u00e9r\u00eat que vous portez \u00e0 notre organisation et nous vous remercions de votre attention dans ce dossier. <\/p>\n<hr \/>\n<style type=\"text\/css\">\r\n\t#nf-label-field-7, #nf-label-field-13{\r\n\tdisplay:inline-flex;\r\n\t}\t\r\n\t#nf-label-field-7 span, #nf-label-field-13 span{ \r\n\tpadding-left:7px;\r\n\tline-height:0px;\r\n\t}\r\n\t.nf-error-msg, .ninja-forms-req-symbol {\r\n    color: #e80000 !important;\r\n\t}\r\n\t#nf-field-10, #nf-field-16{\r\n\tborder: 0;\r\n    color: #fff;\r\n    margin: 10px 0;\r\n    border-radius: 30px 0;\r\n    border-left: 2px solid #647b09;\r\n    border-bottom: 2px solid #445207;\r\n    padding: 10px 25px;\r\n    letter-spacing: .5px;\r\n    font-weight: 600;\r\n    text-transform: uppercase;\r\n    font-size: 20px;\r\n    font-size: 1.25rem;\r\n    background-color: #647b09;\r\n    -webkit-transition: background-color .4s ease-out;\r\n    -moz-transition: background-color .4s ease-out;\r\n    -ms-transition: background-color .4s ease-out;\r\n    -o-transition: background-color .4s ease-out;\r\n    transition: background-color .4s ease-out;\r\n\t}\r\n\t#nf-field-10:hover, #nf-field-16:hover{\r\n\t-webkit-transition: background-color .4s ease-out;\r\n    -moz-transition: background-color .4s ease-out;\r\n    -ms-transition: background-color .4s ease-out;\r\n    -o-transition: background-color .4s ease-out;\r\n    transition: background-color .4s ease-out;\r\n    background-color: #829e11;\r\n    color: #fff;\r\n    border-left: 2px solid #647b09;\r\n    border-bottom: 2px solid #445207;\r\n    font-size: 105%!important;\r\n    padding: 9px 25px 10px;\r\n\t}\r\n\t.nf-field-element{\r\n\ttext-align:center;\r\n\t}\r\n<\/style>\n<noscript class=\"ninja-forms-noscript-message\">\n\tNotice: JavaScript is required for this content.<\/noscript>\n<div id=\"nf-form-3-cont\" class=\"nf-form-cont\" aria-live=\"polite\" aria-labelledby=\"nf-form-title-3\" aria-describedby=\"nf-form-errors-3\" role=\"form\">\n\n    <div class=\"nf-loading-spinner\"><\/div>\n\n<\/div>\n        <!-- That data is being printed as a workaround to page builders reordering the order of the scripts loaded-->\n        <script>var formDisplay=1;var nfForms=nfForms||[];var form=[];form.id='3';form.settings={\"objectType\":\"Form Setting\",\"editActive\":true,\"title\":\"Formulaire Etats Financiers Audites\",\"created_at\":\"2023-09-05 17:02:38\",\"default_label_pos\":\"above\",\"show_title\":\"1\",\"clear_complete\":\"1\",\"hide_complete\":\"1\",\"logged_in\":\"0\",\"wrapper_class\":\"\",\"element_class\":\"new-leaf-response-form\",\"key\":\"\",\"add_submit\":\"1\",\"currency\":\"\",\"unique_field_error\":\"A form with this value has already been submitted.\",\"not_logged_in_msg\":\"\",\"sub_limit_msg\":\"The form has reached its submission limit.\",\"calculations\":[],\"formContentData\":[\"prenom_1657638548037\",\"nom_1657638556459\",\"numero_de_telephone_1657638567990\",\"adresse_courriel_1657638578970\",\"commentaires_1657638586436\",\"soumettre_1658852171975\"],\"drawerDisabled\":false,\"repeatable_fieldsets\":\"\",\"changeEmailErrorMsg\":\"S&#039;il vous pla\\u00eet, mettez une adresse email valide!\",\"changeDateErrorMsg\":\"Veuillez entrer une date valide!\",\"confirmFieldErrorMsg\":\"Ces champs doivent correspondre\\u00a0!\",\"fieldNumberNumMinError\":\"Nombre min erreur\",\"fieldNumberNumMaxError\":\"Nombre max erreur\",\"fieldNumberIncrementBy\":\"Veuillez incr\\u00e9menter de\",\"formErrorsCorrectErrors\":\"Veuillez corriger les erreurs avant de soumettre ce formulaire.\",\"validateRequiredField\":\"Ceci est un champ obligatoire.\",\"honeypotHoneypotError\":\"Honeypot Error\",\"fieldsMarkedRequired\":\"Les champs marqu\\u00e9s d&#039;un * sont obligatoires\",\"unique_field\":\"0\",\"allow_public_link\":0,\"embed_form\":\"\",\"form_title_heading_level\":\"3\",\"ninjaForms\":\"Ninja Forms\",\"fieldTextareaRTEInsertLink\":\"Insert Link\",\"fieldTextareaRTEInsertMedia\":\"Insert Media\",\"fieldTextareaRTESelectAFile\":\"Select a file\",\"formHoneypot\":\"If you are a human seeing this field, please leave it empty.\",\"fileUploadOldCodeFileUploadInProgress\":\"File Upload in Progress.\",\"fileUploadOldCodeFileUpload\":\"FILE UPLOAD\",\"currencySymbol\":\"&#36;\",\"thousands_sep\":\"&nbsp;\",\"decimal_point\":\",\",\"siteLocale\":\"fr_CA\",\"dateFormat\":\"m\\\/d\\\/Y\",\"startOfWeek\":\"1\",\"of\":\"of\",\"previousMonth\":\"Previous Month\",\"nextMonth\":\"Next Month\",\"months\":[\"January\",\"February\",\"March\",\"April\",\"May\",\"June\",\"July\",\"August\",\"September\",\"October\",\"November\",\"December\"],\"monthsShort\":[\"Jan\",\"Feb\",\"Mar\",\"Apr\",\"May\",\"Jun\",\"Jul\",\"Aug\",\"Sep\",\"Oct\",\"Nov\",\"Dec\"],\"weekdays\":[\"Sunday\",\"Monday\",\"Tuesday\",\"Wednesday\",\"Thursday\",\"Friday\",\"Saturday\"],\"weekdaysShort\":[\"Sun\",\"Mon\",\"Tue\",\"Wed\",\"Thu\",\"Fri\",\"Sat\"],\"weekdaysMin\":[\"Su\",\"Mo\",\"Tu\",\"We\",\"Th\",\"Fr\",\"Sa\"],\"recaptchaConsentMissing\":\"reCaptcha validation couldn&#039;t load.\",\"recaptchaMissingCookie\":\"reCaptcha v3 validation couldn&#039;t load the cookie needed to submit the form.\",\"recaptchaConsentEvent\":\"Accept reCaptcha cookies before sending the form.\",\"currency_symbol\":\"\",\"beforeForm\":\"\",\"beforeFields\":\"\",\"afterFields\":\"\",\"afterForm\":\"\"};form.fields=[{\"objectType\":\"Field\",\"objectDomain\":\"fields\",\"editActive\":false,\"order\":1,\"idAttribute\":\"id\",\"type\":\"firstname\",\"label\":\"Pr\\u00e9nom\",\"key\":\"prenom_1657638548037\",\"label_pos\":\"above\",\"required\":1,\"default\":\"\",\"placeholder\":\"\",\"container_class\":\"one-half first\",\"element_class\":\"\",\"admin_label\":\"\",\"help_text\":\"\",\"custom_name_attribute\":\"fname\",\"field_label\":\"Pr\\u00e9nom\",\"field_key\":\"prenom_1657638548037\",\"personally_identifiable\":1,\"value\":\"\",\"drawerDisabled\":\"\",\"desc_text\":\"\",\"id\":11,\"beforeField\":\"\",\"afterField\":\"\",\"parentType\":\"firstname\",\"element_templates\":[\"firstname\",\"input\"],\"old_classname\":\"\",\"wrap_template\":\"wrap\"},{\"objectType\":\"Field\",\"objectDomain\":\"fields\",\"editActive\":false,\"order\":2,\"idAttribute\":\"id\",\"type\":\"lastname\",\"label\":\"Nom\",\"key\":\"nom_1657638556459\",\"label_pos\":\"above\",\"required\":1,\"default\":\"\",\"placeholder\":\"\",\"container_class\":\"one-half second\",\"element_class\":\"\",\"admin_label\":\"\",\"help_text\":\"\",\"custom_name_attribute\":\"lname\",\"field_label\":\"Nom\",\"field_key\":\"nom_1657638556459\",\"personally_identifiable\":1,\"value\":\"\",\"drawerDisabled\":\"\",\"id\":12,\"beforeField\":\"\",\"afterField\":\"\",\"parentType\":\"lastname\",\"element_templates\":[\"lastname\",\"input\"],\"old_classname\":\"\",\"wrap_template\":\"wrap\"},{\"objectType\":\"Field\",\"objectDomain\":\"fields\",\"editActive\":false,\"order\":3,\"idAttribute\":\"id\",\"label\":\"Num\\u00e9ro de t\\u00e9l\\u00e9phone\",\"type\":\"phone\",\"key\":\"numero_de_telephone_1657638567990\",\"label_pos\":\"above\",\"required\":1,\"default\":\"\",\"placeholder\":\"\",\"container_class\":\"one-half first\",\"element_class\":\"\",\"input_limit\":\"\",\"input_limit_type\":\"characters\",\"input_limit_msg\":\"Character(s) left\",\"manual_key\":\"\",\"admin_label\":\"\",\"help_text\":\"\",\"mask\":\"\",\"custom_mask\":\"\",\"custom_name_attribute\":\"phone \",\"personally_identifiable\":1,\"value\":\"\",\"drawerDisabled\":\"\",\"field_label\":\"Num\\u00e9ro de t\\u00e9l\\u00e9phone\",\"field_key\":\"numero_de_telephone_1657638567990\",\"id\":13,\"beforeField\":\"\",\"afterField\":\"\",\"parentType\":\"textbox\",\"element_templates\":[\"tel\",\"textbox\",\"input\"],\"old_classname\":\"\",\"wrap_template\":\"wrap\"},{\"objectType\":\"Field\",\"objectDomain\":\"fields\",\"editActive\":false,\"order\":4,\"idAttribute\":\"id\",\"type\":\"email\",\"label\":\"Adresse courriel\",\"key\":\"adresse_courriel_1657638578970\",\"label_pos\":\"above\",\"required\":1,\"default\":\"\",\"placeholder\":\"\",\"container_class\":\"one-half second\",\"element_class\":\"\",\"admin_label\":\"\",\"help_text\":\"\",\"custom_name_attribute\":\"email\",\"field_label\":\"Adresse courriel\",\"field_key\":\"adresse_courriel_1657638578970\",\"personally_identifiable\":1,\"value\":\"\",\"drawerDisabled\":\"\",\"id\":14,\"beforeField\":\"\",\"afterField\":\"\",\"parentType\":\"email\",\"element_templates\":[\"email\",\"input\"],\"old_classname\":\"\",\"wrap_template\":\"wrap\"},{\"objectType\":\"Field\",\"objectDomain\":\"fields\",\"editActive\":false,\"order\":5,\"idAttribute\":\"id\",\"type\":\"textarea\",\"label\":\"Commentaires\",\"key\":\"commentaires_1657638586436\",\"label_pos\":\"above\",\"required\":\"\",\"default\":\"\",\"placeholder\":\"\",\"container_class\":\"\",\"element_class\":\"\",\"input_limit\":\"\",\"input_limit_type\":\"characters\",\"input_limit_msg\":\"Character(s) left\",\"manual_key\":\"\",\"admin_label\":\"\",\"help_text\":\"\",\"textarea_rte\":\"\",\"disable_rte_mobile\":\"\",\"textarea_media\":\"\",\"drawerDisabled\":\"\",\"field_label\":\"Commentaires\",\"field_key\":\"commentaires_1657638586436\",\"value\":\"\",\"id\":15,\"beforeField\":\"\",\"afterField\":\"\",\"parentType\":\"textarea\",\"element_templates\":[\"textarea\",\"input\"],\"old_classname\":\"\",\"wrap_template\":\"wrap\"},{\"objectType\":\"Field\",\"objectDomain\":\"fields\",\"editActive\":false,\"order\":6,\"idAttribute\":\"id\",\"type\":\"submit\",\"label\":\"Soumettre\",\"processing_label\":\"En traitement...\",\"container_class\":\"\",\"element_class\":\"\",\"key\":\"soumettre_1658852171975\",\"field_label\":\"Soumettre\",\"field_key\":\"soumettre_1658852171975\",\"drawerDisabled\":\"\",\"id\":16,\"beforeField\":\"\",\"afterField\":\"\",\"value\":\"\",\"label_pos\":\"above\",\"parentType\":\"textbox\",\"element_templates\":[\"submit\",\"button\",\"input\"],\"old_classname\":\"\",\"wrap_template\":\"wrap-no-label\"}];nfForms.push(form);<\/script>\n        \n","protected":false},"excerpt":{"rendered":"<p>New Leaf s\u2019engage \u00e0 faire preuve de transparence et \u00e0 fournir \u00e0 ses intervenants des renseignements et des documents. Les \u00e9tats financiers v\u00e9rifi\u00e9s de New Leaf peuvent \u00eatre consult\u00e9s en&#8230; <a class=\"read-more\" href=\"https:\/\/newleafdebt.ca\/fr\/etats-financiers-audites\/\"> Lire l\u2019article complet  <i class=\"fal fa-angle-double-right\" aria-hidden=\"true\"><\/i><\/a><\/p>\n","protected":false},"author":1,"featured_media":0,"parent":0,"menu_order":0,"comment_status":"closed","ping_status":"closed","template":"","meta":{"_acf_changed":false,"footnotes":""},"categories":[],"tags":[],"class_list":["post-34215","page","type-page","status-publish"],"acf":[],"yoast_head":"<!-- This site is optimized with the Yoast SEO Premium plugin v25.3 (Yoast SEO v25.3) - https:\/\/yoast.com\/wordpress\/plugins\/seo\/ -->\n<title>\u00c9tats financiers audit\u00e9s - New Leaf Debt Solution Fran\u00e7ais<\/title>\n<meta name=\"robots\" content=\"index, follow, max-snippet:-1, max-image-preview:large, max-video-preview:-1\" \/>\n<link rel=\"canonical\" href=\"https:\/\/newleafdebt.ca\/fr\/etats-financiers-audites\/\" \/>\n<meta property=\"og:locale\" content=\"fr_CA\" \/>\n<meta property=\"og:type\" content=\"article\" \/>\n<meta property=\"og:title\" content=\"\u00c9tats financiers audit\u00e9s\" \/>\n<meta property=\"og:description\" content=\"New Leaf s\u2019engage \u00e0 faire preuve de transparence et \u00e0 fournir \u00e0 ses intervenants des renseignements et des documents. Les \u00e9tats financiers v\u00e9rifi\u00e9s de New Leaf peuvent \u00eatre consult\u00e9s en... Lire l\u2019article complet\" \/>\n<meta property=\"og:url\" content=\"https:\/\/newleafdebt.ca\/fr\/etats-financiers-audites\/\" \/>\n<meta property=\"og:site_name\" content=\"New Leaf Debt Solution Fran\u00e7ais\" \/>\n<meta property=\"article:modified_time\" content=\"2023-09-29T18:20:54+00:00\" \/>\n<meta name=\"twitter:card\" content=\"summary_large_image\" \/>\n<meta name=\"twitter:label1\" content=\"Estimation du temps de lecture\" \/>\n\t<meta name=\"twitter:data1\" content=\"1 minute\" \/>\n<!-- \/ Yoast SEO Premium plugin. -->","yoast_head_json":{"title":"\u00c9tats financiers audit\u00e9s - New Leaf Debt Solution Fran\u00e7ais","robots":{"index":"index","follow":"follow","max-snippet":"max-snippet:-1","max-image-preview":"max-image-preview:large","max-video-preview":"max-video-preview:-1"},"canonical":"https:\/\/newleafdebt.ca\/fr\/etats-financiers-audites\/","og_locale":"fr_CA","og_type":"article","og_title":"\u00c9tats financiers audit\u00e9s","og_description":"New Leaf s\u2019engage \u00e0 faire preuve de transparence et \u00e0 fournir \u00e0 ses intervenants des renseignements et des documents. Les \u00e9tats financiers v\u00e9rifi\u00e9s de New Leaf peuvent \u00eatre consult\u00e9s en... Lire l\u2019article complet","og_url":"https:\/\/newleafdebt.ca\/fr\/etats-financiers-audites\/","og_site_name":"New Leaf Debt Solution Fran\u00e7ais","article_modified_time":"2023-09-29T18:20:54+00:00","twitter_card":"summary_large_image","twitter_misc":{"Estimation du temps de lecture":"1 minute"},"schema":{"@context":"https:\/\/schema.org","@graph":[{"@type":"WebPage","@id":"https:\/\/newleafdebt.ca\/fr\/etats-financiers-audites\/","url":"https:\/\/newleafdebt.ca\/fr\/etats-financiers-audites\/","name":"\u00c9tats financiers audit\u00e9s - New Leaf Debt Solution Fran\u00e7ais","isPartOf":{"@id":"https:\/\/newleafdebt.ca\/fr\/#website"},"datePublished":"2023-09-05T17:21:11+00:00","dateModified":"2023-09-29T18:20:54+00:00","breadcrumb":{"@id":"https:\/\/newleafdebt.ca\/fr\/etats-financiers-audites\/#breadcrumb"},"inLanguage":"fr-CA","potentialAction":[{"@type":"ReadAction","target":["https:\/\/newleafdebt.ca\/fr\/etats-financiers-audites\/"]}]},{"@type":"BreadcrumbList","@id":"https:\/\/newleafdebt.ca\/fr\/etats-financiers-audites\/#breadcrumb","itemListElement":[{"@type":"ListItem","position":1,"name":"Accueil","item":"https:\/\/newleafdebt.ca\/fr\/"},{"@type":"ListItem","position":2,"name":"\u00c9tats financiers audit\u00e9s"}]},{"@type":"WebSite","@id":"https:\/\/newleafdebt.ca\/fr\/#website","url":"https:\/\/newleafdebt.ca\/fr\/","name":"New Leaf Debt Solution Fran\u00e7ais","description":"New Leaf Debt Solutions Fran\u00e7ais, Inc.","potentialAction":[{"@type":"SearchAction","target":{"@type":"EntryPoint","urlTemplate":"https:\/\/newleafdebt.ca\/fr\/?s={search_term_string}"},"query-input":{"@type":"PropertyValueSpecification","valueRequired":true,"valueName":"search_term_string"}}],"inLanguage":"fr-CA"}]}},"_links":{"self":[{"href":"https:\/\/newleafdebt.ca\/fr\/wp-json\/wp\/v2\/pages\/34215","targetHints":{"allow":["GET"]}}],"collection":[{"href":"https:\/\/newleafdebt.ca\/fr\/wp-json\/wp\/v2\/pages"}],"about":[{"href":"https:\/\/newleafdebt.ca\/fr\/wp-json\/wp\/v2\/types\/page"}],"author":[{"embeddable":true,"href":"https:\/\/newleafdebt.ca\/fr\/wp-json\/wp\/v2\/users\/1"}],"replies":[{"embeddable":true,"href":"https:\/\/newleafdebt.ca\/fr\/wp-json\/wp\/v2\/comments?post=34215"}],"version-history":[{"count":2,"href":"https:\/\/newleafdebt.ca\/fr\/wp-json\/wp\/v2\/pages\/34215\/revisions"}],"predecessor-version":[{"id":34222,"href":"https:\/\/newleafdebt.ca\/fr\/wp-json\/wp\/v2\/pages\/34215\/revisions\/34222"}],"wp:attachment":[{"href":"https:\/\/newleafdebt.ca\/fr\/wp-json\/wp\/v2\/media?parent=34215"}],"wp:term":[{"taxonomy":"category","embeddable":true,"href":"https:\/\/newleafdebt.ca\/fr\/wp-json\/wp\/v2\/categories?post=34215"},{"taxonomy":"post_tag","embeddable":true,"href":"https:\/\/newleafdebt.ca\/fr\/wp-json\/wp\/v2\/tags?post=34215"}],"curies":[{"name":"wp","href":"https:\/\/api.w.org\/{rel}","templated":true}]}}