{"id":34115,"date":"2021-01-14T15:31:23","date_gmt":"2021-01-14T15:31:23","guid":{"rendered":"https:\/\/staging-newleafdebt.kinsta.cloud\/?page_id=33818"},"modified":"2022-08-05T13:47:55","modified_gmt":"2022-08-05T17:47:55","slug":"calculateurs","status":"publish","type":"page","link":"https:\/\/newleafdebt.ca\/fr\/calculateurs\/","title":{"rendered":"Calculateurs"},"content":{"rendered":"<p>New Leaf Debt Solutions a d\u00e9velopp\u00e9 ces calculateurs financiers gratuits pour vous aider \u00e0 mieux comprendre votre situation financi\u00e8re. Le cr\u00e9dit, la dette et l\u2019\u00e9pargne jouent un r\u00f4le dans la vie de presque tous les Canadiens et la n\u00e9cessit\u00e9 d\u2019une solide \u00e9ducation financi\u00e8re n\u2019a jamais \u00e9t\u00e9 aussi importante qu\u2019aujourd\u2019hui. Nos calculateurs financiers vous donnent la possibilit\u00e9 d\u2019\u00e9pargner plus d\u2019argent, d\u2019estimer les paiements de pr\u00eat et les taux d\u2019int\u00e9r\u00eat, et de vous aider \u00e0 mieux g\u00e9rer vos dettes et vos finances personnelles.<\/p>\n<p><a href=\"https:\/\/newleafdebt.ca\/fr\/calculators\/credit-card-payment-calculator\/\">Calculateur de paiement de carte de cr\u00e9dit \u00bb<\/a><\/p>\n<p><a href=\"https:\/\/newleafdebt.ca\/fr\/calculators\/fixed-payment-credit-card\/\">Carte de cr\u00e9dit \u00e0 paiement fixe \u00bb<\/a><\/p>\n<p><a href=\"https:\/\/newleafdebt.ca\/fr\/calculators\/debt-to-income-ratio-calculator\/\">Calculateur du ratio dette au revenu \u00bb<\/a><\/p>\n<p><a href=\"https:\/\/newleafdebt.ca\/fr\/calculators\/debt-management-calculator\/\">Calculateur de gestion de la dette et estimateur d\u2019\u00e9pargne \u00bb<\/a><\/p>\n<p><a href=\"https:\/\/newleafdebt.ca\/fr\/calculators\/mortgage-payment-calculator\/\">Calculateur de paiement hypoth\u00e9caire \u00bb<\/a><\/p>\n<p><a href=\"https:\/\/newleafdebt.ca\/fr\/calculators\/debt-restructuring-calculator\/\">Calculateur de restructuration de la dette \u00bb<\/a><\/p>\n<p><a href=\"https:\/\/newleafdebt.ca\/fr\/calculators\/credit-score-loan-cost-calculator\/\">Calculateur du co\u00fbt d\u2019un pr\u00eat selon la cote de cr\u00e9dit \u00bb<\/a><\/p>\n<p><a href=\"https:\/\/newleafdebt.ca\/fr\/calculators\/simple-savings-calculator\/\">Calculateur d\u2019\u00e9pargne simple \u00bb<\/a><\/p>\n","protected":false},"excerpt":{"rendered":"<p>New Leaf Debt Solutions a d\u00e9velopp\u00e9 ces calculateurs financiers gratuits pour vous aider \u00e0 mieux comprendre votre situation financi\u00e8re. Le cr\u00e9dit, la dette et l\u2019\u00e9pargne jouent un r\u00f4le dans la&#8230; <a class=\"read-more\" href=\"https:\/\/newleafdebt.ca\/fr\/calculateurs\/\"> Lire l\u2019article complet  <i class=\"fal fa-angle-double-right\" aria-hidden=\"true\"><\/i><\/a><\/p>\n","protected":false},"author":1,"featured_media":0,"parent":0,"menu_order":0,"comment_status":"closed","ping_status":"closed","template":"","meta":{"_acf_changed":false,"footnotes":""},"categories":[],"tags":[],"class_list":["post-34115","page","type-page","status-publish"],"acf":[],"yoast_head":"<!-- This site is optimized with the Yoast SEO Premium plugin v25.3 (Yoast SEO v25.3) - https:\/\/yoast.com\/wordpress\/plugins\/seo\/ -->\n<title>Calculateurs - New Leaf Debt Solution Fran\u00e7ais<\/title>\n<meta name=\"robots\" content=\"index, follow, max-snippet:-1, max-image-preview:large, max-video-preview:-1\" \/>\n<link rel=\"canonical\" href=\"https:\/\/newleafdebt.ca\/fr\/calculateurs\/\" \/>\n<meta property=\"og:locale\" content=\"fr_CA\" \/>\n<meta property=\"og:type\" content=\"article\" \/>\n<meta property=\"og:title\" content=\"Calculateurs\" \/>\n<meta property=\"og:description\" content=\"New Leaf Debt Solutions a d\u00e9velopp\u00e9 ces calculateurs financiers gratuits pour vous aider \u00e0 mieux comprendre votre situation financi\u00e8re. Le cr\u00e9dit, la dette et l\u2019\u00e9pargne jouent un r\u00f4le dans la... Lire l\u2019article complet\" \/>\n<meta property=\"og:url\" content=\"https:\/\/newleafdebt.ca\/fr\/calculateurs\/\" \/>\n<meta property=\"og:site_name\" content=\"New Leaf Debt Solution Fran\u00e7ais\" \/>\n<meta property=\"article:modified_time\" content=\"2022-08-05T17:47:55+00:00\" \/>\n<meta name=\"twitter:card\" content=\"summary_large_image\" \/>\n<meta name=\"twitter:label1\" content=\"Estimation du temps de lecture\" \/>\n\t<meta name=\"twitter:data1\" content=\"1 minute\" \/>\n<!-- \/ Yoast SEO Premium plugin. -->","yoast_head_json":{"title":"Calculateurs - New Leaf Debt Solution Fran\u00e7ais","robots":{"index":"index","follow":"follow","max-snippet":"max-snippet:-1","max-image-preview":"max-image-preview:large","max-video-preview":"max-video-preview:-1"},"canonical":"https:\/\/newleafdebt.ca\/fr\/calculateurs\/","og_locale":"fr_CA","og_type":"article","og_title":"Calculateurs","og_description":"New Leaf Debt Solutions a d\u00e9velopp\u00e9 ces calculateurs financiers gratuits pour vous aider \u00e0 mieux comprendre votre situation financi\u00e8re. Le cr\u00e9dit, la dette et l\u2019\u00e9pargne jouent un r\u00f4le dans la... Lire l\u2019article complet","og_url":"https:\/\/newleafdebt.ca\/fr\/calculateurs\/","og_site_name":"New Leaf Debt Solution Fran\u00e7ais","article_modified_time":"2022-08-05T17:47:55+00:00","twitter_card":"summary_large_image","twitter_misc":{"Estimation du temps de lecture":"1 minute"},"schema":{"@context":"https:\/\/schema.org","@graph":[{"@type":"WebPage","@id":"https:\/\/newleafdebt.ca\/fr\/calculateurs\/","url":"https:\/\/newleafdebt.ca\/fr\/calculateurs\/","name":"Calculateurs - New Leaf Debt Solution Fran\u00e7ais","isPartOf":{"@id":"https:\/\/newleafdebt.ca\/fr\/#website"},"datePublished":"2021-01-14T15:31:23+00:00","dateModified":"2022-08-05T17:47:55+00:00","breadcrumb":{"@id":"https:\/\/newleafdebt.ca\/fr\/calculateurs\/#breadcrumb"},"inLanguage":"fr-CA","potentialAction":[{"@type":"ReadAction","target":["https:\/\/newleafdebt.ca\/fr\/calculateurs\/"]}]},{"@type":"BreadcrumbList","@id":"https:\/\/newleafdebt.ca\/fr\/calculateurs\/#breadcrumb","itemListElement":[{"@type":"ListItem","position":1,"name":"Accueil","item":"https:\/\/newleafdebt.ca\/fr\/"},{"@type":"ListItem","position":2,"name":"Calculateurs"}]},{"@type":"WebSite","@id":"https:\/\/newleafdebt.ca\/fr\/#website","url":"https:\/\/newleafdebt.ca\/fr\/","name":"New Leaf Debt Solution Fran\u00e7ais","description":"New Leaf Debt Solutions Fran\u00e7ais, Inc.","potentialAction":[{"@type":"SearchAction","target":{"@type":"EntryPoint","urlTemplate":"https:\/\/newleafdebt.ca\/fr\/?s={search_term_string}"},"query-input":{"@type":"PropertyValueSpecification","valueRequired":true,"valueName":"search_term_string"}}],"inLanguage":"fr-CA"}]}},"_links":{"self":[{"href":"https:\/\/newleafdebt.ca\/fr\/wp-json\/wp\/v2\/pages\/34115","targetHints":{"allow":["GET"]}}],"collection":[{"href":"https:\/\/newleafdebt.ca\/fr\/wp-json\/wp\/v2\/pages"}],"about":[{"href":"https:\/\/newleafdebt.ca\/fr\/wp-json\/wp\/v2\/types\/page"}],"author":[{"embeddable":true,"href":"https:\/\/newleafdebt.ca\/fr\/wp-json\/wp\/v2\/users\/1"}],"replies":[{"embeddable":true,"href":"https:\/\/newleafdebt.ca\/fr\/wp-json\/wp\/v2\/comments?post=34115"}],"version-history":[{"count":2,"href":"https:\/\/newleafdebt.ca\/fr\/wp-json\/wp\/v2\/pages\/34115\/revisions"}],"predecessor-version":[{"id":34139,"href":"https:\/\/newleafdebt.ca\/fr\/wp-json\/wp\/v2\/pages\/34115\/revisions\/34139"}],"wp:attachment":[{"href":"https:\/\/newleafdebt.ca\/fr\/wp-json\/wp\/v2\/media?parent=34115"}],"wp:term":[{"taxonomy":"category","embeddable":true,"href":"https:\/\/newleafdebt.ca\/fr\/wp-json\/wp\/v2\/categories?post=34115"},{"taxonomy":"post_tag","embeddable":true,"href":"https:\/\/newleafdebt.ca\/fr\/wp-json\/wp\/v2\/tags?post=34115"}],"curies":[{"name":"wp","href":"https:\/\/api.w.org\/{rel}","templated":true}]}}