{"id":34114,"date":"2021-01-07T16:39:04","date_gmt":"2021-01-07T16:39:04","guid":{"rendered":"https:\/\/staging-newleafdebt.kinsta.cloud\/?page_id=33814"},"modified":"2022-08-05T15:36:37","modified_gmt":"2022-08-05T15:36:37","slug":"credit-score-loan-cost-calculator","status":"publish","type":"page","link":"https:\/\/newleafdebt.ca\/fr\/calculateurs\/credit-score-loan-cost-calculator\/","title":{"rendered":"Calculatrice du co\u00fbt d\u2019un pr\u00eat selon la cote de cr\u00e9dit"},"content":{"rendered":"<p><strong>D\u00e9couvrez exactement combien une mauvaise cote de cr\u00e9dit peut vous co\u00fbter?<\/strong><\/p>\n<p>Vous paierez beaucoup plus pour vos pr\u00eats avec un mauvais cr\u00e9dit et les taux d\u2019int\u00e9r\u00eat \u00e9lev\u00e9s associ\u00e9s. Mais savez-vous ce qu\u2019est exactement une mauvaise cote de cr\u00e9dit et combien il peut vous co\u00fbter sur la vie des pr\u00eats que vous prenez?<\/p>\n<p>Pour aider les consommateurs \u00e0 comprendre le co\u00fbt d\u2019une mauvaise cote de cr\u00e9dit, nous avons cr\u00e9\u00e9 la calculatrice ci-dessous pour comparer les co\u00fbts des pr\u00eats en fonction de diff\u00e9rentes cotes de cr\u00e9dit. Vous pouvez saisir divers pr\u00eats et montants de pr\u00eat, puis voir combien il vous en co\u00fbtera, en fonction des cotes de cr\u00e9dit.<\/p>\n<p>Si les dettes \u00e0 taux d\u2019int\u00e9r\u00eat \u00e9lev\u00e9 vous emp\u00eachent d\u2019obtenir la cote de cr\u00e9dit dont vous avez besoin, parler \u00e0 un conseiller en cr\u00e9dit est une bonne premi\u00e8re \u00e9tape \u00e0 prendre. T\u00e9l\u00e9phonez \u00e0 New Leaf Debt Solutions d\u00e8s aujourd\u2019hui au <a class=\"noretreaver-phone-click no-animation\" href=\"tel:844-953-2854\"><span class=\"notracking-phone\">(844) 953-2854<\/span><\/a> et commencez \u00e0 prendre des mesures pour am\u00e9liorer vos cotes de cr\u00e9dit d\u00e8s aujourd\u2019hui. Autrement, vous pouvez commencer d\u00e8s maintenant en demandant une analyse de la dette en ligne gratuite.<\/p>\n","protected":false},"excerpt":{"rendered":"<p>D\u00e9couvrez exactement combien une mauvaise cote de cr\u00e9dit peut vous co\u00fbter? Vous paierez beaucoup plus pour vos pr\u00eats avec un mauvais cr\u00e9dit et les taux d\u2019int\u00e9r\u00eat \u00e9lev\u00e9s associ\u00e9s. Mais savez-vous&#8230; <a class=\"read-more\" href=\"https:\/\/newleafdebt.ca\/fr\/calculateurs\/credit-score-loan-cost-calculator\/\"> Lire l\u2019article complet  <i class=\"fal fa-angle-double-right\" aria-hidden=\"true\"><\/i><\/a><\/p>\n","protected":false},"author":1,"featured_media":0,"parent":34115,"menu_order":0,"comment_status":"closed","ping_status":"closed","template":"","meta":{"_acf_changed":false,"footnotes":""},"categories":[],"tags":[],"class_list":["post-34114","page","type-page","status-publish"],"acf":[],"yoast_head":"<!-- This site is optimized with the Yoast SEO Premium plugin v25.3 (Yoast SEO v25.3) - https:\/\/yoast.com\/wordpress\/plugins\/seo\/ -->\n<title>Calculatrice du co\u00fbt d\u2019un pr\u00eat selon la cote de cr\u00e9dit - New Leaf Debt Solution Fran\u00e7ais<\/title>\n<meta name=\"robots\" content=\"index, follow, max-snippet:-1, max-image-preview:large, max-video-preview:-1\" \/>\n<link rel=\"canonical\" href=\"https:\/\/newleafdebt.ca\/fr\/calculateurs\/credit-score-loan-cost-calculator\/\" \/>\n<meta property=\"og:locale\" content=\"fr_CA\" \/>\n<meta property=\"og:type\" content=\"article\" \/>\n<meta property=\"og:title\" content=\"Calculatrice du co\u00fbt d\u2019un pr\u00eat selon la cote de cr\u00e9dit\" \/>\n<meta property=\"og:description\" content=\"D\u00e9couvrez exactement combien une mauvaise cote de cr\u00e9dit peut vous co\u00fbter? Vous paierez beaucoup plus pour vos pr\u00eats avec un mauvais cr\u00e9dit et les taux d\u2019int\u00e9r\u00eat \u00e9lev\u00e9s associ\u00e9s. Mais savez-vous... Lire l\u2019article complet\" \/>\n<meta property=\"og:url\" content=\"https:\/\/newleafdebt.ca\/fr\/calculateurs\/credit-score-loan-cost-calculator\/\" \/>\n<meta property=\"og:site_name\" content=\"New Leaf Debt Solution Fran\u00e7ais\" \/>\n<meta property=\"article:modified_time\" content=\"2022-08-05T15:36:37+00:00\" \/>\n<meta name=\"twitter:card\" content=\"summary_large_image\" \/>\n<meta name=\"twitter:label1\" content=\"Estimation du temps de lecture\" \/>\n\t<meta name=\"twitter:data1\" content=\"1 minute\" \/>\n<!-- \/ Yoast SEO Premium plugin. -->","yoast_head_json":{"title":"Calculatrice du co\u00fbt d\u2019un pr\u00eat selon la cote de cr\u00e9dit - New Leaf Debt Solution Fran\u00e7ais","robots":{"index":"index","follow":"follow","max-snippet":"max-snippet:-1","max-image-preview":"max-image-preview:large","max-video-preview":"max-video-preview:-1"},"canonical":"https:\/\/newleafdebt.ca\/fr\/calculateurs\/credit-score-loan-cost-calculator\/","og_locale":"fr_CA","og_type":"article","og_title":"Calculatrice du co\u00fbt d\u2019un pr\u00eat selon la cote de cr\u00e9dit","og_description":"D\u00e9couvrez exactement combien une mauvaise cote de cr\u00e9dit peut vous co\u00fbter? Vous paierez beaucoup plus pour vos pr\u00eats avec un mauvais cr\u00e9dit et les taux d\u2019int\u00e9r\u00eat \u00e9lev\u00e9s associ\u00e9s. Mais savez-vous... Lire l\u2019article complet","og_url":"https:\/\/newleafdebt.ca\/fr\/calculateurs\/credit-score-loan-cost-calculator\/","og_site_name":"New Leaf Debt Solution Fran\u00e7ais","article_modified_time":"2022-08-05T15:36:37+00:00","twitter_card":"summary_large_image","twitter_misc":{"Estimation du temps de lecture":"1 minute"},"schema":{"@context":"https:\/\/schema.org","@graph":[{"@type":"WebPage","@id":"https:\/\/newleafdebt.ca\/fr\/calculateurs\/credit-score-loan-cost-calculator\/","url":"https:\/\/newleafdebt.ca\/fr\/calculateurs\/credit-score-loan-cost-calculator\/","name":"Calculatrice du co\u00fbt d\u2019un pr\u00eat selon la cote de cr\u00e9dit - New Leaf Debt Solution Fran\u00e7ais","isPartOf":{"@id":"https:\/\/newleafdebt.ca\/fr\/#website"},"datePublished":"2021-01-07T16:39:04+00:00","dateModified":"2022-08-05T15:36:37+00:00","breadcrumb":{"@id":"https:\/\/newleafdebt.ca\/fr\/calculateurs\/credit-score-loan-cost-calculator\/#breadcrumb"},"inLanguage":"fr-CA","potentialAction":[{"@type":"ReadAction","target":["https:\/\/newleafdebt.ca\/fr\/calculateurs\/credit-score-loan-cost-calculator\/"]}]},{"@type":"BreadcrumbList","@id":"https:\/\/newleafdebt.ca\/fr\/calculateurs\/credit-score-loan-cost-calculator\/#breadcrumb","itemListElement":[{"@type":"ListItem","position":1,"name":"Accueil","item":"https:\/\/newleafdebt.ca\/fr\/"},{"@type":"ListItem","position":2,"name":"Calculateurs","item":"https:\/\/newleafdebt.ca\/fr\/calculateurs\/"},{"@type":"ListItem","position":3,"name":"Calculatrice du co\u00fbt d\u2019un pr\u00eat selon la cote de cr\u00e9dit"}]},{"@type":"WebSite","@id":"https:\/\/newleafdebt.ca\/fr\/#website","url":"https:\/\/newleafdebt.ca\/fr\/","name":"New Leaf Debt Solution Fran\u00e7ais","description":"New Leaf Debt Solutions Fran\u00e7ais, Inc.","potentialAction":[{"@type":"SearchAction","target":{"@type":"EntryPoint","urlTemplate":"https:\/\/newleafdebt.ca\/fr\/?s={search_term_string}"},"query-input":{"@type":"PropertyValueSpecification","valueRequired":true,"valueName":"search_term_string"}}],"inLanguage":"fr-CA"}]}},"_links":{"self":[{"href":"https:\/\/newleafdebt.ca\/fr\/wp-json\/wp\/v2\/pages\/34114","targetHints":{"allow":["GET"]}}],"collection":[{"href":"https:\/\/newleafdebt.ca\/fr\/wp-json\/wp\/v2\/pages"}],"about":[{"href":"https:\/\/newleafdebt.ca\/fr\/wp-json\/wp\/v2\/types\/page"}],"author":[{"embeddable":true,"href":"https:\/\/newleafdebt.ca\/fr\/wp-json\/wp\/v2\/users\/1"}],"replies":[{"embeddable":true,"href":"https:\/\/newleafdebt.ca\/fr\/wp-json\/wp\/v2\/comments?post=34114"}],"version-history":[{"count":1,"href":"https:\/\/newleafdebt.ca\/fr\/wp-json\/wp\/v2\/pages\/34114\/revisions"}],"predecessor-version":[{"id":34146,"href":"https:\/\/newleafdebt.ca\/fr\/wp-json\/wp\/v2\/pages\/34114\/revisions\/34146"}],"up":[{"embeddable":true,"href":"https:\/\/newleafdebt.ca\/fr\/wp-json\/wp\/v2\/pages\/34115"}],"wp:attachment":[{"href":"https:\/\/newleafdebt.ca\/fr\/wp-json\/wp\/v2\/media?parent=34114"}],"wp:term":[{"taxonomy":"category","embeddable":true,"href":"https:\/\/newleafdebt.ca\/fr\/wp-json\/wp\/v2\/categories?post=34114"},{"taxonomy":"post_tag","embeddable":true,"href":"https:\/\/newleafdebt.ca\/fr\/wp-json\/wp\/v2\/tags?post=34114"}],"curies":[{"name":"wp","href":"https:\/\/api.w.org\/{rel}","templated":true}]}}