{"id":34113,"date":"2021-01-07T16:38:18","date_gmt":"2021-01-07T16:38:18","guid":{"rendered":"https:\/\/staging-newleafdebt.kinsta.cloud\/?page_id=33812"},"modified":"2022-08-05T15:36:38","modified_gmt":"2022-08-05T15:36:38","slug":"simple-savings-calculator","status":"publish","type":"page","link":"https:\/\/newleafdebt.ca\/fr\/calculateurs\/simple-savings-calculator\/","title":{"rendered":"Calculateur d\u2019\u00e9pargne simple"},"content":{"rendered":"<p>La stabilit\u00e9 financi\u00e8re pour vous et votre famille d\u00e9pend souvent du montant de votre \u00e9pargne. Mais comment vous assurer que vous maximisez votre potentiel d\u2019\u00e9pargne chaque mois?<\/p>\n<p>Ce simple calculateur d\u2019\u00e9pargne que nous avons cr\u00e9\u00e9 peut vous aider \u00e0 \u00e9laborer un plan d\u2019\u00e9pargne stable et durable.<\/p>\n<p>Cependant, il peut s\u2019av\u00e9rer presque impossible d\u2019\u00e9pargner suffisamment lorsque vous devez effectuer chaque mois des paiements importants sur des cartes de cr\u00e9dit \u00e0 taux d\u2019int\u00e9r\u00eat \u00e9lev\u00e9. Si vous avez du mal \u00e0 \u00e9conomiser 10 % de votre salaire, il serait bon de demander conseil \u00e0 un conseiller en cr\u00e9dit qualifi\u00e9. Il vous aidera \u00e0 r\u00e9duire votre dette de carte de cr\u00e9dit et \u00e0 \u00e9laborer un plan de d\u00e9penses pour vous aider \u00e0 \u00e9pargner maintenant et \u00e0 l\u2019avenir. T\u00e9l\u00e9phonez-nous au <a class=\"noretreaver-phone-click no-animation\" href=\"tel:844-953-2854\"><span class=\"notracking-phone\">(844) 953-2854<\/span><\/a> ou commencez en ligne avec une analyse gratuite du budget et des dettes.<\/p>\n","protected":false},"excerpt":{"rendered":"<p>La stabilit\u00e9 financi\u00e8re pour vous et votre famille d\u00e9pend souvent du montant de votre \u00e9pargne. Mais comment vous assurer que vous maximisez votre potentiel d\u2019\u00e9pargne chaque mois? Ce simple calculateur&#8230; <a class=\"read-more\" href=\"https:\/\/newleafdebt.ca\/fr\/calculateurs\/simple-savings-calculator\/\"> Lire l\u2019article complet  <i class=\"fal fa-angle-double-right\" aria-hidden=\"true\"><\/i><\/a><\/p>\n","protected":false},"author":1,"featured_media":0,"parent":34115,"menu_order":0,"comment_status":"closed","ping_status":"closed","template":"","meta":{"_acf_changed":false,"footnotes":""},"categories":[],"tags":[],"class_list":["post-34113","page","type-page","status-publish"],"acf":[],"yoast_head":"<!-- This site is optimized with the Yoast SEO Premium plugin v25.3 (Yoast SEO v25.3) - https:\/\/yoast.com\/wordpress\/plugins\/seo\/ -->\n<title>Calculateur d\u2019\u00e9pargne simple - New Leaf Debt Solution Fran\u00e7ais<\/title>\n<meta name=\"robots\" content=\"index, follow, max-snippet:-1, max-image-preview:large, max-video-preview:-1\" \/>\n<link rel=\"canonical\" href=\"https:\/\/newleafdebt.ca\/fr\/calculateurs\/simple-savings-calculator\/\" \/>\n<meta property=\"og:locale\" content=\"fr_CA\" \/>\n<meta property=\"og:type\" content=\"article\" \/>\n<meta property=\"og:title\" content=\"Calculateur d\u2019\u00e9pargne simple\" \/>\n<meta property=\"og:description\" content=\"La stabilit\u00e9 financi\u00e8re pour vous et votre famille d\u00e9pend souvent du montant de votre \u00e9pargne. Mais comment vous assurer que vous maximisez votre potentiel d\u2019\u00e9pargne chaque mois? Ce simple calculateur... Lire l\u2019article complet\" \/>\n<meta property=\"og:url\" content=\"https:\/\/newleafdebt.ca\/fr\/calculateurs\/simple-savings-calculator\/\" \/>\n<meta property=\"og:site_name\" content=\"New Leaf Debt Solution Fran\u00e7ais\" \/>\n<meta property=\"article:modified_time\" content=\"2022-08-05T15:36:38+00:00\" \/>\n<meta name=\"twitter:card\" content=\"summary_large_image\" \/>\n<meta name=\"twitter:label1\" content=\"Estimation du temps de lecture\" \/>\n\t<meta name=\"twitter:data1\" content=\"1 minute\" \/>\n<!-- \/ Yoast SEO Premium plugin. -->","yoast_head_json":{"title":"Calculateur d\u2019\u00e9pargne simple - New Leaf Debt Solution Fran\u00e7ais","robots":{"index":"index","follow":"follow","max-snippet":"max-snippet:-1","max-image-preview":"max-image-preview:large","max-video-preview":"max-video-preview:-1"},"canonical":"https:\/\/newleafdebt.ca\/fr\/calculateurs\/simple-savings-calculator\/","og_locale":"fr_CA","og_type":"article","og_title":"Calculateur d\u2019\u00e9pargne simple","og_description":"La stabilit\u00e9 financi\u00e8re pour vous et votre famille d\u00e9pend souvent du montant de votre \u00e9pargne. Mais comment vous assurer que vous maximisez votre potentiel d\u2019\u00e9pargne chaque mois? Ce simple calculateur... Lire l\u2019article complet","og_url":"https:\/\/newleafdebt.ca\/fr\/calculateurs\/simple-savings-calculator\/","og_site_name":"New Leaf Debt Solution Fran\u00e7ais","article_modified_time":"2022-08-05T15:36:38+00:00","twitter_card":"summary_large_image","twitter_misc":{"Estimation du temps de lecture":"1 minute"},"schema":{"@context":"https:\/\/schema.org","@graph":[{"@type":"WebPage","@id":"https:\/\/newleafdebt.ca\/fr\/calculateurs\/simple-savings-calculator\/","url":"https:\/\/newleafdebt.ca\/fr\/calculateurs\/simple-savings-calculator\/","name":"Calculateur d\u2019\u00e9pargne simple - New Leaf Debt Solution Fran\u00e7ais","isPartOf":{"@id":"https:\/\/newleafdebt.ca\/fr\/#website"},"datePublished":"2021-01-07T16:38:18+00:00","dateModified":"2022-08-05T15:36:38+00:00","breadcrumb":{"@id":"https:\/\/newleafdebt.ca\/fr\/calculateurs\/simple-savings-calculator\/#breadcrumb"},"inLanguage":"fr-CA","potentialAction":[{"@type":"ReadAction","target":["https:\/\/newleafdebt.ca\/fr\/calculateurs\/simple-savings-calculator\/"]}]},{"@type":"BreadcrumbList","@id":"https:\/\/newleafdebt.ca\/fr\/calculateurs\/simple-savings-calculator\/#breadcrumb","itemListElement":[{"@type":"ListItem","position":1,"name":"Accueil","item":"https:\/\/newleafdebt.ca\/fr\/"},{"@type":"ListItem","position":2,"name":"Calculateurs","item":"https:\/\/newleafdebt.ca\/fr\/calculateurs\/"},{"@type":"ListItem","position":3,"name":"Calculateur d\u2019\u00e9pargne simple"}]},{"@type":"WebSite","@id":"https:\/\/newleafdebt.ca\/fr\/#website","url":"https:\/\/newleafdebt.ca\/fr\/","name":"New Leaf Debt Solution Fran\u00e7ais","description":"New Leaf Debt Solutions Fran\u00e7ais, Inc.","potentialAction":[{"@type":"SearchAction","target":{"@type":"EntryPoint","urlTemplate":"https:\/\/newleafdebt.ca\/fr\/?s={search_term_string}"},"query-input":{"@type":"PropertyValueSpecification","valueRequired":true,"valueName":"search_term_string"}}],"inLanguage":"fr-CA"}]}},"_links":{"self":[{"href":"https:\/\/newleafdebt.ca\/fr\/wp-json\/wp\/v2\/pages\/34113","targetHints":{"allow":["GET"]}}],"collection":[{"href":"https:\/\/newleafdebt.ca\/fr\/wp-json\/wp\/v2\/pages"}],"about":[{"href":"https:\/\/newleafdebt.ca\/fr\/wp-json\/wp\/v2\/types\/page"}],"author":[{"embeddable":true,"href":"https:\/\/newleafdebt.ca\/fr\/wp-json\/wp\/v2\/users\/1"}],"replies":[{"embeddable":true,"href":"https:\/\/newleafdebt.ca\/fr\/wp-json\/wp\/v2\/comments?post=34113"}],"version-history":[{"count":1,"href":"https:\/\/newleafdebt.ca\/fr\/wp-json\/wp\/v2\/pages\/34113\/revisions"}],"predecessor-version":[{"id":34140,"href":"https:\/\/newleafdebt.ca\/fr\/wp-json\/wp\/v2\/pages\/34113\/revisions\/34140"}],"up":[{"embeddable":true,"href":"https:\/\/newleafdebt.ca\/fr\/wp-json\/wp\/v2\/pages\/34115"}],"wp:attachment":[{"href":"https:\/\/newleafdebt.ca\/fr\/wp-json\/wp\/v2\/media?parent=34113"}],"wp:term":[{"taxonomy":"category","embeddable":true,"href":"https:\/\/newleafdebt.ca\/fr\/wp-json\/wp\/v2\/categories?post=34113"},{"taxonomy":"post_tag","embeddable":true,"href":"https:\/\/newleafdebt.ca\/fr\/wp-json\/wp\/v2\/tags?post=34113"}],"curies":[{"name":"wp","href":"https:\/\/api.w.org\/{rel}","templated":true}]}}