{"id":34112,"date":"2021-01-07T16:37:14","date_gmt":"2021-01-07T16:37:14","guid":{"rendered":"https:\/\/staging-newleafdebt.kinsta.cloud\/?page_id=33809"},"modified":"2022-08-05T15:36:39","modified_gmt":"2022-08-05T15:36:39","slug":"debt-restructuring-calculator","status":"publish","type":"page","link":"https:\/\/newleafdebt.ca\/fr\/calculateurs\/debt-restructuring-calculator\/","title":{"rendered":"Calculateur de restructuration de la dette"},"content":{"rendered":"<p><strong>Voyez comme il est facile d\u2019\u00e9liminer vos dettes plus rapidement en mettant en \u00e9tablissant des paiements bihebdomadaires.<\/strong><\/p>\n<p>Notre calculateur bihebdomadaire ne vous montre pas seulement comment \u00e9conomiser de l\u2019argent sur le remboursement de vos dettes. Il peut \u00e9galement vous aider \u00e0 \u00e9laborer un plan pour vous lib\u00e9rer de vos dettes. Vous savez probablement d\u00e9j\u00e0 que payer les paiements minimums sur les soldes de cartes de cr\u00e9dit est un pi\u00e8ge. Les taux d\u2019int\u00e9r\u00eat annuels sont si \u00e9lev\u00e9s (15 \u00e0 29 %) et les paiements si faibles (2 \u00e0 5 %) que le remboursement int\u00e9gral des soldes peut prendre des d\u00e9cennies.<\/p>\n<p>\u00c9tablir un plan de paiement bihebdomadaire peut contribuer \u00e0 acc\u00e9l\u00e9rer le d\u00e9lai de remboursement de votre dette. Un moyen simple et peu connu d\u2019y parvenir est de commencer \u00e0 utiliser un plan de paiement bihebdomadaire. De cette fa\u00e7on, vous obtiendrez deux paiements suppl\u00e9mentaires chaque ann\u00e9e, ce qui \u00e9liminera la dette plus rapidement.<\/p>\n<p><strong>Comment fonctionne un calendrier de paiement \u00e0 la quinzaine?<\/strong><\/p>\n<p>Un calendrier bihebdomadaire vous permettra d\u2019\u00e9conomiser du temps et des frais d\u2019int\u00e9r\u00eat. Ce calculateur peut vous aider \u00e0 d\u00e9terminer la meilleure solution pour votre situation financi\u00e8re. Organiser vos dettes du taux d\u2019int\u00e9r\u00eat le plus \u00e9lev\u00e9 au taux le plus bas et commencer \u00e0 travailler pour rembourser vos dettes rapidement et efficacement.<\/p>\n<p>Voici comment cela fonctionne:<\/p>\n<ol>\n<li>Un calendrier de paiement mensuel comprend 12 paiements<\/li>\n<li>Dans le cas d\u2019un plan de paiement bihebdomadaire, le montant du paiement est environ la moiti\u00e9 de celui d\u2019un plan mensuel.<\/li>\n<li>Avec un calendrier de paiement toutes les deux semaines, vous effectuerez en fait 26 paiements par an (52 semaines dans l\u2019ann\u00e9e, divis\u00e9es par 2).<\/li>\n<li>Bien que vos paiements soient la moiti\u00e9 de ce que vous payeriez avec un plan mensuel (12 paiements), avec un plan de paiement toutes les deux semaines (26 paiements), vous rembourserez plus de dettes chaque ann\u00e9e.<\/li>\n<\/ol>\n<p>Un remboursement plus rapide des dettes signifie que vous \u00e9conomisez de l\u2019argent sur les frais d\u2019int\u00e9r\u00eat. Comme les int\u00e9r\u00eats s\u2019accumulent chaque mois, la restructuration avec un plan de paiement bihebdomadaire signifie que moins de frais d\u2019int\u00e9r\u00eat sont ajout\u00e9s \u00e0 votre facture.<\/p>\n<p><strong>Pourquoi utiliser une m\u00e9thode de remboursement par quinzaine?<\/strong><\/p>\n<p>Chaque ann\u00e9e o\u00f9 vous vous en tenez \u00e0 un plan de paiement bihebdomadaire, cela \u00e9quivaut \u00e0 un mois d\u2019int\u00e9r\u00eat en moins. Cela peut se traduire par d\u2019\u00e9normes \u00e9conomies sur des pr\u00eats tels que les hypoth\u00e8ques et les cartes de cr\u00e9dit. Dans le cas d\u2019un pr\u00eat automobile de 4 ans, cela signifie que vous pourriez rembourser t\u00f4t la troisi\u00e8me ann\u00e9e du pr\u00eat. Dans le cas d\u2019un pr\u00eat hypoth\u00e9caire, un plan de paiement toutes les deux semaines pourrait vous faire \u00e9conomiser des milliers de dollars et le pr\u00eat \u00eatre rembours\u00e9 des ann\u00e9es plus t\u00f4t.<\/p>\n<p>Essayez de le faire avec votre dette \u00e0 taux d\u2019int\u00e9r\u00eat le plus \u00e9lev\u00e9 si vous voulez r\u00e9duire le montant total des int\u00e9r\u00eats et des paiements. Nous disposons \u00e9galement d\u2019un calculateur de pr\u00eat que vous pouvez utiliser pour savoir si vous pouvez vous permettre de vous endetter davantage. Prenez une minute pour comparer les co\u00fbts des paiements mensuels par rapport aux paiements bihebdomadaires. Vous remarquerez que le solde du capital commencera \u00e0 diminuer, et tr\u00e8s vite, vous \u00e9conomiserez de l\u2019argent sur les frais d\u2019int\u00e9r\u00eat.<\/p>\n<p>Ce calculateur a \u00e9t\u00e9 con\u00e7u pour vous aider \u00e0 d\u00e9cider si le passage \u00e0 un horaire bihebdomadaire est une bonne option pour vous. Si c\u2019est le cas, appelez vos pr\u00eateurs et demandez-leur s\u2019ils sont pr\u00eats \u00e0 adapter votre calendrier de paiement. Si vous souhaitez inclure de multiples pr\u00eats dans un paiement bihebdomadaire, vous devriez chercher une organisation de restructuration de dettes r\u00e9put\u00e9e pour \u00e9tablir cela pour vous.<\/p>\n<p>N\u2019oubliez pas que la restructuration et la consolidation des dettes ne sont pas les m\u00eames choses. La restructuration ne permet pas d\u2019\u00e9conomiser de l\u2019argent pour chaque paiement ou chaque ann\u00e9e. \u00c0 long terme, l\u2019\u00e9limination de vos dettes pourrait vous co\u00fbter un peu plus cher. La consolidation, en revanche, r\u00e9duit vos paiements mensuels et facilite le remboursement de vos dettes tout en respectant votre budget. Si vous souhaitez en savoir plus, parlez \u00e0 un conseiller en cr\u00e9dit d\u00e8s aujourd\u2019hui en appelant le <a class=\"noretreaver-phone-click no-animation\" href=\"tel:844-953-2854\"><span class=\"notracking-phone\">(844) 953-2854<\/span><\/a> ou commencez d\u00e8s aujourd\u2019hui avec un formulaire d\u2019analyse de la dette en ligne.<\/p>\n","protected":false},"excerpt":{"rendered":"<p>Voyez comme il est facile d\u2019\u00e9liminer vos dettes plus rapidement en mettant en \u00e9tablissant des paiements bihebdomadaires. Notre calculateur bihebdomadaire ne vous montre pas seulement comment \u00e9conomiser de l\u2019argent sur&#8230; <a class=\"read-more\" href=\"https:\/\/newleafdebt.ca\/fr\/calculateurs\/debt-restructuring-calculator\/\"> Lire l\u2019article complet  <i class=\"fal fa-angle-double-right\" aria-hidden=\"true\"><\/i><\/a><\/p>\n","protected":false},"author":1,"featured_media":0,"parent":34115,"menu_order":0,"comment_status":"closed","ping_status":"closed","template":"","meta":{"_acf_changed":false,"footnotes":""},"categories":[],"tags":[],"class_list":["post-34112","page","type-page","status-publish"],"acf":[],"yoast_head":"<!-- This site is optimized with the Yoast SEO Premium plugin v25.3 (Yoast SEO v25.3) - https:\/\/yoast.com\/wordpress\/plugins\/seo\/ -->\n<title>Calculateur de restructuration de la dette - New Leaf Debt Solution Fran\u00e7ais<\/title>\n<meta name=\"robots\" content=\"index, follow, max-snippet:-1, max-image-preview:large, max-video-preview:-1\" \/>\n<link rel=\"canonical\" href=\"https:\/\/newleafdebt.ca\/fr\/calculateurs\/debt-restructuring-calculator\/\" \/>\n<meta property=\"og:locale\" content=\"fr_CA\" \/>\n<meta property=\"og:type\" content=\"article\" \/>\n<meta property=\"og:title\" content=\"Calculateur de restructuration de la dette\" \/>\n<meta property=\"og:description\" content=\"Voyez comme il est facile d\u2019\u00e9liminer vos dettes plus rapidement en mettant en \u00e9tablissant des paiements bihebdomadaires. Notre calculateur bihebdomadaire ne vous montre pas seulement comment \u00e9conomiser de l\u2019argent sur... Lire l\u2019article complet\" \/>\n<meta property=\"og:url\" content=\"https:\/\/newleafdebt.ca\/fr\/calculateurs\/debt-restructuring-calculator\/\" \/>\n<meta property=\"og:site_name\" content=\"New Leaf Debt Solution Fran\u00e7ais\" \/>\n<meta property=\"article:modified_time\" content=\"2022-08-05T15:36:39+00:00\" \/>\n<meta name=\"twitter:card\" content=\"summary_large_image\" \/>\n<meta name=\"twitter:label1\" content=\"Estimation du temps de lecture\" \/>\n\t<meta name=\"twitter:data1\" content=\"4 minutes\" \/>\n<!-- \/ Yoast SEO Premium plugin. -->","yoast_head_json":{"title":"Calculateur de restructuration de la dette - New Leaf Debt Solution Fran\u00e7ais","robots":{"index":"index","follow":"follow","max-snippet":"max-snippet:-1","max-image-preview":"max-image-preview:large","max-video-preview":"max-video-preview:-1"},"canonical":"https:\/\/newleafdebt.ca\/fr\/calculateurs\/debt-restructuring-calculator\/","og_locale":"fr_CA","og_type":"article","og_title":"Calculateur de restructuration de la dette","og_description":"Voyez comme il est facile d\u2019\u00e9liminer vos dettes plus rapidement en mettant en \u00e9tablissant des paiements bihebdomadaires. Notre calculateur bihebdomadaire ne vous montre pas seulement comment \u00e9conomiser de l\u2019argent sur... Lire l\u2019article complet","og_url":"https:\/\/newleafdebt.ca\/fr\/calculateurs\/debt-restructuring-calculator\/","og_site_name":"New Leaf Debt Solution Fran\u00e7ais","article_modified_time":"2022-08-05T15:36:39+00:00","twitter_card":"summary_large_image","twitter_misc":{"Estimation du temps de lecture":"4 minutes"},"schema":{"@context":"https:\/\/schema.org","@graph":[{"@type":"WebPage","@id":"https:\/\/newleafdebt.ca\/fr\/calculateurs\/debt-restructuring-calculator\/","url":"https:\/\/newleafdebt.ca\/fr\/calculateurs\/debt-restructuring-calculator\/","name":"Calculateur de restructuration de la dette - New Leaf Debt Solution Fran\u00e7ais","isPartOf":{"@id":"https:\/\/newleafdebt.ca\/fr\/#website"},"datePublished":"2021-01-07T16:37:14+00:00","dateModified":"2022-08-05T15:36:39+00:00","breadcrumb":{"@id":"https:\/\/newleafdebt.ca\/fr\/calculateurs\/debt-restructuring-calculator\/#breadcrumb"},"inLanguage":"fr-CA","potentialAction":[{"@type":"ReadAction","target":["https:\/\/newleafdebt.ca\/fr\/calculateurs\/debt-restructuring-calculator\/"]}]},{"@type":"BreadcrumbList","@id":"https:\/\/newleafdebt.ca\/fr\/calculateurs\/debt-restructuring-calculator\/#breadcrumb","itemListElement":[{"@type":"ListItem","position":1,"name":"Accueil","item":"https:\/\/newleafdebt.ca\/fr\/"},{"@type":"ListItem","position":2,"name":"Calculateurs","item":"https:\/\/newleafdebt.ca\/fr\/calculateurs\/"},{"@type":"ListItem","position":3,"name":"Calculateur de restructuration de la dette"}]},{"@type":"WebSite","@id":"https:\/\/newleafdebt.ca\/fr\/#website","url":"https:\/\/newleafdebt.ca\/fr\/","name":"New Leaf Debt Solution Fran\u00e7ais","description":"New Leaf Debt Solutions Fran\u00e7ais, Inc.","potentialAction":[{"@type":"SearchAction","target":{"@type":"EntryPoint","urlTemplate":"https:\/\/newleafdebt.ca\/fr\/?s={search_term_string}"},"query-input":{"@type":"PropertyValueSpecification","valueRequired":true,"valueName":"search_term_string"}}],"inLanguage":"fr-CA"}]}},"_links":{"self":[{"href":"https:\/\/newleafdebt.ca\/fr\/wp-json\/wp\/v2\/pages\/34112","targetHints":{"allow":["GET"]}}],"collection":[{"href":"https:\/\/newleafdebt.ca\/fr\/wp-json\/wp\/v2\/pages"}],"about":[{"href":"https:\/\/newleafdebt.ca\/fr\/wp-json\/wp\/v2\/types\/page"}],"author":[{"embeddable":true,"href":"https:\/\/newleafdebt.ca\/fr\/wp-json\/wp\/v2\/users\/1"}],"replies":[{"embeddable":true,"href":"https:\/\/newleafdebt.ca\/fr\/wp-json\/wp\/v2\/comments?post=34112"}],"version-history":[{"count":1,"href":"https:\/\/newleafdebt.ca\/fr\/wp-json\/wp\/v2\/pages\/34112\/revisions"}],"predecessor-version":[{"id":34144,"href":"https:\/\/newleafdebt.ca\/fr\/wp-json\/wp\/v2\/pages\/34112\/revisions\/34144"}],"up":[{"embeddable":true,"href":"https:\/\/newleafdebt.ca\/fr\/wp-json\/wp\/v2\/pages\/34115"}],"wp:attachment":[{"href":"https:\/\/newleafdebt.ca\/fr\/wp-json\/wp\/v2\/media?parent=34112"}],"wp:term":[{"taxonomy":"category","embeddable":true,"href":"https:\/\/newleafdebt.ca\/fr\/wp-json\/wp\/v2\/categories?post=34112"},{"taxonomy":"post_tag","embeddable":true,"href":"https:\/\/newleafdebt.ca\/fr\/wp-json\/wp\/v2\/tags?post=34112"}],"curies":[{"name":"wp","href":"https:\/\/api.w.org\/{rel}","templated":true}]}}