{"id":34111,"date":"2021-01-07T16:36:05","date_gmt":"2021-01-07T16:36:05","guid":{"rendered":"https:\/\/staging-newleafdebt.kinsta.cloud\/?page_id=33807"},"modified":"2022-08-05T15:36:39","modified_gmt":"2022-08-05T15:36:39","slug":"mortgage-payment-calculator","status":"publish","type":"page","link":"https:\/\/newleafdebt.ca\/fr\/calculateurs\/mortgage-payment-calculator\/","title":{"rendered":"Calculateur de paiements hypoth\u00e9caires"},"content":{"rendered":"<p><strong>Voyez combien vous pouvez \u00e9conomiser en effectuant des paiements suppl\u00e9mentaires\u00a0<\/strong><\/p>\n<p>Si vous envisagez d\u2019acheter une maison, vous devez vous assurer que vous pouvez assumer les nouveaux paiements hypoth\u00e9caires. Notre calculateur d\u2019hypoth\u00e8que peut vous aider \u00e0 trouver une fourchette de prix que vous pouvez vous permettre et vous mettre dans la meilleure position pour obtenir les meilleurs taux sur une hypoth\u00e8que de votre pr\u00eateur.<\/p>\n<p>Ce calculateur d\u2019hypoth\u00e8que montre comment ces paiements suppl\u00e9mentaires peuvent acc\u00e9l\u00e9rer le d\u00e9lai de remboursement de votre maison. Si vous avez d\u2019autres pr\u00eats, cela peut vous aider \u00e0 d\u00e9terminer si mettre plus d\u2019argent pour votre hypoth\u00e8que ou vos autres dettes est une bonne id\u00e9e. Si vous avez encore des questions sur l\u2019achat d\u2019une maison ou le remboursement de vos dettes, parlez-en \u00e0 l\u2019un de nos conseillers en cr\u00e9dit. Une analyse gratuite de vos dettes et de votre budget peut vous aider \u00e0 clarifier votre situation financi\u00e8re. Composez le <a class=\"noretreaver-phone-click no-animation\" href=\"tel:844-953-2854\"><span class=\"notracking-phone\">(844) 953-2854<\/span><\/a> ou commencez en ligne ici.<\/p>\n","protected":false},"excerpt":{"rendered":"<p>Voyez combien vous pouvez \u00e9conomiser en effectuant des paiements suppl\u00e9mentaires\u00a0 Si vous envisagez d\u2019acheter une maison, vous devez vous assurer que vous pouvez assumer les nouveaux paiements hypoth\u00e9caires. Notre calculateur&#8230; <a class=\"read-more\" href=\"https:\/\/newleafdebt.ca\/fr\/calculateurs\/mortgage-payment-calculator\/\"> Lire l\u2019article complet  <i class=\"fal fa-angle-double-right\" aria-hidden=\"true\"><\/i><\/a><\/p>\n","protected":false},"author":1,"featured_media":0,"parent":34115,"menu_order":0,"comment_status":"closed","ping_status":"closed","template":"","meta":{"_acf_changed":false,"footnotes":""},"categories":[],"tags":[],"class_list":["post-34111","page","type-page","status-publish"],"acf":[],"yoast_head":"<!-- This site is optimized with the Yoast SEO Premium plugin v25.3 (Yoast SEO v25.3) - https:\/\/yoast.com\/wordpress\/plugins\/seo\/ -->\n<title>Calculateur de paiements hypoth\u00e9caires - New Leaf Debt Solution Fran\u00e7ais<\/title>\n<meta name=\"robots\" content=\"index, follow, max-snippet:-1, max-image-preview:large, max-video-preview:-1\" \/>\n<link rel=\"canonical\" href=\"https:\/\/newleafdebt.ca\/fr\/calculateurs\/mortgage-payment-calculator\/\" \/>\n<meta property=\"og:locale\" content=\"fr_CA\" \/>\n<meta property=\"og:type\" content=\"article\" \/>\n<meta property=\"og:title\" content=\"Calculateur de paiements hypoth\u00e9caires\" \/>\n<meta property=\"og:description\" content=\"Voyez combien vous pouvez \u00e9conomiser en effectuant des paiements suppl\u00e9mentaires\u00a0 Si vous envisagez d\u2019acheter une maison, vous devez vous assurer que vous pouvez assumer les nouveaux paiements hypoth\u00e9caires. Notre calculateur... Lire l\u2019article complet\" \/>\n<meta property=\"og:url\" content=\"https:\/\/newleafdebt.ca\/fr\/calculateurs\/mortgage-payment-calculator\/\" \/>\n<meta property=\"og:site_name\" content=\"New Leaf Debt Solution Fran\u00e7ais\" \/>\n<meta property=\"article:modified_time\" content=\"2022-08-05T15:36:39+00:00\" \/>\n<meta name=\"twitter:card\" content=\"summary_large_image\" \/>\n<meta name=\"twitter:label1\" content=\"Estimation du temps de lecture\" \/>\n\t<meta name=\"twitter:data1\" content=\"1 minute\" \/>\n<!-- \/ Yoast SEO Premium plugin. -->","yoast_head_json":{"title":"Calculateur de paiements hypoth\u00e9caires - New Leaf Debt Solution Fran\u00e7ais","robots":{"index":"index","follow":"follow","max-snippet":"max-snippet:-1","max-image-preview":"max-image-preview:large","max-video-preview":"max-video-preview:-1"},"canonical":"https:\/\/newleafdebt.ca\/fr\/calculateurs\/mortgage-payment-calculator\/","og_locale":"fr_CA","og_type":"article","og_title":"Calculateur de paiements hypoth\u00e9caires","og_description":"Voyez combien vous pouvez \u00e9conomiser en effectuant des paiements suppl\u00e9mentaires\u00a0 Si vous envisagez d\u2019acheter une maison, vous devez vous assurer que vous pouvez assumer les nouveaux paiements hypoth\u00e9caires. Notre calculateur... Lire l\u2019article complet","og_url":"https:\/\/newleafdebt.ca\/fr\/calculateurs\/mortgage-payment-calculator\/","og_site_name":"New Leaf Debt Solution Fran\u00e7ais","article_modified_time":"2022-08-05T15:36:39+00:00","twitter_card":"summary_large_image","twitter_misc":{"Estimation du temps de lecture":"1 minute"},"schema":{"@context":"https:\/\/schema.org","@graph":[{"@type":"WebPage","@id":"https:\/\/newleafdebt.ca\/fr\/calculateurs\/mortgage-payment-calculator\/","url":"https:\/\/newleafdebt.ca\/fr\/calculateurs\/mortgage-payment-calculator\/","name":"Calculateur de paiements hypoth\u00e9caires - New Leaf Debt Solution Fran\u00e7ais","isPartOf":{"@id":"https:\/\/newleafdebt.ca\/fr\/#website"},"datePublished":"2021-01-07T16:36:05+00:00","dateModified":"2022-08-05T15:36:39+00:00","breadcrumb":{"@id":"https:\/\/newleafdebt.ca\/fr\/calculateurs\/mortgage-payment-calculator\/#breadcrumb"},"inLanguage":"fr-CA","potentialAction":[{"@type":"ReadAction","target":["https:\/\/newleafdebt.ca\/fr\/calculateurs\/mortgage-payment-calculator\/"]}]},{"@type":"BreadcrumbList","@id":"https:\/\/newleafdebt.ca\/fr\/calculateurs\/mortgage-payment-calculator\/#breadcrumb","itemListElement":[{"@type":"ListItem","position":1,"name":"Accueil","item":"https:\/\/newleafdebt.ca\/fr\/"},{"@type":"ListItem","position":2,"name":"Calculateurs","item":"https:\/\/newleafdebt.ca\/fr\/calculateurs\/"},{"@type":"ListItem","position":3,"name":"Calculateur de paiements hypoth\u00e9caires"}]},{"@type":"WebSite","@id":"https:\/\/newleafdebt.ca\/fr\/#website","url":"https:\/\/newleafdebt.ca\/fr\/","name":"New Leaf Debt Solution Fran\u00e7ais","description":"New Leaf Debt Solutions Fran\u00e7ais, Inc.","potentialAction":[{"@type":"SearchAction","target":{"@type":"EntryPoint","urlTemplate":"https:\/\/newleafdebt.ca\/fr\/?s={search_term_string}"},"query-input":{"@type":"PropertyValueSpecification","valueRequired":true,"valueName":"search_term_string"}}],"inLanguage":"fr-CA"}]}},"_links":{"self":[{"href":"https:\/\/newleafdebt.ca\/fr\/wp-json\/wp\/v2\/pages\/34111","targetHints":{"allow":["GET"]}}],"collection":[{"href":"https:\/\/newleafdebt.ca\/fr\/wp-json\/wp\/v2\/pages"}],"about":[{"href":"https:\/\/newleafdebt.ca\/fr\/wp-json\/wp\/v2\/types\/page"}],"author":[{"embeddable":true,"href":"https:\/\/newleafdebt.ca\/fr\/wp-json\/wp\/v2\/users\/1"}],"replies":[{"embeddable":true,"href":"https:\/\/newleafdebt.ca\/fr\/wp-json\/wp\/v2\/comments?post=34111"}],"version-history":[{"count":1,"href":"https:\/\/newleafdebt.ca\/fr\/wp-json\/wp\/v2\/pages\/34111\/revisions"}],"predecessor-version":[{"id":34143,"href":"https:\/\/newleafdebt.ca\/fr\/wp-json\/wp\/v2\/pages\/34111\/revisions\/34143"}],"up":[{"embeddable":true,"href":"https:\/\/newleafdebt.ca\/fr\/wp-json\/wp\/v2\/pages\/34115"}],"wp:attachment":[{"href":"https:\/\/newleafdebt.ca\/fr\/wp-json\/wp\/v2\/media?parent=34111"}],"wp:term":[{"taxonomy":"category","embeddable":true,"href":"https:\/\/newleafdebt.ca\/fr\/wp-json\/wp\/v2\/categories?post=34111"},{"taxonomy":"post_tag","embeddable":true,"href":"https:\/\/newleafdebt.ca\/fr\/wp-json\/wp\/v2\/tags?post=34111"}],"curies":[{"name":"wp","href":"https:\/\/api.w.org\/{rel}","templated":true}]}}