{"id":34110,"date":"2021-01-07T16:34:25","date_gmt":"2021-01-07T16:34:25","guid":{"rendered":"https:\/\/staging-newleafdebt.kinsta.cloud\/?page_id=33805"},"modified":"2022-08-05T15:36:40","modified_gmt":"2022-08-05T15:36:40","slug":"debt-management-calculator","status":"publish","type":"page","link":"https:\/\/newleafdebt.ca\/fr\/calculateurs\/debt-management-calculator\/","title":{"rendered":"Calculateur de gestion de la dette et estimateur d\u2019\u00e9pargne"},"content":{"rendered":"<p><strong>Combien pouvez-vous \u00e9pargner avec un programme de gestion de la dette?<\/strong><\/p>\n<p>l est beaucoup plus facile de s\u2019endetter que de se d\u00e9sendetter, surtout lorsqu\u2019il s\u2019agit de la question des taux d\u2019int\u00e9r\u00eat \u00e9lev\u00e9s associ\u00e9s aux cartes de cr\u00e9dit et aux lignes de cr\u00e9dit. Si c\u2019est votre cas, alors un programme de gestion de dette pourrait \u00eatre le bon choix. Un programme de gestion de la dette, ou le PGD, est un moyen rentable de rembourser tout ce que vous devez.<\/p>\n<p>Une agence de conseil en cr\u00e9dit sans but lucratif g\u00e8re le PGD. Elle n\u00e9gocie avec les pr\u00eateurs en votre nom pour \u00e9liminer ou r\u00e9duire les taux d\u2019int\u00e9r\u00eat et les paiements mensuels. L\u2019utilisation de ce calculateur de gestion de dette peut vous orienter dans la fa\u00e7on de mieux maximiser le remboursement de votre dette.<\/p>\n","protected":false},"excerpt":{"rendered":"<p>Combien pouvez-vous \u00e9pargner avec un programme de gestion de la dette? l est beaucoup plus facile de s\u2019endetter que de se d\u00e9sendetter, surtout lorsqu\u2019il s\u2019agit de la question des taux&#8230; <a class=\"read-more\" href=\"https:\/\/newleafdebt.ca\/fr\/calculateurs\/debt-management-calculator\/\"> Lire l\u2019article complet  <i class=\"fal fa-angle-double-right\" aria-hidden=\"true\"><\/i><\/a><\/p>\n","protected":false},"author":1,"featured_media":0,"parent":34115,"menu_order":0,"comment_status":"closed","ping_status":"closed","template":"","meta":{"_acf_changed":false,"footnotes":""},"categories":[],"tags":[],"class_list":["post-34110","page","type-page","status-publish"],"acf":[],"yoast_head":"<!-- This site is optimized with the Yoast SEO Premium plugin v25.3 (Yoast SEO v25.3) - https:\/\/yoast.com\/wordpress\/plugins\/seo\/ -->\n<title>Calculateur de gestion de la dette et estimateur d\u2019\u00e9pargne - New Leaf Debt Solution Fran\u00e7ais<\/title>\n<meta name=\"robots\" content=\"index, follow, max-snippet:-1, max-image-preview:large, max-video-preview:-1\" \/>\n<link rel=\"canonical\" href=\"https:\/\/newleafdebt.ca\/fr\/calculateurs\/debt-management-calculator\/\" \/>\n<meta property=\"og:locale\" content=\"fr_CA\" \/>\n<meta property=\"og:type\" content=\"article\" \/>\n<meta property=\"og:title\" content=\"Calculateur de gestion de la dette et estimateur d\u2019\u00e9pargne\" \/>\n<meta property=\"og:description\" content=\"Combien pouvez-vous \u00e9pargner avec un programme de gestion de la dette? l est beaucoup plus facile de s\u2019endetter que de se d\u00e9sendetter, surtout lorsqu\u2019il s\u2019agit de la question des taux... Lire l\u2019article complet\" \/>\n<meta property=\"og:url\" content=\"https:\/\/newleafdebt.ca\/fr\/calculateurs\/debt-management-calculator\/\" \/>\n<meta property=\"og:site_name\" content=\"New Leaf Debt Solution Fran\u00e7ais\" \/>\n<meta property=\"article:modified_time\" content=\"2022-08-05T15:36:40+00:00\" \/>\n<meta name=\"twitter:card\" content=\"summary_large_image\" \/>\n<meta name=\"twitter:label1\" content=\"Estimation du temps de lecture\" \/>\n\t<meta name=\"twitter:data1\" content=\"1 minute\" \/>\n<!-- \/ Yoast SEO Premium plugin. -->","yoast_head_json":{"title":"Calculateur de gestion de la dette et estimateur d\u2019\u00e9pargne - New Leaf Debt Solution Fran\u00e7ais","robots":{"index":"index","follow":"follow","max-snippet":"max-snippet:-1","max-image-preview":"max-image-preview:large","max-video-preview":"max-video-preview:-1"},"canonical":"https:\/\/newleafdebt.ca\/fr\/calculateurs\/debt-management-calculator\/","og_locale":"fr_CA","og_type":"article","og_title":"Calculateur de gestion de la dette et estimateur d\u2019\u00e9pargne","og_description":"Combien pouvez-vous \u00e9pargner avec un programme de gestion de la dette? l est beaucoup plus facile de s\u2019endetter que de se d\u00e9sendetter, surtout lorsqu\u2019il s\u2019agit de la question des taux... Lire l\u2019article complet","og_url":"https:\/\/newleafdebt.ca\/fr\/calculateurs\/debt-management-calculator\/","og_site_name":"New Leaf Debt Solution Fran\u00e7ais","article_modified_time":"2022-08-05T15:36:40+00:00","twitter_card":"summary_large_image","twitter_misc":{"Estimation du temps de lecture":"1 minute"},"schema":{"@context":"https:\/\/schema.org","@graph":[{"@type":"WebPage","@id":"https:\/\/newleafdebt.ca\/fr\/calculateurs\/debt-management-calculator\/","url":"https:\/\/newleafdebt.ca\/fr\/calculateurs\/debt-management-calculator\/","name":"Calculateur de gestion de la dette et estimateur d\u2019\u00e9pargne - New Leaf Debt Solution Fran\u00e7ais","isPartOf":{"@id":"https:\/\/newleafdebt.ca\/fr\/#website"},"datePublished":"2021-01-07T16:34:25+00:00","dateModified":"2022-08-05T15:36:40+00:00","breadcrumb":{"@id":"https:\/\/newleafdebt.ca\/fr\/calculateurs\/debt-management-calculator\/#breadcrumb"},"inLanguage":"fr-CA","potentialAction":[{"@type":"ReadAction","target":["https:\/\/newleafdebt.ca\/fr\/calculateurs\/debt-management-calculator\/"]}]},{"@type":"BreadcrumbList","@id":"https:\/\/newleafdebt.ca\/fr\/calculateurs\/debt-management-calculator\/#breadcrumb","itemListElement":[{"@type":"ListItem","position":1,"name":"Accueil","item":"https:\/\/newleafdebt.ca\/fr\/"},{"@type":"ListItem","position":2,"name":"Calculateurs","item":"https:\/\/newleafdebt.ca\/fr\/calculateurs\/"},{"@type":"ListItem","position":3,"name":"Calculateur de gestion de la dette et estimateur d\u2019\u00e9pargne"}]},{"@type":"WebSite","@id":"https:\/\/newleafdebt.ca\/fr\/#website","url":"https:\/\/newleafdebt.ca\/fr\/","name":"New Leaf Debt Solution Fran\u00e7ais","description":"New Leaf Debt Solutions Fran\u00e7ais, Inc.","potentialAction":[{"@type":"SearchAction","target":{"@type":"EntryPoint","urlTemplate":"https:\/\/newleafdebt.ca\/fr\/?s={search_term_string}"},"query-input":{"@type":"PropertyValueSpecification","valueRequired":true,"valueName":"search_term_string"}}],"inLanguage":"fr-CA"}]}},"_links":{"self":[{"href":"https:\/\/newleafdebt.ca\/fr\/wp-json\/wp\/v2\/pages\/34110","targetHints":{"allow":["GET"]}}],"collection":[{"href":"https:\/\/newleafdebt.ca\/fr\/wp-json\/wp\/v2\/pages"}],"about":[{"href":"https:\/\/newleafdebt.ca\/fr\/wp-json\/wp\/v2\/types\/page"}],"author":[{"embeddable":true,"href":"https:\/\/newleafdebt.ca\/fr\/wp-json\/wp\/v2\/users\/1"}],"replies":[{"embeddable":true,"href":"https:\/\/newleafdebt.ca\/fr\/wp-json\/wp\/v2\/comments?post=34110"}],"version-history":[{"count":1,"href":"https:\/\/newleafdebt.ca\/fr\/wp-json\/wp\/v2\/pages\/34110\/revisions"}],"predecessor-version":[{"id":34141,"href":"https:\/\/newleafdebt.ca\/fr\/wp-json\/wp\/v2\/pages\/34110\/revisions\/34141"}],"up":[{"embeddable":true,"href":"https:\/\/newleafdebt.ca\/fr\/wp-json\/wp\/v2\/pages\/34115"}],"wp:attachment":[{"href":"https:\/\/newleafdebt.ca\/fr\/wp-json\/wp\/v2\/media?parent=34110"}],"wp:term":[{"taxonomy":"category","embeddable":true,"href":"https:\/\/newleafdebt.ca\/fr\/wp-json\/wp\/v2\/categories?post=34110"},{"taxonomy":"post_tag","embeddable":true,"href":"https:\/\/newleafdebt.ca\/fr\/wp-json\/wp\/v2\/tags?post=34110"}],"curies":[{"name":"wp","href":"https:\/\/api.w.org\/{rel}","templated":true}]}}