{"id":34108,"date":"2021-01-07T16:14:34","date_gmt":"2021-01-07T16:14:34","guid":{"rendered":"https:\/\/staging-newleafdebt.kinsta.cloud\/?page_id=33800"},"modified":"2022-08-05T15:36:41","modified_gmt":"2022-08-05T15:36:41","slug":"fixed-payment-credit-card","status":"publish","type":"page","link":"https:\/\/newleafdebt.ca\/fr\/calculateurs\/fixed-payment-credit-card\/","title":{"rendered":"Carte de cr\u00e9dit \u00e0 paiement fixe"},"content":{"rendered":"<p><strong>Les paiements fixes peuvent vous aider \u00e0 vous lib\u00e9rer de vos dettes plus rapidement et \u00e0 respecter votre budget.<\/strong><\/p>\n<p>Comme il est rarement facile de s\u2019acquitter de ses dettes, nous avons con\u00e7u ce calculateur de paiement par carte de cr\u00e9dit pour vous aider \u00e0 vous pr\u00e9parer dans ce parcours. Ne pas \u00eatre en mesure de payer votre solde de carte de cr\u00e9dit chaque mois signifie souvent que les cartes de cr\u00e9dit ne sont pas le bon choix pour vous en ce moment.<\/p>\n<p>Les soci\u00e9t\u00e9s de cartes de cr\u00e9dit s\u00e9duisent les clients avec de faibles taux de lancement, des points de r\u00e9compense et des programmes de fid\u00e9lisation. Toutefois, les frais d\u2019int\u00e9r\u00eat \u00e9lev\u00e9s peuvent s\u2019accumuler, ce qui rend ces incitatifs sans valeur par comparaison. D\u00e9passer les limites de vos cartes de cr\u00e9dit vous co\u00fbte non seulement plus d\u2019argent, mais diminue \u00e9galement vos cotes de cr\u00e9dit.<\/p>\n<p><strong>Trouvez un remboursement de la dette qui fonctionne pour vous maintenant<\/strong><\/p>\n<p>Entrez simplement le solde de votre carte de cr\u00e9dit, suivi de votre taux annuel en pourcentage. Ces renseignements se trouvent sur votre convention ou vos relev\u00e9s de carte de cr\u00e9dit. Ensuite, d\u00e9cidez si vous voulez payer avec des paiements mensuels fixes ou des paiements mensuels minimums. Vous pouvez \u00e9galement passer d\u2019une m\u00e9thode \u00e0 l\u2019autre \u00e0 tout moment.<\/p>\n<p>Une fois que vous aurez cliqu\u00e9 sur \u00ab Calculer \u00bb, vous verrez combien un programme de paiement fixe peut vous faire \u00e9conomiser par rapport aux paiements minimums. Nous avons \u00e9galement inclus d\u2019autres options, dont les plans de gestion des dettes et la consolidation des dettes.<\/p>\n<p>Ces options d\u2019all\u00e9gement de dette ressemblent \u00e0 la fa\u00e7on dont les paiements fixes fonctionnent, mais elles peuvent aussi comporter des frais. Pire encore, elles peuvent r\u00e9duire davantage les cotes de cr\u00e9dit avec les cotes n\u00e9gatives qui leur sont associ\u00e9es.<\/p>\n<p><strong>Conseil d\u2019expert:\u00a0<\/strong>Payer plus que le paiement minimum est moins cher car il r\u00e9duit les frais d\u2019int\u00e9r\u00eat et vous permet de vous acquitter de la dette plus rapidement.<\/p>\n<p>L\u2019avantage r\u00e9el des paiements fixes est qu\u2019un paiement plus \u00e9lev\u00e9 est effectu\u00e9, ce qui r\u00e9duit les int\u00e9r\u00eats factur\u00e9s chaque mois, par rapport au paiement minimum. Les calendriers de paiement minimum ne sont pas con\u00e7us pour rembourser la dette efficacement, mais trouver un plan de remboursement qui fonctionne pour vous.<\/p>\n<p><strong>Combien de temps faudra-t-il pour payer mes cartes de cr\u00e9dit?<\/strong><\/p>\n<p>Si vous avez plusieurs soldes de carte de cr\u00e9dit, vous devriez essayer de les rembourser d\u2019ici 3 \u00e0 5 ans. S\u2019il s\u2019agit d\u2019une seule carte de cr\u00e9dit qui est devenue un probl\u00e8me, vous devriez essayer de la rembourser en un an. Si vous ne parvenez pas \u00e0 trouver un plan de remboursement adapt\u00e9 \u00e0 votre budget mensuel, vous avez besoin d\u2019une aide en mati\u00e8re de dette.<\/p>\n<p>L\u2019aide pour r\u00e9gler les dettes se pr\u00e9sente sous de nombreuses formes. La plupart des options pour all\u00e9ger les dettes sont con\u00e7ues pour r\u00e9duire les taux d\u2019int\u00e9r\u00eat et acc\u00e9l\u00e9rer le temps que cela prend pour se d\u00e9barrasser des dettes. Les avantages de consolider les paiements fixes peuvent \u00eatre un grand gain de temps. En ce qui concerne les paiements fixes, m\u00eame les plus importants, une partie significative est destin\u00e9 au taux d\u2019int\u00e9r\u00eat de 20 \u00e0 30 pour cent imput\u00e9s sur le montant d\u00fb.<\/p>\n<p><strong>Si vous pouvez vous engager \u00e0 effectuer des paiements fixes, appelez vos cr\u00e9anciers pour obtenir un taux plus bas.\u00a0<\/strong><\/p>\n<p>Si vous \u00eates en mesure de continuer \u00e0 effectuer des paiements r\u00e9guliers, vous devriez essayer de n\u00e9gocier avec votre cr\u00e9ancier pour obtenir un taux d\u2019int\u00e9r\u00eat plus bas. Les cr\u00e9anciers sont souvent dispos\u00e9s \u00e0 r\u00e9duire les taux d\u2019int\u00e9r\u00eat, surtout si vous avez fait vos preuves en tant que bon client. De plus, si votre cote de cr\u00e9dit s\u2019est am\u00e9lior\u00e9e depuis que votre demande de carte a \u00e9t\u00e9 approuv\u00e9e, il y a de bonnes chances que vous puissiez obtenir un taux d\u2019int\u00e9r\u00eat plus bas.<\/p>\n<p>Avec un taux annuel plus bas, une plus grande partie de votre argent sera consacr\u00e9e \u00e0 ce que vous devez, aussi connu sous le nom de montant du capital. Cela signifie que faire des paiements plus importants avec des taux d\u2019int\u00e9r\u00eat moins \u00e9lev\u00e9s est une raison \u00e9conomique pour appeler vos cr\u00e9anciers.<\/p>\n<p><strong>Si vous devez de l\u2019argent sur plusieurs cartes de cr\u00e9dit et \u00e0 des pr\u00eateurs, vous devrez prioriser ceux \u00e0 payer en premier.\u00a0<\/strong><\/p>\n<p>Concentrez-vous sur le remboursement d\u2019une facture \u00e0 la fois si vous avez plusieurs soldes en souffrance. Chaque montant pay\u00e9 vous rapproche de l\u2019objectif d\u2019\u00eatre lib\u00e9r\u00e9 de vos dettes.<\/p>\n<p>Il y a plusieurs fa\u00e7ons d\u2019\u00e9tablir un plan restructur\u00e9 de remboursement de dette. Certains plans les plus populaires fonctionnent ainsi :<\/p>\n<ol>\n<li>Commencez par \u00e9liminer rapidement les factures en remboursant d\u2019abord les soldes les plus bas.<\/li>\n<\/ol>\n<p>OU<\/p>\n<ol>\n<li>Commencez par effectuer les paiements les plus \u00e9lev\u00e9s que vous pouvez sur votre TAEG le plus \u00e9lev\u00e9 de carte de cr\u00e9dit, et dans quelques mois, vous commencerez \u00e0 \u00e9conomiser de l\u2019argent sur les frais d\u2019int\u00e9r\u00eat.<\/li>\n<\/ol>\n<p>Commencer par le TAEG le plus bas permet de renforcer la confiance avec les gains rapides et faciles qui viennent avec cette strat\u00e9gie. Commencer bas et \u00e9liminer ces petits soldes de dettes vous lib\u00e9rera de l\u2019argent qui peut ensuite \u00eatre ajout\u00e9 au paiement sur votre prochain solde le plus \u00e9lev\u00e9, et ainsi de suite. Des frais d\u2019int\u00e9r\u00eat plus \u00e9lev\u00e9s contiennent un TAEG plus \u00e9lev\u00e9. En termes simples, une dette TAEG plus \u00e9lev\u00e9e prend plus de temps \u00e0 rembourser et co\u00fbte beaucoup plus ch\u00e8re aussi.<\/p>\n","protected":false},"excerpt":{"rendered":"<p>Les paiements fixes peuvent vous aider \u00e0 vous lib\u00e9rer de vos dettes plus rapidement et \u00e0 respecter votre budget. Comme il est rarement facile de s\u2019acquitter de ses dettes, nous&#8230; <a class=\"read-more\" href=\"https:\/\/newleafdebt.ca\/fr\/calculateurs\/fixed-payment-credit-card\/\"> Lire l\u2019article complet  <i class=\"fal fa-angle-double-right\" aria-hidden=\"true\"><\/i><\/a><\/p>\n","protected":false},"author":1,"featured_media":0,"parent":34115,"menu_order":0,"comment_status":"closed","ping_status":"closed","template":"","meta":{"_acf_changed":false,"footnotes":""},"categories":[],"tags":[],"class_list":["post-34108","page","type-page","status-publish"],"acf":[],"yoast_head":"<!-- This site is optimized with the Yoast SEO Premium plugin v25.3 (Yoast SEO v25.3) - https:\/\/yoast.com\/wordpress\/plugins\/seo\/ -->\n<title>Carte de cr\u00e9dit \u00e0 paiement fixe - New Leaf Debt Solution Fran\u00e7ais<\/title>\n<meta name=\"robots\" content=\"index, follow, max-snippet:-1, max-image-preview:large, max-video-preview:-1\" \/>\n<link rel=\"canonical\" href=\"https:\/\/newleafdebt.ca\/fr\/calculateurs\/fixed-payment-credit-card\/\" \/>\n<meta property=\"og:locale\" content=\"fr_CA\" \/>\n<meta property=\"og:type\" content=\"article\" \/>\n<meta property=\"og:title\" content=\"Carte de cr\u00e9dit \u00e0 paiement fixe\" \/>\n<meta property=\"og:description\" content=\"Les paiements fixes peuvent vous aider \u00e0 vous lib\u00e9rer de vos dettes plus rapidement et \u00e0 respecter votre budget. Comme il est rarement facile de s\u2019acquitter de ses dettes, nous... Lire l\u2019article complet\" \/>\n<meta property=\"og:url\" content=\"https:\/\/newleafdebt.ca\/fr\/calculateurs\/fixed-payment-credit-card\/\" \/>\n<meta property=\"og:site_name\" content=\"New Leaf Debt Solution Fran\u00e7ais\" \/>\n<meta property=\"article:modified_time\" content=\"2022-08-05T15:36:41+00:00\" \/>\n<meta name=\"twitter:card\" content=\"summary_large_image\" \/>\n<meta name=\"twitter:label1\" content=\"Estimation du temps de lecture\" \/>\n\t<meta name=\"twitter:data1\" content=\"5 minutes\" \/>\n<!-- \/ Yoast SEO Premium plugin. -->","yoast_head_json":{"title":"Carte de cr\u00e9dit \u00e0 paiement fixe - New Leaf Debt Solution Fran\u00e7ais","robots":{"index":"index","follow":"follow","max-snippet":"max-snippet:-1","max-image-preview":"max-image-preview:large","max-video-preview":"max-video-preview:-1"},"canonical":"https:\/\/newleafdebt.ca\/fr\/calculateurs\/fixed-payment-credit-card\/","og_locale":"fr_CA","og_type":"article","og_title":"Carte de cr\u00e9dit \u00e0 paiement fixe","og_description":"Les paiements fixes peuvent vous aider \u00e0 vous lib\u00e9rer de vos dettes plus rapidement et \u00e0 respecter votre budget. Comme il est rarement facile de s\u2019acquitter de ses dettes, nous... Lire l\u2019article complet","og_url":"https:\/\/newleafdebt.ca\/fr\/calculateurs\/fixed-payment-credit-card\/","og_site_name":"New Leaf Debt Solution Fran\u00e7ais","article_modified_time":"2022-08-05T15:36:41+00:00","twitter_card":"summary_large_image","twitter_misc":{"Estimation du temps de lecture":"5 minutes"},"schema":{"@context":"https:\/\/schema.org","@graph":[{"@type":"WebPage","@id":"https:\/\/newleafdebt.ca\/fr\/calculateurs\/fixed-payment-credit-card\/","url":"https:\/\/newleafdebt.ca\/fr\/calculateurs\/fixed-payment-credit-card\/","name":"Carte de cr\u00e9dit \u00e0 paiement fixe - New Leaf Debt Solution Fran\u00e7ais","isPartOf":{"@id":"https:\/\/newleafdebt.ca\/fr\/#website"},"datePublished":"2021-01-07T16:14:34+00:00","dateModified":"2022-08-05T15:36:41+00:00","breadcrumb":{"@id":"https:\/\/newleafdebt.ca\/fr\/calculateurs\/fixed-payment-credit-card\/#breadcrumb"},"inLanguage":"fr-CA","potentialAction":[{"@type":"ReadAction","target":["https:\/\/newleafdebt.ca\/fr\/calculateurs\/fixed-payment-credit-card\/"]}]},{"@type":"BreadcrumbList","@id":"https:\/\/newleafdebt.ca\/fr\/calculateurs\/fixed-payment-credit-card\/#breadcrumb","itemListElement":[{"@type":"ListItem","position":1,"name":"Accueil","item":"https:\/\/newleafdebt.ca\/fr\/"},{"@type":"ListItem","position":2,"name":"Calculateurs","item":"https:\/\/newleafdebt.ca\/fr\/calculateurs\/"},{"@type":"ListItem","position":3,"name":"Carte de cr\u00e9dit \u00e0 paiement fixe"}]},{"@type":"WebSite","@id":"https:\/\/newleafdebt.ca\/fr\/#website","url":"https:\/\/newleafdebt.ca\/fr\/","name":"New Leaf Debt Solution Fran\u00e7ais","description":"New Leaf Debt Solutions Fran\u00e7ais, Inc.","potentialAction":[{"@type":"SearchAction","target":{"@type":"EntryPoint","urlTemplate":"https:\/\/newleafdebt.ca\/fr\/?s={search_term_string}"},"query-input":{"@type":"PropertyValueSpecification","valueRequired":true,"valueName":"search_term_string"}}],"inLanguage":"fr-CA"}]}},"_links":{"self":[{"href":"https:\/\/newleafdebt.ca\/fr\/wp-json\/wp\/v2\/pages\/34108","targetHints":{"allow":["GET"]}}],"collection":[{"href":"https:\/\/newleafdebt.ca\/fr\/wp-json\/wp\/v2\/pages"}],"about":[{"href":"https:\/\/newleafdebt.ca\/fr\/wp-json\/wp\/v2\/types\/page"}],"author":[{"embeddable":true,"href":"https:\/\/newleafdebt.ca\/fr\/wp-json\/wp\/v2\/users\/1"}],"replies":[{"embeddable":true,"href":"https:\/\/newleafdebt.ca\/fr\/wp-json\/wp\/v2\/comments?post=34108"}],"version-history":[{"count":1,"href":"https:\/\/newleafdebt.ca\/fr\/wp-json\/wp\/v2\/pages\/34108\/revisions"}],"predecessor-version":[{"id":34147,"href":"https:\/\/newleafdebt.ca\/fr\/wp-json\/wp\/v2\/pages\/34108\/revisions\/34147"}],"up":[{"embeddable":true,"href":"https:\/\/newleafdebt.ca\/fr\/wp-json\/wp\/v2\/pages\/34115"}],"wp:attachment":[{"href":"https:\/\/newleafdebt.ca\/fr\/wp-json\/wp\/v2\/media?parent=34108"}],"wp:term":[{"taxonomy":"category","embeddable":true,"href":"https:\/\/newleafdebt.ca\/fr\/wp-json\/wp\/v2\/categories?post=34108"},{"taxonomy":"post_tag","embeddable":true,"href":"https:\/\/newleafdebt.ca\/fr\/wp-json\/wp\/v2\/tags?post=34108"}],"curies":[{"name":"wp","href":"https:\/\/api.w.org\/{rel}","templated":true}]}}