{"id":34107,"date":"2021-01-07T16:10:36","date_gmt":"2021-01-07T16:10:36","guid":{"rendered":"https:\/\/staging-newleafdebt.kinsta.cloud\/?page_id=33796"},"modified":"2022-08-05T15:36:41","modified_gmt":"2022-08-05T15:36:41","slug":"credit-card-payment-calculator","status":"publish","type":"page","link":"https:\/\/newleafdebt.ca\/fr\/calculateurs\/credit-card-payment-calculator\/","title":{"rendered":"Calculateur de paiement de carte de cr\u00e9dit"},"content":{"rendered":"<p><strong>Combien payez-vous en plus lorsque vous ne faites que les paiements minimums sur votre carte de cr\u00e9dit? D\u00e9couvrez exactement combien vous payez en trop maintenant. <\/strong><\/p>\n<p>Ce calculateur de paiement par carte de cr\u00e9dit vous aidera \u00e0 voir o\u00f9 va votre argent lorsque vous effectuez un paiement par carte de cr\u00e9dit. Selon l\u2019agence d\u2019\u00e9valuation du cr\u00e9dit\u00a0<a href=\"https:\/\/www.consumer.equifax.ca\/about-equifax\/press-releases\/-\/blogs\/canadian-consumers-piled-on-their-winter-cred-2\/\" target=\"_blank\" rel=\"noopener\">Equifax<\/a>, le Canadien moyen a maintenant une dette non hypoth\u00e9caire d\u2019environ 23 035 $.<\/p>\n<p>Si vous vous trouvez dans une situation similaire, les paiements mensuels minimums ne vous m\u00e8neront nulle part. R\u00e9duire le solde de vos cartes de cr\u00e9dit et les taux d\u2019int\u00e9r\u00eat n\u2019a jamais \u00e9t\u00e9 aussi facile. Utilisez notre calculateur pratique et suivez ses \u00e9tapes utiles pour en savoir plus.<\/p>\n<ul>\n<li>Saisissez le montant que vous devez \u00e0 chaque soci\u00e9t\u00e9 de carte de cr\u00e9dit.<\/li>\n<li>Entrez le taux de pourcentage annuel (le taux d\u2019int\u00e9r\u00eat appliqu\u00e9). Cela se retrouve dans vos d\u00e9clarations.<\/li>\n<li>Votre paiement mensuel minimum est calcul\u00e9 en pourcentage de votre solde. Ces renseignements se trouvent dans le contrat original de votre carte de cr\u00e9dit, mais ils sont g\u00e9n\u00e9ralement de 1 \u00e0 3 %. Si vous ne le savez pas, utilisez 3 % car c\u2019est le montant le plus courant.<\/li>\n<\/ul>\n<p>Ces renseignements figurent sur votre dernier relev\u00e9 de carte de cr\u00e9dit.<\/p>\n<p>Le calculateur de paiement de carte de cr\u00e9dit affichera un calendrier de remboursement de la dette qui comprend le temps n\u00e9cessaire au remboursement, ainsi que:<\/p>\n<ul>\n<li>Le principe et les int\u00e9r\u00eats que vous payez<\/li>\n<li>Options de remboursement disponibles, comme un programme de gestion de la dette avec des montants fixes.<\/li>\n<\/ul>\n<p>Ces chiffres ne concernent qu\u2019une seule carte de cr\u00e9dit. Veillez \u00e0 le faire avec chacune de vos cartes pour avoir une meilleure id\u00e9e de la rapidit\u00e9 avec laquelle vous pouvez vous d\u00e9barrasser de vos dettes de carte de cr\u00e9dit. Plus vite vous \u00e9tablirez un plan de remboursement, plus vite votre cote de cr\u00e9dit commencera \u00e0 s\u2019am\u00e9liorer.<\/p>\n<p>Si vos paiements minimums vous laissent toujours sous une montagne de dettes, t\u00e9l\u00e9phonez \u00e0 New Leaf pour explorer les options d\u2019all\u00e9gement de la dette disponibles. T\u00e9l\u00e9phonez au <a class=\"noretreaver-phone-click no-animation\" href=\"tel:844-953-2854\"><span class=\"notracking-phone\">(844) 953-2854<\/span><\/a> pour parler avec un conseiller en cr\u00e9dit qualifi\u00e9 et obtenir une consultation gratuite, ou commencez votre \u00e9valuation de la dette en ligne d\u00e8s aujourd\u2019hui.<\/p>\n","protected":false},"excerpt":{"rendered":"<p>Combien payez-vous en plus lorsque vous ne faites que les paiements minimums sur votre carte de cr\u00e9dit? D\u00e9couvrez exactement combien vous payez en trop maintenant. Ce calculateur de paiement par&#8230; <a class=\"read-more\" href=\"https:\/\/newleafdebt.ca\/fr\/calculateurs\/credit-card-payment-calculator\/\"> Lire l\u2019article complet  <i class=\"fal fa-angle-double-right\" aria-hidden=\"true\"><\/i><\/a><\/p>\n","protected":false},"author":1,"featured_media":0,"parent":34115,"menu_order":0,"comment_status":"closed","ping_status":"closed","template":"","meta":{"_acf_changed":false,"footnotes":""},"categories":[],"tags":[],"class_list":["post-34107","page","type-page","status-publish"],"acf":[],"yoast_head":"<!-- This site is optimized with the Yoast SEO Premium plugin v25.3 (Yoast SEO v25.3) - https:\/\/yoast.com\/wordpress\/plugins\/seo\/ -->\n<title>Calculateur de paiement de carte de cr\u00e9dit - New Leaf Debt Solution Fran\u00e7ais<\/title>\n<meta name=\"robots\" content=\"index, follow, max-snippet:-1, max-image-preview:large, max-video-preview:-1\" \/>\n<link rel=\"canonical\" href=\"https:\/\/newleafdebt.ca\/fr\/calculateurs\/credit-card-payment-calculator\/\" \/>\n<meta property=\"og:locale\" content=\"fr_CA\" \/>\n<meta property=\"og:type\" content=\"article\" \/>\n<meta property=\"og:title\" content=\"Calculateur de paiement de carte de cr\u00e9dit\" \/>\n<meta property=\"og:description\" content=\"Combien payez-vous en plus lorsque vous ne faites que les paiements minimums sur votre carte de cr\u00e9dit? D\u00e9couvrez exactement combien vous payez en trop maintenant. Ce calculateur de paiement par... Lire l\u2019article complet\" \/>\n<meta property=\"og:url\" content=\"https:\/\/newleafdebt.ca\/fr\/calculateurs\/credit-card-payment-calculator\/\" \/>\n<meta property=\"og:site_name\" content=\"New Leaf Debt Solution Fran\u00e7ais\" \/>\n<meta property=\"article:modified_time\" content=\"2022-08-05T15:36:41+00:00\" \/>\n<meta name=\"twitter:card\" content=\"summary_large_image\" \/>\n<meta name=\"twitter:label1\" content=\"Estimation du temps de lecture\" \/>\n\t<meta name=\"twitter:data1\" content=\"2 minutes\" \/>\n<!-- \/ Yoast SEO Premium plugin. -->","yoast_head_json":{"title":"Calculateur de paiement de carte de cr\u00e9dit - New Leaf Debt Solution Fran\u00e7ais","robots":{"index":"index","follow":"follow","max-snippet":"max-snippet:-1","max-image-preview":"max-image-preview:large","max-video-preview":"max-video-preview:-1"},"canonical":"https:\/\/newleafdebt.ca\/fr\/calculateurs\/credit-card-payment-calculator\/","og_locale":"fr_CA","og_type":"article","og_title":"Calculateur de paiement de carte de cr\u00e9dit","og_description":"Combien payez-vous en plus lorsque vous ne faites que les paiements minimums sur votre carte de cr\u00e9dit? D\u00e9couvrez exactement combien vous payez en trop maintenant. Ce calculateur de paiement par... Lire l\u2019article complet","og_url":"https:\/\/newleafdebt.ca\/fr\/calculateurs\/credit-card-payment-calculator\/","og_site_name":"New Leaf Debt Solution Fran\u00e7ais","article_modified_time":"2022-08-05T15:36:41+00:00","twitter_card":"summary_large_image","twitter_misc":{"Estimation du temps de lecture":"2 minutes"},"schema":{"@context":"https:\/\/schema.org","@graph":[{"@type":"WebPage","@id":"https:\/\/newleafdebt.ca\/fr\/calculateurs\/credit-card-payment-calculator\/","url":"https:\/\/newleafdebt.ca\/fr\/calculateurs\/credit-card-payment-calculator\/","name":"Calculateur de paiement de carte de cr\u00e9dit - New Leaf Debt Solution Fran\u00e7ais","isPartOf":{"@id":"https:\/\/newleafdebt.ca\/fr\/#website"},"datePublished":"2021-01-07T16:10:36+00:00","dateModified":"2022-08-05T15:36:41+00:00","breadcrumb":{"@id":"https:\/\/newleafdebt.ca\/fr\/calculateurs\/credit-card-payment-calculator\/#breadcrumb"},"inLanguage":"fr-CA","potentialAction":[{"@type":"ReadAction","target":["https:\/\/newleafdebt.ca\/fr\/calculateurs\/credit-card-payment-calculator\/"]}]},{"@type":"BreadcrumbList","@id":"https:\/\/newleafdebt.ca\/fr\/calculateurs\/credit-card-payment-calculator\/#breadcrumb","itemListElement":[{"@type":"ListItem","position":1,"name":"Accueil","item":"https:\/\/newleafdebt.ca\/fr\/"},{"@type":"ListItem","position":2,"name":"Calculateurs","item":"https:\/\/newleafdebt.ca\/fr\/calculateurs\/"},{"@type":"ListItem","position":3,"name":"Calculateur de paiement de carte de cr\u00e9dit"}]},{"@type":"WebSite","@id":"https:\/\/newleafdebt.ca\/fr\/#website","url":"https:\/\/newleafdebt.ca\/fr\/","name":"New Leaf Debt Solution Fran\u00e7ais","description":"New Leaf Debt Solutions Fran\u00e7ais, Inc.","potentialAction":[{"@type":"SearchAction","target":{"@type":"EntryPoint","urlTemplate":"https:\/\/newleafdebt.ca\/fr\/?s={search_term_string}"},"query-input":{"@type":"PropertyValueSpecification","valueRequired":true,"valueName":"search_term_string"}}],"inLanguage":"fr-CA"}]}},"_links":{"self":[{"href":"https:\/\/newleafdebt.ca\/fr\/wp-json\/wp\/v2\/pages\/34107","targetHints":{"allow":["GET"]}}],"collection":[{"href":"https:\/\/newleafdebt.ca\/fr\/wp-json\/wp\/v2\/pages"}],"about":[{"href":"https:\/\/newleafdebt.ca\/fr\/wp-json\/wp\/v2\/types\/page"}],"author":[{"embeddable":true,"href":"https:\/\/newleafdebt.ca\/fr\/wp-json\/wp\/v2\/users\/1"}],"replies":[{"embeddable":true,"href":"https:\/\/newleafdebt.ca\/fr\/wp-json\/wp\/v2\/comments?post=34107"}],"version-history":[{"count":1,"href":"https:\/\/newleafdebt.ca\/fr\/wp-json\/wp\/v2\/pages\/34107\/revisions"}],"predecessor-version":[{"id":34142,"href":"https:\/\/newleafdebt.ca\/fr\/wp-json\/wp\/v2\/pages\/34107\/revisions\/34142"}],"up":[{"embeddable":true,"href":"https:\/\/newleafdebt.ca\/fr\/wp-json\/wp\/v2\/pages\/34115"}],"wp:attachment":[{"href":"https:\/\/newleafdebt.ca\/fr\/wp-json\/wp\/v2\/media?parent=34107"}],"wp:term":[{"taxonomy":"category","embeddable":true,"href":"https:\/\/newleafdebt.ca\/fr\/wp-json\/wp\/v2\/categories?post=34107"},{"taxonomy":"post_tag","embeddable":true,"href":"https:\/\/newleafdebt.ca\/fr\/wp-json\/wp\/v2\/tags?post=34107"}],"curies":[{"name":"wp","href":"https:\/\/api.w.org\/{rel}","templated":true}]}}