{"id":34106,"date":"2020-10-26T15:06:18","date_gmt":"2020-10-26T19:06:18","guid":{"rendered":"https:\/\/staging-newleafdebt.kinsta.cloud\/?page_id=33777"},"modified":"2023-10-12T15:09:24","modified_gmt":"2023-10-12T19:09:24","slug":"subscriptions","status":"publish","type":"page","link":"https:\/\/newleafdebt.ca\/fr\/subscriptions\/","title":{"rendered":"Abonnements"},"content":{"rendered":"<p>Utilisez la liste ci-dessous pour g\u00e9rer vos abonnements aux e-mails de New Leaf Debt Solutions. Pour vous d\u00e9sabonner, cliquez simplement sur chaque case \u00e0 cocher pour le ou les abonnements que vous souhaitez supprimer, puis soumettez votre demande. Si vous ne cochez aucune option, vos abonnements resteront actifs.<\/p>\n","protected":false},"excerpt":{"rendered":"<p>Utilisez la liste ci-dessous pour g\u00e9rer vos abonnements aux e-mails de New Leaf Debt Solutions. Pour vous d\u00e9sabonner, cliquez simplement sur chaque case \u00e0 cocher pour le ou les abonnements&#8230; <a class=\"read-more\" href=\"https:\/\/newleafdebt.ca\/fr\/subscriptions\/\"> Lire l\u2019article complet  <i class=\"fal fa-angle-double-right\" aria-hidden=\"true\"><\/i><\/a><\/p>\n","protected":false},"author":1,"featured_media":0,"parent":0,"menu_order":0,"comment_status":"closed","ping_status":"closed","template":"temp.subscription.php","meta":{"_acf_changed":false,"footnotes":""},"categories":[],"tags":[],"class_list":["post-34106","page","type-page","status-publish"],"acf":[],"yoast_head":"<!-- This site is optimized with the Yoast SEO Premium plugin v25.3 (Yoast SEO v25.3) - https:\/\/yoast.com\/wordpress\/plugins\/seo\/ -->\n<title>Abonnements - New Leaf Debt Solution Fran\u00e7ais<\/title>\n<meta name=\"robots\" content=\"index, follow, max-snippet:-1, max-image-preview:large, max-video-preview:-1\" \/>\n<link rel=\"canonical\" href=\"https:\/\/newleafdebt.ca\/fr\/subscriptions\/\" \/>\n<meta property=\"og:locale\" content=\"fr_CA\" \/>\n<meta property=\"og:type\" content=\"article\" \/>\n<meta property=\"og:title\" content=\"Abonnements\" \/>\n<meta property=\"og:description\" content=\"Utilisez la liste ci-dessous pour g\u00e9rer vos abonnements aux e-mails de New Leaf Debt Solutions. Pour vous d\u00e9sabonner, cliquez simplement sur chaque case \u00e0 cocher pour le ou les abonnements... Lire l\u2019article complet\" \/>\n<meta property=\"og:url\" content=\"https:\/\/newleafdebt.ca\/fr\/subscriptions\/\" \/>\n<meta property=\"og:site_name\" content=\"New Leaf Debt Solution Fran\u00e7ais\" \/>\n<meta property=\"article:modified_time\" content=\"2023-10-12T19:09:24+00:00\" \/>\n<meta name=\"twitter:card\" content=\"summary_large_image\" \/>\n<meta name=\"twitter:label1\" content=\"Estimation du temps de lecture\" \/>\n\t<meta name=\"twitter:data1\" content=\"1 minute\" \/>\n<!-- \/ Yoast SEO Premium plugin. -->","yoast_head_json":{"title":"Abonnements - New Leaf Debt Solution Fran\u00e7ais","robots":{"index":"index","follow":"follow","max-snippet":"max-snippet:-1","max-image-preview":"max-image-preview:large","max-video-preview":"max-video-preview:-1"},"canonical":"https:\/\/newleafdebt.ca\/fr\/subscriptions\/","og_locale":"fr_CA","og_type":"article","og_title":"Abonnements","og_description":"Utilisez la liste ci-dessous pour g\u00e9rer vos abonnements aux e-mails de New Leaf Debt Solutions. Pour vous d\u00e9sabonner, cliquez simplement sur chaque case \u00e0 cocher pour le ou les abonnements... Lire l\u2019article complet","og_url":"https:\/\/newleafdebt.ca\/fr\/subscriptions\/","og_site_name":"New Leaf Debt Solution Fran\u00e7ais","article_modified_time":"2023-10-12T19:09:24+00:00","twitter_card":"summary_large_image","twitter_misc":{"Estimation du temps de lecture":"1 minute"},"schema":{"@context":"https:\/\/schema.org","@graph":[{"@type":"WebPage","@id":"https:\/\/newleafdebt.ca\/fr\/subscriptions\/","url":"https:\/\/newleafdebt.ca\/fr\/subscriptions\/","name":"Abonnements - New Leaf Debt Solution Fran\u00e7ais","isPartOf":{"@id":"https:\/\/newleafdebt.ca\/fr\/#website"},"datePublished":"2020-10-26T19:06:18+00:00","dateModified":"2023-10-12T19:09:24+00:00","breadcrumb":{"@id":"https:\/\/newleafdebt.ca\/fr\/subscriptions\/#breadcrumb"},"inLanguage":"fr-CA","potentialAction":[{"@type":"ReadAction","target":["https:\/\/newleafdebt.ca\/fr\/subscriptions\/"]}]},{"@type":"BreadcrumbList","@id":"https:\/\/newleafdebt.ca\/fr\/subscriptions\/#breadcrumb","itemListElement":[{"@type":"ListItem","position":1,"name":"Accueil","item":"https:\/\/newleafdebt.ca\/fr\/"},{"@type":"ListItem","position":2,"name":"Abonnements"}]},{"@type":"WebSite","@id":"https:\/\/newleafdebt.ca\/fr\/#website","url":"https:\/\/newleafdebt.ca\/fr\/","name":"New Leaf Debt Solution Fran\u00e7ais","description":"New Leaf Debt Solutions Fran\u00e7ais, Inc.","potentialAction":[{"@type":"SearchAction","target":{"@type":"EntryPoint","urlTemplate":"https:\/\/newleafdebt.ca\/fr\/?s={search_term_string}"},"query-input":{"@type":"PropertyValueSpecification","valueRequired":true,"valueName":"search_term_string"}}],"inLanguage":"fr-CA"}]}},"_links":{"self":[{"href":"https:\/\/newleafdebt.ca\/fr\/wp-json\/wp\/v2\/pages\/34106","targetHints":{"allow":["GET"]}}],"collection":[{"href":"https:\/\/newleafdebt.ca\/fr\/wp-json\/wp\/v2\/pages"}],"about":[{"href":"https:\/\/newleafdebt.ca\/fr\/wp-json\/wp\/v2\/types\/page"}],"author":[{"embeddable":true,"href":"https:\/\/newleafdebt.ca\/fr\/wp-json\/wp\/v2\/users\/1"}],"replies":[{"embeddable":true,"href":"https:\/\/newleafdebt.ca\/fr\/wp-json\/wp\/v2\/comments?post=34106"}],"version-history":[{"count":1,"href":"https:\/\/newleafdebt.ca\/fr\/wp-json\/wp\/v2\/pages\/34106\/revisions"}],"predecessor-version":[{"id":34134,"href":"https:\/\/newleafdebt.ca\/fr\/wp-json\/wp\/v2\/pages\/34106\/revisions\/34134"}],"wp:attachment":[{"href":"https:\/\/newleafdebt.ca\/fr\/wp-json\/wp\/v2\/media?parent=34106"}],"wp:term":[{"taxonomy":"category","embeddable":true,"href":"https:\/\/newleafdebt.ca\/fr\/wp-json\/wp\/v2\/categories?post=34106"},{"taxonomy":"post_tag","embeddable":true,"href":"https:\/\/newleafdebt.ca\/fr\/wp-json\/wp\/v2\/tags?post=34106"}],"curies":[{"name":"wp","href":"https:\/\/api.w.org\/{rel}","templated":true}]}}