{"id":34081,"date":"2019-04-25T15:47:44","date_gmt":"2019-04-25T15:47:44","guid":{"rendered":"https:\/\/staging-newleafdebt.kinsta.cloud\/?page_id=32129"},"modified":"2025-06-18T14:53:03","modified_gmt":"2025-06-18T18:53:03","slug":"propos-nous","status":"publish","type":"page","link":"https:\/\/newleafdebt.ca\/fr\/propos-nous\/","title":{"rendered":"\u00c0 propos de New Leaf Debt Solutions"},"content":{"rendered":"<div class=\"row\">\n<div class=\"col-sm-8\">\n<p>Chez New Leaf Debt Solutions, nous comprenons que les difficult\u00e9s financi\u00e8res placent souvent les gens dans des situations o\u00f9 ils doivent s\u2019endetter plus qu\u2019ils ne peuvent. Qu\u2019il s\u2019agisse d\u2019une perte de revenu en raison d\u2019une perte d\u2019emploi ou d\u2019une r\u00e9duction de salaire, d\u2019un divorce ou d\u2019un d\u00e9c\u00e8s dans la famille, ou simplement de trop nombreuses d\u00e9penses impr\u00e9vues les unes apr\u00e8s les autres, vous pourriez vous retrouver avec une dette de carte de cr\u00e9dit que vous avez de la difficult\u00e9 \u00e0 rembourser.<\/p>\n<\/div>\n<div class=\"col-sm-4\"><img loading=\"lazy\" decoding=\"async\" class=\"aligncenter size-full wp-image-33706\" src=\"https:\/\/staging-newleafdebt.kinsta.cloud\/wp-content\/uploads\/2019\/10\/about.jpg\" alt=\"happy family in Canada\" width=\"800\" height=\"465\" \/><\/div>\n<p>&nbsp;<\/p>\n<\/div>\n<div class=\"row\">\n<div class=\"col\">\n<h3>Notre vision<\/h3>\n<p>Lorsque la dette commence \u00e0 exercer des pressions sur votre budget et vous met dans une situation o\u00f9 vous \u00eates forc\u00e9 de commencer \u00e0 vivre d\u2019un ch\u00e8que de paie \u00e0 l\u2019autre, il est peut-\u00eatre temps d\u2019obtenir de l\u2019aide professionnelle. New Leaf Debt Solutions existe pour aider les Canadiens \u00e0 surmonter les difficult\u00e9s li\u00e9s \u00e0 l\u2019endettement. Gr\u00e2ce \u00e0 une combinaison de conseils en cr\u00e9dit \u00e0 la consommation et d\u2019\u00e9ducation financi\u00e8re, nous aidons les consommateurs \u00e0 r\u00e9tablir leur cr\u00e9dit et leurs finances.<\/p>\n<h3>Notre mission<\/h3>\n<p>Aider les Canadiens \u00e0 tourner la page en renouvelant leurs finances au moyen de conseils en cr\u00e9dit, de gestion de la dette et d\u2019\u00e9ducation financi\u00e8re.<\/p>\n<h3>Qui nous sommes<\/h3>\n<p>New Leaf Debt Solutions est un organisme sans but lucratif enregistr\u00e9 qui offre des services-conseils en cr\u00e9dit aux consommateurs canadiens. En tant qu\u2019organisme sans but lucratif, nous sommes en mesure d\u2019offrir gratuitement des services de consultation en cr\u00e9dit et d\u2019\u00e9ducation financi\u00e8re, ainsi que des programmes de gestion de la dette \u00e0 faible co\u00fbt.<\/p>\n<h3>Comment fonctionne New Leaf Debt Solutions<\/h3>\n<p>Lorsque vous faites face \u00e0 des d\u00e9fis avec la dette, il est important de comprendre comment vous \u00eates arriv\u00e9 \u00e0 ce point et ce que vous pouvez faire pour \u00e9viter de vous retrouver dans cette situation une fois que vous vous acquittez de la dette. Notre processus de consultation commence par une consultation personnalis\u00e9e, afin que votre conseiller en cr\u00e9dit puisse vraiment comprendre votre situation financi\u00e8re et les causes profondes de votre dette.<\/p>\n<p>Ensuite, votre conseiller vous aide \u00e0 \u00e9tablir un budget et un plan de remboursement de la dette qui vous permettront de reprendre le contr\u00f4le de vos finances. Nous travaillons avec vos cr\u00e9anciers pour r\u00e9duire ou \u00e9liminer les frais d\u2019int\u00e9r\u00eat et les frais qui sont actuellement appliqu\u00e9s \u00e0 votre compte. Cela vous permet de vous lib\u00e9rer de la dette plus rapidement d\u2019une mani\u00e8re qui fonctionne pour votre budget. Vous pouvez effectuer un paiement mensuel pour couvrir toutes vos dettes. En moyenne, les clients s\u2019acquittent de leurs dettes au bout de cinq ans ou moins.<\/p>\n<p>En m\u00eame temps, New Leaf offre une formation en litt\u00e9ratie financi\u00e8re qui sera essentielle \u00e0 l\u2019avenir. Vous apprendrez les comp\u00e9tences dont vous avez besoin pour g\u00e9rer vos finances de mani\u00e8re \u00e0 \u00e9viter les dettes tout en vous aidant \u00e0 atteindre vos objectifs financiers.<\/p>\n<h3>Les quatre valeurs fondamentales de New Leaf<\/h3>\n<ol>\n<li>\u00catre \u00e0 l\u2019\u00e9coute des clients afin que nous puissions entendre leurs probl\u00e8mes et vraiment comprendre leur situation financi\u00e8re.<\/li>\n<li>Offrir un environnement s\u00fbr, ouvert et honn\u00eate o\u00f9 les clients se sentent \u00e0 l\u2019aise de faire part de leurs pr\u00e9occupations et de poser des questions.<\/li>\n<li>Conseiller les clients avec compassion et positivit\u00e9, afin qu\u2019ils se sentent soutenus et stimul\u00e9s dans leur parcours pour s\u2019acquitter de leurs dettes.<\/li>\n<li>Aider \u00e0 am\u00e9liorer la litt\u00e9ratie financi\u00e8re afin que les Canadiens soient mieux outill\u00e9s pour relever les d\u00e9fis financiers.\n<\/li>\n<\/ol>\n<\/div>\n<\/div>\n<p>New Leaf souscrit aux principes de diversit\u00e9, d\u2019\u00e9quit\u00e9 et d\u2019inclusion. Notre approche est simple : en cr\u00e9ant une culture de respect pour les valeurs, les croyances, les traditions et les ant\u00e9c\u00e9dents des communaut\u00e9s que nous servons, et notre engagement ind\u00e9fectible envers nos valeurs fondamentales, nous cr\u00e9ons une conscience d\u00e9montr\u00e9e de la diversit\u00e9 au sein de notre communaut\u00e9. Notre personnel re\u00e7oit une formation et une \u00e9ducation continues afin d\u2019am\u00e9liorer nos connaissances et notre compr\u00e9hension de l\u2019importance de ces principes. De plus, notre engagement civique influe sur l\u2019\u00e9laboration des politiques afin que nous puissions r\u00e9pondre aux divers besoins des personnes que nous servons fi\u00e8rement.<\/p>\n","protected":false},"excerpt":{"rendered":"<p>Chez New Leaf Debt Solutions, nous comprenons que les difficult\u00e9s financi\u00e8res placent souvent les gens dans des situations o\u00f9 ils doivent s\u2019endetter plus qu\u2019ils ne peuvent. Qu\u2019il s\u2019agisse d\u2019une perte&#8230; <a class=\"read-more\" href=\"https:\/\/newleafdebt.ca\/fr\/propos-nous\/\"> Lire l\u2019article complet  <i class=\"fal fa-angle-double-right\" aria-hidden=\"true\"><\/i><\/a><\/p>\n","protected":false},"author":1,"featured_media":0,"parent":0,"menu_order":0,"comment_status":"closed","ping_status":"closed","template":"","meta":{"_acf_changed":false,"footnotes":""},"categories":[],"tags":[],"class_list":["post-34081","page","type-page","status-publish"],"acf":[],"yoast_head":"<!-- This site is optimized with the Yoast SEO Premium plugin v25.3 (Yoast SEO v25.3) - https:\/\/yoast.com\/wordpress\/plugins\/seo\/ -->\n<title>\u00c0 propos de New Leaf Debt Solutions : Aider les Canadiens \u00e0 renouveler leurs finances<\/title>\n<meta name=\"description\" content=\"D\u00e9couvrez comment New Leaf Debt Solutions aide les consommateurs \u00e0 surmonter les d\u00e9fis li\u00e9s \u00e0 l\u2019endettement pour tourner une nouvelle page financi\u00e8re gr\u00e2ce \u00e0 des conseils et \u00e0 une \u00e9ducation en mati\u00e8re de cr\u00e9dit.\" \/>\n<meta name=\"robots\" content=\"index, follow, max-snippet:-1, max-image-preview:large, max-video-preview:-1\" \/>\n<link rel=\"canonical\" href=\"https:\/\/newleafdebt.ca\/fr\/propos-nous\/\" \/>\n<meta property=\"og:locale\" content=\"fr_CA\" \/>\n<meta property=\"og:type\" content=\"article\" \/>\n<meta property=\"og:title\" content=\"\u00c0 propos de New Leaf Debt Solutions\" \/>\n<meta property=\"og:description\" content=\"D\u00e9couvrez comment New Leaf Debt Solutions aide les consommateurs \u00e0 surmonter les d\u00e9fis li\u00e9s \u00e0 l\u2019endettement pour tourner une nouvelle page financi\u00e8re gr\u00e2ce \u00e0 des conseils et \u00e0 une \u00e9ducation en mati\u00e8re de cr\u00e9dit.\" \/>\n<meta property=\"og:url\" content=\"https:\/\/newleafdebt.ca\/fr\/propos-nous\/\" \/>\n<meta property=\"og:site_name\" content=\"New Leaf Debt Solution Fran\u00e7ais\" \/>\n<meta property=\"article:modified_time\" content=\"2025-06-18T18:53:03+00:00\" \/>\n<meta name=\"twitter:card\" content=\"summary_large_image\" \/>\n<meta name=\"twitter:label1\" content=\"Estimation du temps de lecture\" \/>\n\t<meta name=\"twitter:data1\" content=\"4 minutes\" \/>\n<!-- \/ Yoast SEO Premium plugin. -->","yoast_head_json":{"title":"\u00c0 propos de New Leaf Debt Solutions : Aider les Canadiens \u00e0 renouveler leurs finances","description":"D\u00e9couvrez comment New Leaf Debt Solutions aide les consommateurs \u00e0 surmonter les d\u00e9fis li\u00e9s \u00e0 l\u2019endettement pour tourner une nouvelle page financi\u00e8re gr\u00e2ce \u00e0 des conseils et \u00e0 une \u00e9ducation en mati\u00e8re de cr\u00e9dit.","robots":{"index":"index","follow":"follow","max-snippet":"max-snippet:-1","max-image-preview":"max-image-preview:large","max-video-preview":"max-video-preview:-1"},"canonical":"https:\/\/newleafdebt.ca\/fr\/propos-nous\/","og_locale":"fr_CA","og_type":"article","og_title":"\u00c0 propos de New Leaf Debt Solutions","og_description":"D\u00e9couvrez comment New Leaf Debt Solutions aide les consommateurs \u00e0 surmonter les d\u00e9fis li\u00e9s \u00e0 l\u2019endettement pour tourner une nouvelle page financi\u00e8re gr\u00e2ce \u00e0 des conseils et \u00e0 une \u00e9ducation en mati\u00e8re de cr\u00e9dit.","og_url":"https:\/\/newleafdebt.ca\/fr\/propos-nous\/","og_site_name":"New Leaf Debt Solution Fran\u00e7ais","article_modified_time":"2025-06-18T18:53:03+00:00","twitter_card":"summary_large_image","twitter_misc":{"Estimation du temps de lecture":"4 minutes"},"schema":{"@context":"https:\/\/schema.org","@graph":[{"@type":"WebPage","@id":"https:\/\/newleafdebt.ca\/fr\/propos-nous\/","url":"https:\/\/newleafdebt.ca\/fr\/propos-nous\/","name":"\u00c0 propos de New Leaf Debt Solutions : Aider les Canadiens \u00e0 renouveler leurs finances","isPartOf":{"@id":"https:\/\/newleafdebt.ca\/fr\/#website"},"primaryImageOfPage":{"@id":"https:\/\/newleafdebt.ca\/fr\/propos-nous\/#primaryimage"},"image":{"@id":"https:\/\/newleafdebt.ca\/fr\/propos-nous\/#primaryimage"},"thumbnailUrl":"https:\/\/staging-newleafdebt.kinsta.cloud\/wp-content\/uploads\/2019\/10\/about.jpg","datePublished":"2019-04-25T15:47:44+00:00","dateModified":"2025-06-18T18:53:03+00:00","description":"D\u00e9couvrez comment New Leaf Debt Solutions aide les consommateurs \u00e0 surmonter les d\u00e9fis li\u00e9s \u00e0 l\u2019endettement pour tourner une nouvelle page financi\u00e8re gr\u00e2ce \u00e0 des conseils et \u00e0 une \u00e9ducation en mati\u00e8re de cr\u00e9dit.","breadcrumb":{"@id":"https:\/\/newleafdebt.ca\/fr\/propos-nous\/#breadcrumb"},"inLanguage":"fr-CA","potentialAction":[{"@type":"ReadAction","target":["https:\/\/newleafdebt.ca\/fr\/propos-nous\/"]}]},{"@type":"ImageObject","inLanguage":"fr-CA","@id":"https:\/\/newleafdebt.ca\/fr\/propos-nous\/#primaryimage","url":"https:\/\/staging-newleafdebt.kinsta.cloud\/wp-content\/uploads\/2019\/10\/about.jpg","contentUrl":"https:\/\/staging-newleafdebt.kinsta.cloud\/wp-content\/uploads\/2019\/10\/about.jpg"},{"@type":"BreadcrumbList","@id":"https:\/\/newleafdebt.ca\/fr\/propos-nous\/#breadcrumb","itemListElement":[{"@type":"ListItem","position":1,"name":"Accueil","item":"https:\/\/newleafdebt.ca\/fr\/"},{"@type":"ListItem","position":2,"name":"\u00c0 propos de New Leaf Debt Solutions"}]},{"@type":"WebSite","@id":"https:\/\/newleafdebt.ca\/fr\/#website","url":"https:\/\/newleafdebt.ca\/fr\/","name":"New Leaf Debt Solution Fran\u00e7ais","description":"New Leaf Debt Solutions Fran\u00e7ais, Inc.","potentialAction":[{"@type":"SearchAction","target":{"@type":"EntryPoint","urlTemplate":"https:\/\/newleafdebt.ca\/fr\/?s={search_term_string}"},"query-input":{"@type":"PropertyValueSpecification","valueRequired":true,"valueName":"search_term_string"}}],"inLanguage":"fr-CA"}]}},"_links":{"self":[{"href":"https:\/\/newleafdebt.ca\/fr\/wp-json\/wp\/v2\/pages\/34081","targetHints":{"allow":["GET"]}}],"collection":[{"href":"https:\/\/newleafdebt.ca\/fr\/wp-json\/wp\/v2\/pages"}],"about":[{"href":"https:\/\/newleafdebt.ca\/fr\/wp-json\/wp\/v2\/types\/page"}],"author":[{"embeddable":true,"href":"https:\/\/newleafdebt.ca\/fr\/wp-json\/wp\/v2\/users\/1"}],"replies":[{"embeddable":true,"href":"https:\/\/newleafdebt.ca\/fr\/wp-json\/wp\/v2\/comments?post=34081"}],"version-history":[{"count":2,"href":"https:\/\/newleafdebt.ca\/fr\/wp-json\/wp\/v2\/pages\/34081\/revisions"}],"predecessor-version":[{"id":34213,"href":"https:\/\/newleafdebt.ca\/fr\/wp-json\/wp\/v2\/pages\/34081\/revisions\/34213"}],"wp:attachment":[{"href":"https:\/\/newleafdebt.ca\/fr\/wp-json\/wp\/v2\/media?parent=34081"}],"wp:term":[{"taxonomy":"category","embeddable":true,"href":"https:\/\/newleafdebt.ca\/fr\/wp-json\/wp\/v2\/categories?post=34081"},{"taxonomy":"post_tag","embeddable":true,"href":"https:\/\/newleafdebt.ca\/fr\/wp-json\/wp\/v2\/tags?post=34081"}],"curies":[{"name":"wp","href":"https:\/\/api.w.org\/{rel}","templated":true}]}}