{"id":34079,"date":"2018-07-26T19:42:25","date_gmt":"2018-07-26T19:42:25","guid":{"rendered":"https:\/\/staging-newleafdebt.kinsta.cloud\/?page_id=27154"},"modified":"2025-06-18T15:01:37","modified_gmt":"2025-06-18T19:01:37","slug":"centre-d-education-financiere","status":"publish","type":"page","link":"https:\/\/newleafdebt.ca\/fr\/centre-d-education-financiere\/","title":{"rendered":"Centre d\u2019\u00e9ducation financi\u00e8re"},"content":{"rendered":"<div class=\"row\">\n<div class=\"col-sm-8\">\n<h2>Trouvez des ressources gratuites pour vous aider \u00e0 acqu\u00e9rir des connaissances financi\u00e8res.<\/h2>\n<p>Alors que vous vous efforcez de vous lib\u00e9rer de vos dettes, il est important de comprendre comment vous vous \u00eates retrouv\u00e9 dans cette situation et quelles mesures vous pouvez prendre pour \u00e9viter d\u2019\u00eatre confront\u00e9 \u00e0 des probl\u00e8mes similaires \u00e0 l\u2019avenir. M\u00eame si des circonstances att\u00e9nuantes et ind\u00e9pendantes de votre volont\u00e9 vous ont conduit \u00e0 des probl\u00e8mes d\u2019endettement, il existe souvent des probl\u00e8mes financiers sous-jacents qui ont contribu\u00e9 \u00e0 votre endettement. Il est essentiel de d\u00e9velopper la culture financi\u00e8re par l\u2019\u00e9ducation pour vous apprendre \u00e0 surmonter les difficult\u00e9s que vous pouvez rencontrer.<\/p>\n<\/div>\n<div class=\"col-sm-4\"><img loading=\"lazy\" decoding=\"async\" class=\"aligncenter size-full wp-image-33705\" src=\"https:\/\/staging-newleafdebt.kinsta.cloud\/wp-content\/uploads\/2019\/10\/financial-education.jpg\" alt=\"Man working at laptop\" width=\"800\" height=\"534\" \/><\/div>\n<p>&nbsp;<\/p>\n<\/div>\n<div class=\"row\">\n<div class=\"col\">\n<p>Ce centre d\u2019\u00e9ducation financi\u00e8re est con\u00e7u pour vous aider \u00e0 acqu\u00e9rir les comp\u00e9tences fondamentales en mati\u00e8re de finances dont vous avez besoin pour r\u00e9ussir. Vous pouvez apprendre comment \u00e9tablir et tenir un budget, comment obtenir un bon cr\u00e9dit et \u00e9viter les risques de cr\u00e9dit, et comment g\u00e9rer efficacement les dettes.<\/p>\n<h3>Qu\u2019est-ce que l\u2019\u00e9ducation financi\u00e8re?<\/h3>\n<p>L\u2019\u00e9ducation financi\u00e8re fait r\u00e9f\u00e9rence \u00e0 la capacit\u00e9 de comprendre les concepts financiers cl\u00e9s et d\u2019agir en cons\u00e9quence pour maintenir une stabilit\u00e9 financi\u00e8re \u00e0 long terme. Pour faire les bons choix pour votre argent, vous devez comprendre des choses comme budg\u00e9tiser, le cr\u00e9dit et g\u00e9rer les dettes. Plus vous en savez, plus il est facile d\u2019atteindre vos objectifs et d\u2019\u00e9viter les probl\u00e8mes potentiels. M\u00eame si la plupart des Canadiens n\u2019ont pas re\u00e7u d\u2019\u00e9ducation financi\u00e8re \u00e0 l\u2019\u00e9cole, il est essentiel que les consommateurs prennent le temps d\u2019am\u00e9liorer leurs connaissances financi\u00e8res par l\u2019\u00e9ducation.<\/p>\n<h2>Ma\u00eetriser les principes fondamentaux de l\u2019\u00e9ducation financi\u00e8re<\/h2>\n<p>L\u2019\u00e9ducation financi\u00e8re repose sur trois principes de base que vous devez comprendre pour r\u00e9ussir:<\/p>\n<ol>\n<li>Comprendre comment \u00e9tablir un budget, afin de pouvoir g\u00e9rer votre argent au quotidien et \u00e9pargner efficacement pour atteindre vos objectifs.<\/li>\n<li>Savoir comment fonctionne le cr\u00e9dit, afin de pouvoir utiliser le cr\u00e9dit de mani\u00e8re efficace, garder un profil de cr\u00e9dit net et maintenir une cote de cr\u00e9dit \u00e9lev\u00e9e.\n<\/li>\n<li>Saisir les cl\u00e9s de la gestion des dettes, afin d\u2019\u00e9viter les probl\u00e8mes d\u2019endettement en utilisant les bonnes strat\u00e9gies de remboursement au bon moment.<\/li>\n<\/ol>\n<p>La ma\u00eetrise de ces trois sujets d\u2019\u00e9ducation financi\u00e8re vous aidera \u00e0 \u00e9tablir une base solide pour vos finances. Vous pourrez ensuite continuer \u00e0 d\u00e9velopper vos connaissances pour aborder des concepts de plus haut niveau, tel que l\u2019investissement. Mais avant de pouvoir courir, vous devez apprendre \u00e0 marcher. Ces ressources vous aideront \u00e0 le faire!<\/p>\n<h3>Les bases de la budg\u00e9tisation<br \/>\n<\/h3>\n<p>La premi\u00e8re \u00e9tape pour apprendre \u00e0 g\u00e9rer efficacement son argent est d\u2019apprendre \u00e0 \u00e9tablir un budget. Un budget personnel vous donne un plan de stabilit\u00e9 financi\u00e8re. Vous vous assurez que vos d\u00e9penses mensuelles s\u2019\u00e9quilibrent avec vos revenus. Vous constituez \u00e9galement une \u00e9pargne et un flux de tr\u00e9sorerie disponible, afin de pouvoir faire face aux urgences sans recourir au cr\u00e9dit et atteindre vos objectifs.<\/p>\n<p><a href=\"\/fr\/budgetisation\/\">Apprenez \u00e0 \u00e9tablir un budget pratique \u00bb<\/a><\/p>\n<h3>Tout sur le cr\u00e9dit<\/h3>\n<p>Un bon cr\u00e9dit est essentiel pour les consommateurs. Le cr\u00e9dit vous permet d\u2019effectuer des achats importants, comme l\u2019achat d\u2019une premi\u00e8re maison ou d\u2019une premi\u00e8re voiture, afin d\u2019atteindre des objectifs de vie essentiels. Le cr\u00e9dit offre commodit\u00e9 et r\u00e9compenses lorsque vous effectuez des achats, mais il a aussi un co\u00fbt. Ce guide vous apprend \u00e0 utiliser les diff\u00e9rents types de cr\u00e9dit avec succ\u00e8s, ainsi qu\u2019\u00e0 conserver un bon cr\u00e9dit en comprenant les rapports de cr\u00e9dit \u00e0 la consommation et les cotes de cr\u00e9dit.<\/p>\n<p><a href=\"\/fr\/conseil-en-credit\/\">Apprenez tout ce que vous devez savoir sur le cr\u00e9dit \u00bb<\/a><\/p>\n<h3>Gestion de la dette<\/h3>\n<p>Si vous avez recours au cr\u00e9dit, vous devez savoir comment g\u00e9rer les dettes qu\u2019il engendre. G\u00e9rer les dettes signifie comprendre le montant de la dette que vous pouvez maintenir confortablement et trouver des strat\u00e9gies pour la rembourser rapidement. Il s\u2019agit \u00e9galement de vous familiariser avec les solutions qui peuvent faciliter le d\u00e9sendettement, afin de savoir quelle voie emprunter lorsque vous \u00eates confront\u00e9 \u00e0 des difficult\u00e9s. Ce guide est con\u00e7u pour vous aider \u00e0 devenir un expert en gestion des dettes.<\/p>\n<p><a href=\"\/fr\/dettes\/\">Apprenez \u00e0 g\u00e9rer votre dette pour \u00e9viter les probl\u00e8mes potentiels \u00bb<\/a><\/p>\n<\/div>\n<\/div>\n","protected":false},"excerpt":{"rendered":"<p>Trouvez des ressources gratuites pour vous aider \u00e0 acqu\u00e9rir des connaissances financi\u00e8res. Alors que vous vous efforcez de vous lib\u00e9rer de vos dettes, il est important de comprendre comment vous&#8230; <a class=\"read-more\" href=\"https:\/\/newleafdebt.ca\/fr\/centre-d-education-financiere\/\"> Lire l\u2019article complet  <i class=\"fal fa-angle-double-right\" aria-hidden=\"true\"><\/i><\/a><\/p>\n","protected":false},"author":1,"featured_media":0,"parent":0,"menu_order":0,"comment_status":"closed","ping_status":"closed","template":"","meta":{"_acf_changed":false,"footnotes":""},"categories":[],"tags":[],"class_list":["post-34079","page","type-page","status-publish"],"acf":[],"yoast_head":"<!-- This site is optimized with the Yoast SEO Premium plugin v25.3 (Yoast SEO v25.3) - https:\/\/yoast.com\/wordpress\/plugins\/seo\/ -->\n<title>Tournez la page avec l&#039;\u00e9ducation financi\u00e8re - New Leaf Debt Solutions<\/title>\n<meta name=\"description\" content=\"L&#039;\u00e9ducation financi\u00e8re est essentielle pour vous d\u00e9sendetter et revitaliser votre situation financi\u00e8re. Ce guide peut vous aider \u00e0 d\u00e9velopper vos comp\u00e9tences financi\u00e8res.\" \/>\n<meta name=\"robots\" content=\"index, follow, max-snippet:-1, max-image-preview:large, max-video-preview:-1\" \/>\n<link rel=\"canonical\" href=\"https:\/\/newleafdebt.ca\/fr\/centre-d-education-financiere\/\" \/>\n<meta property=\"og:locale\" content=\"fr_CA\" \/>\n<meta property=\"og:type\" content=\"article\" \/>\n<meta property=\"og:title\" content=\"Centre d\u2019\u00e9ducation financi\u00e8re\" \/>\n<meta property=\"og:description\" content=\"L&#039;\u00e9ducation financi\u00e8re est essentielle pour vous d\u00e9sendetter et revitaliser votre situation financi\u00e8re. Ce guide peut vous aider \u00e0 d\u00e9velopper vos comp\u00e9tences financi\u00e8res.\" \/>\n<meta property=\"og:url\" content=\"https:\/\/newleafdebt.ca\/fr\/centre-d-education-financiere\/\" \/>\n<meta property=\"og:site_name\" content=\"New Leaf Debt Solution Fran\u00e7ais\" \/>\n<meta property=\"article:modified_time\" content=\"2025-06-18T19:01:37+00:00\" \/>\n<meta name=\"twitter:card\" content=\"summary_large_image\" \/>\n<meta name=\"twitter:label1\" content=\"Estimation du temps de lecture\" \/>\n\t<meta name=\"twitter:data1\" content=\"4 minutes\" \/>\n<!-- \/ Yoast SEO Premium plugin. -->","yoast_head_json":{"title":"Tournez la page avec l'\u00e9ducation financi\u00e8re - New Leaf Debt Solutions","description":"L'\u00e9ducation financi\u00e8re est essentielle pour vous d\u00e9sendetter et revitaliser votre situation financi\u00e8re. Ce guide peut vous aider \u00e0 d\u00e9velopper vos comp\u00e9tences financi\u00e8res.","robots":{"index":"index","follow":"follow","max-snippet":"max-snippet:-1","max-image-preview":"max-image-preview:large","max-video-preview":"max-video-preview:-1"},"canonical":"https:\/\/newleafdebt.ca\/fr\/centre-d-education-financiere\/","og_locale":"fr_CA","og_type":"article","og_title":"Centre d\u2019\u00e9ducation financi\u00e8re","og_description":"L'\u00e9ducation financi\u00e8re est essentielle pour vous d\u00e9sendetter et revitaliser votre situation financi\u00e8re. Ce guide peut vous aider \u00e0 d\u00e9velopper vos comp\u00e9tences financi\u00e8res.","og_url":"https:\/\/newleafdebt.ca\/fr\/centre-d-education-financiere\/","og_site_name":"New Leaf Debt Solution Fran\u00e7ais","article_modified_time":"2025-06-18T19:01:37+00:00","twitter_card":"summary_large_image","twitter_misc":{"Estimation du temps de lecture":"4 minutes"},"schema":{"@context":"https:\/\/schema.org","@graph":[{"@type":"WebPage","@id":"https:\/\/newleafdebt.ca\/fr\/centre-d-education-financiere\/","url":"https:\/\/newleafdebt.ca\/fr\/centre-d-education-financiere\/","name":"Tournez la page avec l'\u00e9ducation financi\u00e8re - New Leaf Debt Solutions","isPartOf":{"@id":"https:\/\/newleafdebt.ca\/fr\/#website"},"primaryImageOfPage":{"@id":"https:\/\/newleafdebt.ca\/fr\/centre-d-education-financiere\/#primaryimage"},"image":{"@id":"https:\/\/newleafdebt.ca\/fr\/centre-d-education-financiere\/#primaryimage"},"thumbnailUrl":"https:\/\/staging-newleafdebt.kinsta.cloud\/wp-content\/uploads\/2019\/10\/financial-education.jpg","datePublished":"2018-07-26T19:42:25+00:00","dateModified":"2025-06-18T19:01:37+00:00","description":"L'\u00e9ducation financi\u00e8re est essentielle pour vous d\u00e9sendetter et revitaliser votre situation financi\u00e8re. Ce guide peut vous aider \u00e0 d\u00e9velopper vos comp\u00e9tences financi\u00e8res.","breadcrumb":{"@id":"https:\/\/newleafdebt.ca\/fr\/centre-d-education-financiere\/#breadcrumb"},"inLanguage":"fr-CA","potentialAction":[{"@type":"ReadAction","target":["https:\/\/newleafdebt.ca\/fr\/centre-d-education-financiere\/"]}]},{"@type":"ImageObject","inLanguage":"fr-CA","@id":"https:\/\/newleafdebt.ca\/fr\/centre-d-education-financiere\/#primaryimage","url":"https:\/\/staging-newleafdebt.kinsta.cloud\/wp-content\/uploads\/2019\/10\/financial-education.jpg","contentUrl":"https:\/\/staging-newleafdebt.kinsta.cloud\/wp-content\/uploads\/2019\/10\/financial-education.jpg"},{"@type":"BreadcrumbList","@id":"https:\/\/newleafdebt.ca\/fr\/centre-d-education-financiere\/#breadcrumb","itemListElement":[{"@type":"ListItem","position":1,"name":"Accueil","item":"https:\/\/newleafdebt.ca\/fr\/"},{"@type":"ListItem","position":2,"name":"Centre d\u2019\u00e9ducation financi\u00e8re"}]},{"@type":"WebSite","@id":"https:\/\/newleafdebt.ca\/fr\/#website","url":"https:\/\/newleafdebt.ca\/fr\/","name":"New Leaf Debt Solution Fran\u00e7ais","description":"New Leaf Debt Solutions Fran\u00e7ais, Inc.","potentialAction":[{"@type":"SearchAction","target":{"@type":"EntryPoint","urlTemplate":"https:\/\/newleafdebt.ca\/fr\/?s={search_term_string}"},"query-input":{"@type":"PropertyValueSpecification","valueRequired":true,"valueName":"search_term_string"}}],"inLanguage":"fr-CA"}]}},"_links":{"self":[{"href":"https:\/\/newleafdebt.ca\/fr\/wp-json\/wp\/v2\/pages\/34079","targetHints":{"allow":["GET"]}}],"collection":[{"href":"https:\/\/newleafdebt.ca\/fr\/wp-json\/wp\/v2\/pages"}],"about":[{"href":"https:\/\/newleafdebt.ca\/fr\/wp-json\/wp\/v2\/types\/page"}],"author":[{"embeddable":true,"href":"https:\/\/newleafdebt.ca\/fr\/wp-json\/wp\/v2\/users\/1"}],"replies":[{"embeddable":true,"href":"https:\/\/newleafdebt.ca\/fr\/wp-json\/wp\/v2\/comments?post=34079"}],"version-history":[{"count":1,"href":"https:\/\/newleafdebt.ca\/fr\/wp-json\/wp\/v2\/pages\/34079\/revisions"}],"predecessor-version":[{"id":34157,"href":"https:\/\/newleafdebt.ca\/fr\/wp-json\/wp\/v2\/pages\/34079\/revisions\/34157"}],"wp:attachment":[{"href":"https:\/\/newleafdebt.ca\/fr\/wp-json\/wp\/v2\/media?parent=34079"}],"wp:term":[{"taxonomy":"category","embeddable":true,"href":"https:\/\/newleafdebt.ca\/fr\/wp-json\/wp\/v2\/categories?post=34079"},{"taxonomy":"post_tag","embeddable":true,"href":"https:\/\/newleafdebt.ca\/fr\/wp-json\/wp\/v2\/tags?post=34079"}],"curies":[{"name":"wp","href":"https:\/\/api.w.org\/{rel}","templated":true}]}}