{"id":34077,"date":"2017-05-03T18:32:20","date_gmt":"2017-05-03T18:32:20","guid":{"rendered":"https:\/\/staging-newleafdebt.kinsta.cloud\/?page_id=20911"},"modified":"2022-08-05T15:36:32","modified_gmt":"2022-08-05T15:36:32","slug":"accessibilite","status":"publish","type":"page","link":"https:\/\/newleafdebt.ca\/fr\/accessibilite\/","title":{"rendered":"Accessibilit\u00e9"},"content":{"rendered":"<p>\n\tSi vous avez de la difficult\u00e9 \u00e0 utiliser ou \u00e0 acc\u00e9der \u00e0 un \u00e9l\u00e9ment de ce site Web ou \u00e0 un outil mobile de New Leaf Debt Solutions, Inc. (\u00ab New Leaf \u00bb), n\u2019h\u00e9sitez pas \u00e0 communiquer avec nous et nous travaillerons avec vous pour vous fournir les renseignements, l\u2019article ou la transaction que vous recherchez par une m\u00e9thode de communication qui est accessible pour vous conform\u00e9ment \u00e0 la loi applicable (par exemple, par l\u2019assistance t\u00e9l\u00e9phonique). Tout probl\u00e8me d\u2019accessibilit\u00e9 du site ou toute suggestion sur la fa\u00e7on dont nous pouvons l\u2019am\u00e9liorer doit \u00eatre signal\u00e9 \u00e0 <a href=\"mailto:accessibility@Newleafdebt.ca\">accessibility@Newleafdebt.ca<\/a>.\n<\/p>\n<p>\n\tNew Leaf s\u2019engage \u00e0 assurer l\u2019accessibilit\u00e9 de son site Web et de son intranet aux personnes handicap\u00e9es. Nous nous effor\u00e7ons d\u2019avoir du contenu Web nouveau et mis \u00e0 jour produit par notre organisation pour r\u00e9pondre \u00e0 la conformit\u00e9 WCAG 2.0, niveau AA. Nous prenons activement diverses mesures et consacrons des ressources pour am\u00e9liorer continuellement l\u2019accessibilit\u00e9 de notre site Web et d\u2019autres technologies.\n<\/p>\n<p>\n\tLes fournisseurs de contenu tiers connaissent notre politique d\u2019accessibilit\u00e9 des sites Web. New Leaf privil\u00e9giera \u00e9galement les fournisseurs en fonction de leurs exigences de conformit\u00e9 en mati\u00e8re d\u2019accessibilit\u00e9. Malheureusement, certains contenus tiers sur notre site, y compris les cartes, peuvent ne pas \u00eatre accessibles malgr\u00e9 tous nos efforts.\n<\/p>\n<p>\n\tLa pr\u00e9sente politique sera r\u00e9vis\u00e9e chaque ann\u00e9e au plus tard le 1 septembre de chaque ann\u00e9e, selon le processus d\u00e9crit \u00e0 la M\u00e9thodologie d\u2019\u00e9valuation de la conformit\u00e9 de l\u2019accessibilit\u00e9 des sites Web. Les examens sont la responsabilit\u00e9 du service TI, entre autres. Les v\u00e9rifications de l\u2019accessibilit\u00e9 seront int\u00e9gr\u00e9es au flux de travail de publication pour tout nouveau contenu. Bien que nous soyons fiers des efforts que nous avons r\u00e9alis\u00e9s et qui sont en cours, nous consid\u00e9rons, \u00e0 New Leaf, l\u2019accessibilit\u00e9 comme un effort continu.<\/p>\n","protected":false},"excerpt":{"rendered":"<p>Si vous avez de la difficult\u00e9 \u00e0 utiliser ou \u00e0 acc\u00e9der \u00e0 un \u00e9l\u00e9ment de ce site Web ou \u00e0 un outil mobile de New Leaf Debt Solutions, Inc. (\u00ab&#8230; <a class=\"read-more\" href=\"https:\/\/newleafdebt.ca\/fr\/accessibilite\/\"> Lire l\u2019article complet  <i class=\"fal fa-angle-double-right\" aria-hidden=\"true\"><\/i><\/a><\/p>\n","protected":false},"author":1,"featured_media":0,"parent":0,"menu_order":22,"comment_status":"closed","ping_status":"closed","template":"","meta":{"_acf_changed":false,"footnotes":""},"categories":[],"tags":[],"class_list":["post-34077","page","type-page","status-publish"],"acf":[],"yoast_head":"<!-- This site is optimized with the Yoast SEO Premium plugin v25.3 (Yoast SEO v25.3) - https:\/\/yoast.com\/wordpress\/plugins\/seo\/ -->\n<title>Accessibility and ADA Compliance |<\/title>\n<meta name=\"description\" content=\"In an effort to ensure that everyone can access the free financial education on our website, we follow the highest accessibility standards set by the ADA.\" \/>\n<meta name=\"robots\" content=\"index, follow, max-snippet:-1, max-image-preview:large, max-video-preview:-1\" \/>\n<link rel=\"canonical\" href=\"https:\/\/newleafdebt.ca\/fr\/accessibilite\/\" \/>\n<meta property=\"og:locale\" content=\"fr_CA\" \/>\n<meta property=\"og:type\" content=\"article\" \/>\n<meta property=\"og:title\" content=\"Accessibilit\u00e9\" \/>\n<meta property=\"og:description\" content=\"In an effort to ensure that everyone can access the free financial education on our website, we follow the highest accessibility standards set by the ADA.\" \/>\n<meta property=\"og:url\" content=\"https:\/\/newleafdebt.ca\/fr\/accessibilite\/\" \/>\n<meta property=\"og:site_name\" content=\"New Leaf Debt Solution Fran\u00e7ais\" \/>\n<meta property=\"article:modified_time\" content=\"2022-08-05T15:36:32+00:00\" \/>\n<meta name=\"twitter:card\" content=\"summary_large_image\" \/>\n<meta name=\"twitter:label1\" content=\"Estimation du temps de lecture\" \/>\n\t<meta name=\"twitter:data1\" content=\"2 minutes\" \/>\n<!-- \/ Yoast SEO Premium plugin. -->","yoast_head_json":{"title":"Accessibility and ADA Compliance |","description":"In an effort to ensure that everyone can access the free financial education on our website, we follow the highest accessibility standards set by the ADA.","robots":{"index":"index","follow":"follow","max-snippet":"max-snippet:-1","max-image-preview":"max-image-preview:large","max-video-preview":"max-video-preview:-1"},"canonical":"https:\/\/newleafdebt.ca\/fr\/accessibilite\/","og_locale":"fr_CA","og_type":"article","og_title":"Accessibilit\u00e9","og_description":"In an effort to ensure that everyone can access the free financial education on our website, we follow the highest accessibility standards set by the ADA.","og_url":"https:\/\/newleafdebt.ca\/fr\/accessibilite\/","og_site_name":"New Leaf Debt Solution Fran\u00e7ais","article_modified_time":"2022-08-05T15:36:32+00:00","twitter_card":"summary_large_image","twitter_misc":{"Estimation du temps de lecture":"2 minutes"},"schema":{"@context":"https:\/\/schema.org","@graph":[{"@type":"WebPage","@id":"https:\/\/newleafdebt.ca\/fr\/accessibilite\/","url":"https:\/\/newleafdebt.ca\/fr\/accessibilite\/","name":"Accessibility and ADA Compliance |","isPartOf":{"@id":"https:\/\/newleafdebt.ca\/fr\/#website"},"datePublished":"2017-05-03T18:32:20+00:00","dateModified":"2022-08-05T15:36:32+00:00","description":"In an effort to ensure that everyone can access the free financial education on our website, we follow the highest accessibility standards set by the ADA.","breadcrumb":{"@id":"https:\/\/newleafdebt.ca\/fr\/accessibilite\/#breadcrumb"},"inLanguage":"fr-CA","potentialAction":[{"@type":"ReadAction","target":["https:\/\/newleafdebt.ca\/fr\/accessibilite\/"]}]},{"@type":"BreadcrumbList","@id":"https:\/\/newleafdebt.ca\/fr\/accessibilite\/#breadcrumb","itemListElement":[{"@type":"ListItem","position":1,"name":"Accueil","item":"https:\/\/newleafdebt.ca\/fr\/"},{"@type":"ListItem","position":2,"name":"Accessibilit\u00e9"}]},{"@type":"WebSite","@id":"https:\/\/newleafdebt.ca\/fr\/#website","url":"https:\/\/newleafdebt.ca\/fr\/","name":"New Leaf Debt Solution Fran\u00e7ais","description":"New Leaf Debt Solutions Fran\u00e7ais, Inc.","potentialAction":[{"@type":"SearchAction","target":{"@type":"EntryPoint","urlTemplate":"https:\/\/newleafdebt.ca\/fr\/?s={search_term_string}"},"query-input":{"@type":"PropertyValueSpecification","valueRequired":true,"valueName":"search_term_string"}}],"inLanguage":"fr-CA"}]}},"_links":{"self":[{"href":"https:\/\/newleafdebt.ca\/fr\/wp-json\/wp\/v2\/pages\/34077","targetHints":{"allow":["GET"]}}],"collection":[{"href":"https:\/\/newleafdebt.ca\/fr\/wp-json\/wp\/v2\/pages"}],"about":[{"href":"https:\/\/newleafdebt.ca\/fr\/wp-json\/wp\/v2\/types\/page"}],"author":[{"embeddable":true,"href":"https:\/\/newleafdebt.ca\/fr\/wp-json\/wp\/v2\/users\/1"}],"replies":[{"embeddable":true,"href":"https:\/\/newleafdebt.ca\/fr\/wp-json\/wp\/v2\/comments?post=34077"}],"version-history":[{"count":1,"href":"https:\/\/newleafdebt.ca\/fr\/wp-json\/wp\/v2\/pages\/34077\/revisions"}],"predecessor-version":[{"id":34173,"href":"https:\/\/newleafdebt.ca\/fr\/wp-json\/wp\/v2\/pages\/34077\/revisions\/34173"}],"wp:attachment":[{"href":"https:\/\/newleafdebt.ca\/fr\/wp-json\/wp\/v2\/media?parent=34077"}],"wp:term":[{"taxonomy":"category","embeddable":true,"href":"https:\/\/newleafdebt.ca\/fr\/wp-json\/wp\/v2\/categories?post=34077"},{"taxonomy":"post_tag","embeddable":true,"href":"https:\/\/newleafdebt.ca\/fr\/wp-json\/wp\/v2\/tags?post=34077"}],"curies":[{"name":"wp","href":"https:\/\/api.w.org\/{rel}","templated":true}]}}