{"id":34075,"date":"2014-01-06T21:18:31","date_gmt":"2014-01-06T21:18:31","guid":{"rendered":"\/?page_id=3031"},"modified":"2025-06-18T14:56:15","modified_gmt":"2025-06-18T18:56:15","slug":"conseil-en-credit","status":"publish","type":"page","link":"https:\/\/newleafdebt.ca\/fr\/conseil-en-credit\/","title":{"rendered":"Conseil en cr\u00e9dit"},"content":{"rendered":"<div class=\"row\">\n<div class=\"col-sm-8\">\n<h2>Obtenez de l\u2019aide professionnelle pour vous acquitter de vos dettes.<\/h2>\n<p>Si vous voulez renouveler vos finances et obtenir de nouvelles perspectives financi\u00e8res, vous devez vous d\u00e9barrasser de toute cette dette de carte de cr\u00e9dit qui vous retient. La dette de carte de cr\u00e9dit cr\u00e9e des d\u00e9fis uniques pour votre budget, en raison des paiements renouvelables. Plus vous utilisez la carte de cr\u00e9dit, plus vous devez payer chaque mois. Lorsque vous \u00eates forc\u00e9 d\u2019utiliser le cr\u00e9dit pour couvrir les urgences, les d\u00e9penses impr\u00e9vues et les difficult\u00e9s financi\u00e8res, vous \u00eates au-dessus de vos limites et ne pouvez pas suivre. Le conseil en cr\u00e9dit offre un moyen de reprendre le contr\u00f4le gr\u00e2ce \u00e0 une gestion de la dette soutenue par des professionnels.<\/p>\n<\/div>\n<div class=\"col-sm-4\"><img loading=\"lazy\" decoding=\"async\" class=\"aligncenter size-full wp-image-33710\" src=\"https:\/\/staging-newleafdebt.kinsta.cloud\/wp-content\/uploads\/2019\/10\/credit-counselling.jpg\" alt=\"happy woman on phone at laptop\" width=\"800\" height=\"533\" \/><\/div>\n<p>&nbsp;<\/p>\n<\/div>\n<div class=\"row\">\n<div class=\"col\">\n<h2>Qu\u2019est-ce que le conseil en cr\u00e9dit et comment fonctionne-t-il?<\/h2>\n<p>Le conseil en cr\u00e9dit \u00e0 la consommation est un service qui aide les Canadiens \u00e0 retrouver la stabilit\u00e9 financi\u00e8re lorsqu\u2019ils font face \u00e0 des difficult\u00e9s li\u00e9es \u00e0 la dette de carte de cr\u00e9dit. Si vous avez de la difficult\u00e9 \u00e0 rembourser vos soldes et \u00e0 vivre d\u2019un ch\u00e8que de paie \u00e0 l\u2019autre, un conseiller en cr\u00e9dit peut vous aider \u00e0 \u00e9valuer vos finances afin de trouver la meilleure solution pour vos besoins.<\/p>\n<p>Les services de conseil en cr\u00e9dit peuvent \u00eatre \u00e0 but non lucratif ou \u00e0 but lucratif. Les services sans but lucratif comme New Leaf ont tendance \u00e0 \u00eatre plus avantageux pour les personnes qui cherchent des solutions impartiales \u00e0 faible co\u00fbt pour sortir de l\u2019endettement. Tous les renseignements et processus que nous d\u00e9crivons ci-dessous sont destin\u00e9s aux conseillers en cr\u00e9dit sans but lucratif. \u00c0 la fin de ce guide, nous expliquons \u00e9galement les diff\u00e9rences entre les services de consultation en cr\u00e9dit \u00e0 but lucratif et sans but lucratif, afin que vous puissiez comprendre la diff\u00e9rence des deux services.<\/p>\n<h3>Comment fonctionne le conseil en cr\u00e9dit?<\/h3>\n<p>Le processus de consultation en cr\u00e9dit comporte trois volets. La premi\u00e8re partie est enti\u00e8rement gratuite et con\u00e7ue pour vous aider \u00e0 comprendre votre situation et les options que vous avez pour vous acquitter de vos dettes. La deuxi\u00e8me partie du processus offre une solution \u00e0 faible co\u00fbt pour all\u00e9ger la dette, connue sous le nom de plan de gestion de la dette.<\/p>\n<h4>\u00c9tape 1: Conseil en cr\u00e9dit gratuit<\/h4>\n<p>Une s\u00e9ance de conseil en cr\u00e9dit gratuit est habituellement offerte par t\u00e9l\u00e9phone. Un conseiller en cr\u00e9dit form\u00e9 recueille des renseignements sur vos dettes, votre cr\u00e9dit et votre budget. Ils demandent \u00e9galement des d\u00e9tails sur la fa\u00e7on dont vous vous \u00eates endett\u00e9 et les d\u00e9fis financiers auxquels vous faites face. Cela aide le conseiller \u00e0 obtenir une image exacte de vos finances pour pouvoir faire des recommandations.<\/p>\n<p>Ensuite, le conseiller en cr\u00e9dit examine les options qui s\u2019offrent \u00e0 vous pour acquitter vos dettes. Selon votre situation financi\u00e8re, cela peut comprendre:<\/p>\n<ul>\n<li>Consolidation de cr\u00e9dit<\/li>\n<li>Programmes de gestion des dettes<\/li>\n<li>Programmes de r\u00e8glement de la dette<\/li>\n<li>Propositions de consommateur<\/li>\n<li>Faillite<\/li>\n<\/ul>\n<p>Il vous aide \u00e0 comprendre et \u00e0 comparer ces solutions en fonction de votre situation financi\u00e8re unique. Cela vous permet d\u2019obtenir une perspective impartiale et \u00e9clair\u00e9e sur la meilleure solution \u00e0 utiliser dans votre situation. Un conseiller en cr\u00e9dit \u00e0 but non lucratif recommandera un programme de gestion de la dette seulement s\u2019il s\u2019agit de la bonne solution \u00e0 utiliser, en fonction de vos besoins et de vos objectifs.<\/p>\n<h4>\u00c9tape 2: Inscription \u00e0 un plan de gestion de dette<\/h4>\n<p>S\u2019il s\u2019av\u00e8re qu\u2019un plan de gestion de dette est votre meilleure option pour vous d\u00e9sendetter, le conseiller en cr\u00e9dit vous aidera \u00e0 vous inscrire. Ils \u00e9laboreront un budget avec vous et vous aideront \u00e0 trouver un paiement mensuel que vous \u00eates en mesure de faire.<\/p>\n<p>Ensuite, l\u2019\u00e9quipe de conseil en cr\u00e9dit se met au travail en contactant vos cr\u00e9anciers. L\u2019objectif est de travailler avec vos cr\u00e9anciers pour accepter des paiements r\u00e9duits par l\u2019interm\u00e9diaire de l\u2019agence de conseil en cr\u00e9dit. Vos cr\u00e9anciers acceptent \u00e9galement de r\u00e9duire ou, dans de nombreux cas, d\u2019\u00e9liminer compl\u00e8tement les frais d\u2019int\u00e9r\u00eat et d\u2019arr\u00eater les p\u00e9nalit\u00e9s appliqu\u00e9es \u00e0 votre compte.<\/p>\n<p>Une fois que tous vos cr\u00e9anciers ont accept\u00e9 le programme, vous commencez \u00e0 faire des paiements \u00e0 l\u2019agence de conseil en cr\u00e9dit. Vous effectuez un paiement chaque mois au compte en fiducie de New Leaf et nous distribuons le paiement \u00e0 vos cr\u00e9anciers comme convenu.<\/p>\n<h4>\u00c9tape 3: \u00c9ducation financi\u00e8re<\/h4>\n<p>New Leaf vous fournira \u00e9galement des renseignements financiers au long de votre parcours dans votre programme de gestion de la dette. De cette fa\u00e7on, vous pouvez d\u00e9velopper les comp\u00e9tences dont vous avez besoin pour maintenir une stabilit\u00e9 financi\u00e8re une fois que vous vous serez acquitt\u00e9 de vos dettes. Ces ressources p\u00e9dagogiques vous apprendront \u00e0 le faire:<\/p>\n<ul>\n<li>Budget<\/li>\n<li>Utiliser le cr\u00e9dit<\/li>\n<li>G\u00e9rer la dette<\/li>\n<\/ul>\n<p>En am\u00e9liorant vos connaissances financi\u00e8res, vous apprendrez \u00e0 g\u00e9rer votre argent au jour le jour et \u00e0 utiliser le cr\u00e9dit efficacement pour maximiser votre cote et atteindre vos objectifs financiers, tout en apprenant des techniques cl\u00e9s pour g\u00e9rer vos dettes afin d\u2019\u00e9viter les probl\u00e8mes d\u2019endettement \u00e0 l\u2019avenir.<\/p>\n<h2>Comment les conseils en mati\u00e8re de cr\u00e9dit influent-ils sur votre cote de cr\u00e9dit?<\/h2>\n<p>Dans toute situation o\u00f9 vous aurez besoin d\u2019aide professionnelle pour vous lib\u00e9rer d\u2019une dette ou vous ne rembourserez pas le solde complet de votre dette sur le calendrier de paiement original, cela nuira \u00e0 votre cr\u00e9dit.<\/p>\n<h3>Les conseils gratuits en mati\u00e8re de cr\u00e9dit n\u2019ont aucun effet sur votre cote<\/h3>\n<p>La premi\u00e8re partie du conseil de cr\u00e9dit avec une \u00e9valuation de la dette gratuite n\u2019aura aucun impact sur votre cote. Le conseiller en cr\u00e9dit examinera votre rapport de cr\u00e9dit, mais il s\u2019agit d\u2019une v\u00e9rification de cr\u00e9dit \u00ab indirect \u00bb, ce qui signifie qu\u2019elle n\u2019a aucune incidence n\u00e9gative sur votre cote de cr\u00e9dit. Cela vous permet de passer en revue vos options d\u2019all\u00e9gement des dettes avec un professionnel sans nuire \u00e0 votre cote.<\/p>\n<h3>L\u2019inscription \u00e0 un plan de gestion de la dette aura des r\u00e9percussions n\u00e9gatives.<\/h3>\n<p>S\u2019il s\u2019av\u00e8re qu\u2019un programme de gestion de la dette est la meilleure option pour all\u00e9ger votre situation financi\u00e8re unique, alors ce sera not\u00e9 sur votre rapport de cr\u00e9dit. Chaque dette rembours\u00e9e dans le cadre du programme aura une note R7 (peut varier selon le cr\u00e9ancier), ce qui indique que vous remboursez une dette renouvelable selon un calendrier de paiement rajust\u00e9.<\/p>\n<p>C\u2019est la m\u00eame note que vous pouvez voir avec le r\u00e8glement de la dette et les propositions de consommateurs. Cependant, au lieu de rester sur votre rapport de cr\u00e9dit jusqu\u2019\u00e0 une dur\u00e9e de huit ans, la note ne restera sur votre rapport que pendant deux ans une fois que vous avez termin\u00e9 le programme. En outre, une fois que chaque dette est rembours\u00e9e, vous n\u2019aurez pas \u00e0 vous soucier de changer la note \u00e0 R9, ce qui peut se produire avec ces autres solutions.<\/p>\n<h2>Conseils en cr\u00e9dit sans but lucratif vs \u00e0 but lucratif<\/h2>\n<p>Comme nous l\u2019avons mentionn\u00e9 ci-dessus, il existe deux types d\u2019agences de conseil en cr\u00e9dit au Canada, \u00e0 but non lucratif et \u00e0 but lucratif. Les organismes sans but lucratif comme New Leaf Debt Solutions offrent des avantages par rapport \u00e0 leurs homologues \u00e0 but lucratif:<\/p>\n<ul>\n<li>La s\u00e9ance initiale de conseils en cr\u00e9dit est toujours gratuite \u00e0 100 % et vous n\u2019\u00eates pas oblig\u00e9 de vous inscrire.<\/li>\n<li>Un conseiller en cr\u00e9dit ne recommandera un PGD que s\u2019il s\u2019agit de la bonne option \u00e0 utiliser dans votre situation; un conseiller en cr\u00e9dit \u00e0 but lucratif re\u00e7oit souvent des commissions sur les inscriptions au PGD.<\/li>\n<li>Les frais sont g\u00e9n\u00e9ralement moins \u00e9lev\u00e9s.<\/li>\n<li>Vous aurez acc\u00e8s gratuitement \u00e0 du mat\u00e9riel d\u2019\u00e9ducation financi\u00e8re.<\/li>\n<li>Les organismes sans but lucratif sont souvent membres d\u2019associations professionnelles de l\u2019industrie, ce qui signifie qu\u2019ils sont tenus de respecter certaines normes commerciales et \u00e9thiques.<\/li>\n<li>Un plus grand nombre de soci\u00e9t\u00e9s \u00e9mettrices de cartes de cr\u00e9dit et d\u2019autres cr\u00e9anciers seront dispos\u00e9s \u00e0 travailler avec une agence sans but lucratif.<\/li>\n<\/ul>\n<h3>Le co\u00fbt du conseil en cr\u00e9dit<\/h3>\n<p>Les services de conseil en cr\u00e9dit sans but lucratif sont con\u00e7us pour offrir aux Canadiens un moyen peu co\u00fbteux de s\u2019acquitter de leurs dettes. C\u2019est pourquoi la consultation initiale est enti\u00e8rement gratuite. Vous pouvez obtenir un point de vue impartial et expert sur votre situation et comprendre vos options pour vous acquitter de vos dettes sans contracter une autre facture.<\/p>\n<p>Lorsque vous vous inscrivez \u00e0 un programme de gestion des dettes, vous devrez payer des frais d\u2019ouverture de dossier uniques et des frais d\u2019administration mensuels. Ces frais seront bas\u00e9s sur votre budget et le montant que vous pouvez payer. De nombreuses provinces fournissent des lignes directrices sur les frais que les consommateurs paient pour un PGD. Les frais sont ensuite int\u00e9gr\u00e9s aux paiements de votre programme de gestion des dettes, pour vous permettre de ne pas vous soucier de factures suppl\u00e9mentaires.\n<\/p><\/div>\n<\/div>\n","protected":false},"excerpt":{"rendered":"<p>Obtenez de l\u2019aide professionnelle pour vous acquitter de vos dettes. Si vous voulez renouveler vos finances et obtenir de nouvelles perspectives financi\u00e8res, vous devez vous d\u00e9barrasser de toute cette dette&#8230; <a class=\"read-more\" href=\"https:\/\/newleafdebt.ca\/fr\/conseil-en-credit\/\"> Lire l\u2019article complet  <i class=\"fal fa-angle-double-right\" aria-hidden=\"true\"><\/i><\/a><\/p>\n","protected":false},"author":1,"featured_media":27628,"parent":0,"menu_order":122,"comment_status":"closed","ping_status":"open","template":"","meta":{"_acf_changed":false,"footnotes":""},"categories":[],"tags":[],"class_list":["post-34075","page","type-page","status-publish","has-post-thumbnail"],"acf":[],"yoast_head":"<!-- This site is optimized with the Yoast SEO Premium plugin v25.3 (Yoast SEO v25.3) - https:\/\/yoast.com\/wordpress\/plugins\/seo\/ -->\n<title>Conseil en cr\u00e9dit et gestion de l&#039;endettement | New Leaf Debt Solutions<\/title>\n<meta name=\"description\" content=\"D\u00e9couvrez \u00e0 quoi vous attendre lorsque vous appelez New Leaf Debt Solutions pour des conseils de cr\u00e9dit gratuits et comment notre programme de gestion de la dette peut vous aider \u00e0 vous lib\u00e9rer de vos dettes.\" \/>\n<meta name=\"robots\" content=\"index, follow, max-snippet:-1, max-image-preview:large, max-video-preview:-1\" \/>\n<link rel=\"canonical\" href=\"https:\/\/newleafdebt.ca\/fr\/conseil-en-credit\/\" \/>\n<meta property=\"og:locale\" content=\"fr_CA\" \/>\n<meta property=\"og:type\" content=\"article\" \/>\n<meta property=\"og:title\" content=\"Conseil en cr\u00e9dit\" \/>\n<meta property=\"og:description\" content=\"D\u00e9couvrez \u00e0 quoi vous attendre lorsque vous appelez New Leaf Debt Solutions pour des conseils de cr\u00e9dit gratuits et comment notre programme de gestion de la dette peut vous aider \u00e0 vous lib\u00e9rer de vos dettes.\" \/>\n<meta property=\"og:url\" content=\"https:\/\/newleafdebt.ca\/fr\/conseil-en-credit\/\" \/>\n<meta property=\"og:site_name\" content=\"New Leaf Debt Solution Fran\u00e7ais\" \/>\n<meta property=\"article:modified_time\" content=\"2025-06-18T18:56:15+00:00\" \/>\n<meta name=\"twitter:card\" content=\"summary_large_image\" \/>\n<meta name=\"twitter:label1\" content=\"Estimation du temps de lecture\" \/>\n\t<meta name=\"twitter:data1\" content=\"8 minutes\" \/>\n<!-- \/ Yoast SEO Premium plugin. -->","yoast_head_json":{"title":"Conseil en cr\u00e9dit et gestion de l'endettement | New Leaf Debt Solutions","description":"D\u00e9couvrez \u00e0 quoi vous attendre lorsque vous appelez New Leaf Debt Solutions pour des conseils de cr\u00e9dit gratuits et comment notre programme de gestion de la dette peut vous aider \u00e0 vous lib\u00e9rer de vos dettes.","robots":{"index":"index","follow":"follow","max-snippet":"max-snippet:-1","max-image-preview":"max-image-preview:large","max-video-preview":"max-video-preview:-1"},"canonical":"https:\/\/newleafdebt.ca\/fr\/conseil-en-credit\/","og_locale":"fr_CA","og_type":"article","og_title":"Conseil en cr\u00e9dit","og_description":"D\u00e9couvrez \u00e0 quoi vous attendre lorsque vous appelez New Leaf Debt Solutions pour des conseils de cr\u00e9dit gratuits et comment notre programme de gestion de la dette peut vous aider \u00e0 vous lib\u00e9rer de vos dettes.","og_url":"https:\/\/newleafdebt.ca\/fr\/conseil-en-credit\/","og_site_name":"New Leaf Debt Solution Fran\u00e7ais","article_modified_time":"2025-06-18T18:56:15+00:00","twitter_card":"summary_large_image","twitter_misc":{"Estimation du temps de lecture":"8 minutes"},"schema":{"@context":"https:\/\/schema.org","@graph":[{"@type":"WebPage","@id":"https:\/\/newleafdebt.ca\/fr\/conseil-en-credit\/","url":"https:\/\/newleafdebt.ca\/fr\/conseil-en-credit\/","name":"Conseil en cr\u00e9dit et gestion de l'endettement | New Leaf Debt Solutions","isPartOf":{"@id":"https:\/\/newleafdebt.ca\/fr\/#website"},"primaryImageOfPage":{"@id":"https:\/\/newleafdebt.ca\/fr\/conseil-en-credit\/#primaryimage"},"image":{"@id":"https:\/\/newleafdebt.ca\/fr\/conseil-en-credit\/#primaryimage"},"thumbnailUrl":"","datePublished":"2014-01-06T21:18:31+00:00","dateModified":"2025-06-18T18:56:15+00:00","description":"D\u00e9couvrez \u00e0 quoi vous attendre lorsque vous appelez New Leaf Debt Solutions pour des conseils de cr\u00e9dit gratuits et comment notre programme de gestion de la dette peut vous aider \u00e0 vous lib\u00e9rer de vos dettes.","breadcrumb":{"@id":"https:\/\/newleafdebt.ca\/fr\/conseil-en-credit\/#breadcrumb"},"inLanguage":"fr-CA","potentialAction":[{"@type":"ReadAction","target":["https:\/\/newleafdebt.ca\/fr\/conseil-en-credit\/"]}]},{"@type":"ImageObject","inLanguage":"fr-CA","@id":"https:\/\/newleafdebt.ca\/fr\/conseil-en-credit\/#primaryimage","url":"","contentUrl":""},{"@type":"BreadcrumbList","@id":"https:\/\/newleafdebt.ca\/fr\/conseil-en-credit\/#breadcrumb","itemListElement":[{"@type":"ListItem","position":1,"name":"Accueil","item":"https:\/\/newleafdebt.ca\/fr\/"},{"@type":"ListItem","position":2,"name":"Conseil en cr\u00e9dit"}]},{"@type":"WebSite","@id":"https:\/\/newleafdebt.ca\/fr\/#website","url":"https:\/\/newleafdebt.ca\/fr\/","name":"New Leaf Debt Solution Fran\u00e7ais","description":"New Leaf Debt Solutions Fran\u00e7ais, Inc.","potentialAction":[{"@type":"SearchAction","target":{"@type":"EntryPoint","urlTemplate":"https:\/\/newleafdebt.ca\/fr\/?s={search_term_string}"},"query-input":{"@type":"PropertyValueSpecification","valueRequired":true,"valueName":"search_term_string"}}],"inLanguage":"fr-CA"}]}},"_links":{"self":[{"href":"https:\/\/newleafdebt.ca\/fr\/wp-json\/wp\/v2\/pages\/34075","targetHints":{"allow":["GET"]}}],"collection":[{"href":"https:\/\/newleafdebt.ca\/fr\/wp-json\/wp\/v2\/pages"}],"about":[{"href":"https:\/\/newleafdebt.ca\/fr\/wp-json\/wp\/v2\/types\/page"}],"author":[{"embeddable":true,"href":"https:\/\/newleafdebt.ca\/fr\/wp-json\/wp\/v2\/users\/1"}],"replies":[{"embeddable":true,"href":"https:\/\/newleafdebt.ca\/fr\/wp-json\/wp\/v2\/comments?post=34075"}],"version-history":[{"count":1,"href":"https:\/\/newleafdebt.ca\/fr\/wp-json\/wp\/v2\/pages\/34075\/revisions"}],"predecessor-version":[{"id":34177,"href":"https:\/\/newleafdebt.ca\/fr\/wp-json\/wp\/v2\/pages\/34075\/revisions\/34177"}],"wp:featuredmedia":[{"embeddable":true,"href":"https:\/\/newleafdebt.ca\/fr\/wp-json\/"}],"wp:attachment":[{"href":"https:\/\/newleafdebt.ca\/fr\/wp-json\/wp\/v2\/media?parent=34075"}],"wp:term":[{"taxonomy":"category","embeddable":true,"href":"https:\/\/newleafdebt.ca\/fr\/wp-json\/wp\/v2\/categories?post=34075"},{"taxonomy":"post_tag","embeddable":true,"href":"https:\/\/newleafdebt.ca\/fr\/wp-json\/wp\/v2\/tags?post=34075"}],"curies":[{"name":"wp","href":"https:\/\/api.w.org\/{rel}","templated":true}]}}