{"id":34074,"date":"2014-01-07T20:20:23","date_gmt":"2014-01-07T20:20:23","guid":{"rendered":"\/?page_id=3030"},"modified":"2025-06-18T14:54:56","modified_gmt":"2025-06-18T18:54:56","slug":"nous-joindre","status":"publish","type":"page","link":"https:\/\/newleafdebt.ca\/fr\/nous-joindre\/","title":{"rendered":"Nous joindre"},"content":{"rendered":"<style type=\"text\/css\">\r\n\t#nf-label-field-7, #nf-label-field-13{\r\n\tdisplay:inline-flex;\r\n\t}\t\r\n\t#nf-label-field-7 span, #nf-label-field-13 span{ \r\n\tpadding-left:7px;\r\n\tline-height:0px;\r\n\t}\r\n\t.nf-error-msg, .ninja-forms-req-symbol {\r\n    color: #e80000 !important;\r\n\t}\r\n\t#nf-field-10, #nf-field-16{\r\n\tborder: 0;\r\n    color: #fff;\r\n    margin: 10px 0;\r\n    border-radius: 30px 0;\r\n    border-left: 2px solid #647b09;\r\n    border-bottom: 2px solid #445207;\r\n    padding: 10px 25px;\r\n    letter-spacing: .5px;\r\n    font-weight: 600;\r\n    text-transform: uppercase;\r\n    font-size: 20px;\r\n    font-size: 1.25rem;\r\n    background-color: #647b09;\r\n    -webkit-transition: background-color .4s ease-out;\r\n    -moz-transition: background-color .4s ease-out;\r\n    -ms-transition: background-color .4s ease-out;\r\n    -o-transition: background-color .4s ease-out;\r\n    transition: background-color .4s ease-out;\r\n\t}\r\n\t#nf-field-10:hover, #nf-field-16:hover{\r\n\t-webkit-transition: background-color .4s ease-out;\r\n    -moz-transition: background-color .4s ease-out;\r\n    -ms-transition: background-color .4s ease-out;\r\n    -o-transition: background-color .4s ease-out;\r\n    transition: background-color .4s ease-out;\r\n    background-color: #829e11;\r\n    color: #fff;\r\n    border-left: 2px solid #647b09;\r\n    border-bottom: 2px solid #445207;\r\n    font-size: 105%!important;\r\n    padding: 9px 25px 10px;\r\n\t}\r\n\t.nf-field-element{\r\n\ttext-align:center;\r\n\t}\r\n<\/style>\n<div class=\"row\">\n<div class=\"col-sm-8\">\n<h2>Contactez New Leaf Debt Solutions<\/h2>\n<p>Si vous avez besoin d\u2019entrer en contact avec un conseiller en cr\u00e9dit qualifi\u00e9 pour obtenir de l\u2019aide pour r\u00e9gler vos dettes de carte de cr\u00e9dit, New Leaf Debt Solutions est l\u00e0 pour vous aider! La plupart des s\u00e9ances de conseil en cr\u00e9dit se d\u00e9roulent par t\u00e9l\u00e9phone, notre num\u00e9ro gratuit est g\u00e9n\u00e9ralement le meilleur moyen d\u2019obtenir une assistance imm\u00e9diate. Si vous \u00eates d\u00e9j\u00e0 client, vous trouverez ci-dessous les coordonn\u00e9es sp\u00e9cialis\u00e9es de notre \u00e9quipe de services \u00e0 la client\u00e8le.<\/p>\n<h3>Contactez-nous pour des conseils en mati\u00e8re de cr\u00e9dit<\/h3>\n<p>Courriel: <a href=\"mailto:contactus@NewLeafDebt.ca\">contactus@NewLeafDebt.ca<\/a><\/p>\n<p>Num\u00e9ro de t\u00e9l\u00e9phone gratuit : <a class=\"noretreaver-phone-click no-animation\" href=\"tel:844-953-2854\"><span class=\"notracking-phone\">(844) 953-2854<\/span><\/a><\/p>\n<p>Heures de travail: Du Lundi au Jeudi de 9 h \u00e0 19 h HNE <br \/>&#038; Vendredi de 9 h \u00e0 18 h HNE<\/p>\n<\/div>\n<div class=\"col-sm-4\"><img loading=\"lazy\" decoding=\"async\" class=\"aligncenter size-full wp-image-33708\" src=\"https:\/\/staging-newleafdebt.kinsta.cloud\/wp-content\/uploads\/2019\/10\/contact.jpg\" alt=\"female phone agent\" width=\"800\" height=\"554\" \/><\/div>\n<\/div>\n<div class=\"row\">\n<div class=\"col\">\n<h2>Coordonn\u00e9es des clients existants<\/h2>\n<p>Si vous \u00eates d\u00e9j\u00e0 client de New Leaf Debt Solutions, vous pouvez nous t\u00e9l\u00e9phoner au 888-363-0904, participer au clavardage en direct ou visiter votre portail client 24 heures sur 24.<\/p>\n<p>Notre \u00e9quipe de services \u00e0 la client\u00e8le est disponible pour r\u00e9pondre aux questions, vous aider \u00e0 effectuer les paiements et r\u00e9pondre \u00e0 vos pr\u00e9occupations pendant les heures d\u2019ouverture suivantes :<\/p>\n<p>Du Lundi au Vendredi de 9 h \u00e0 17 h HNE<\/p>\n<p>Votre satisfaction est importante pour nous. Si vous avez des suggestions sur la fa\u00e7on dont nous pouvons am\u00e9liorer nos programmes et services, ou si nous n\u2019avons pas r\u00e9pondu \u00e0 vos attentes, veuillez nous en faire part en remplissant le formulaire ci-dessous. Vous pouvez \u00e9galement nous envoyer vos commentaires par courrier \u00e0 l\u2019adresse ci-dessous. Vos commentaires nous aident \u00e0 aider les autres. Merci.<\/p>\n<h2>Demandes des m\u00e9dias et renseignements g\u00e9n\u00e9raux<\/h2>\n<p>Toutes les demandes des m\u00e9dias peuvent \u00eatre envoy\u00e9es au directeur ex\u00e9cutif.<\/p>\n<p>Courriel: <a href=\"mailto:contactus@newleafdebt.ca\">contactus@newleafdebt.ca<\/a><\/p>\n<p>Num\u00e9ro de t\u00e9l\u00e9phone gratuit: <a class=\"noretreaver-phone-click no-animation\" href=\"tel:844-953-2854\"><span class=\"notracking-phone\">(844) 953-2854<\/span><\/a><\/p>\n<noscript class=\"ninja-forms-noscript-message\">\n\tNotice: JavaScript is required for this content.<\/noscript>\n<div id=\"nf-form-2-cont\" class=\"nf-form-cont\" aria-live=\"polite\" aria-labelledby=\"nf-form-title-2\" aria-describedby=\"nf-form-errors-2\" role=\"form\">\n\n    <div class=\"nf-loading-spinner\"><\/div>\n\n<\/div>\n        <!-- That data is being printed as a workaround to page builders reordering the order of the scripts loaded-->\n        <script>var formDisplay=1;var nfForms=nfForms||[];var form=[];form.id='2';form.settings={\"objectType\":\"Form Setting\",\"editActive\":true,\"title\":\"Formulaire de r\\u00e9ponse\",\"created_at\":\"2022-04-26 19:40:03\",\"form_title\":\"Feedback\",\"default_label_pos\":\"above\",\"show_title\":\"1\",\"clear_complete\":\"1\",\"hide_complete\":\"1\",\"logged_in\":\"0\",\"wrapper_class\":\"\",\"element_class\":\"new-leaf-response-form\",\"key\":\"\",\"add_submit\":\"1\",\"currency\":\"\",\"unique_field_error\":\"A form with this value has already been submitted.\",\"not_logged_in_msg\":\"\",\"sub_limit_msg\":\"The form has reached its submission limit.\",\"calculations\":[],\"formContentData\":[\"prenom_1657638548037\",\"nom_1657638556459\",\"numero_de_telephone_1657638567990\",\"adresse_courriel_1657638578970\",\"commentaires_1657638586436\",\"soumettre_1658852171975\"],\"drawerDisabled\":false,\"repeatable_fieldsets\":\"\",\"changeEmailErrorMsg\":\"S&#039;il vous pla\\u00eet, mettez une adresse email valide!\",\"changeDateErrorMsg\":\"Veuillez entrer une date valide!\",\"confirmFieldErrorMsg\":\"Ces champs doivent correspondre\\u00a0!\",\"fieldNumberNumMinError\":\"Nombre min erreur\",\"fieldNumberNumMaxError\":\"Nombre max erreur\",\"fieldNumberIncrementBy\":\"Veuillez incr\\u00e9menter de\",\"formErrorsCorrectErrors\":\"Veuillez corriger les erreurs avant de soumettre ce formulaire.\",\"validateRequiredField\":\"Ceci est un champ obligatoire.\",\"honeypotHoneypotError\":\"Honeypot Error\",\"fieldsMarkedRequired\":\"Les champs marqu\\u00e9s d&#039;un * sont obligatoires\",\"unique_field\":\"0\",\"allow_public_link\":0,\"embed_form\":\"\",\"ninjaForms\":\"Ninja Forms\",\"fieldTextareaRTEInsertLink\":\"Insert Link\",\"fieldTextareaRTEInsertMedia\":\"Insert Media\",\"fieldTextareaRTESelectAFile\":\"Select a file\",\"formHoneypot\":\"If you are a human seeing this field, please leave it empty.\",\"fileUploadOldCodeFileUploadInProgress\":\"File Upload in Progress.\",\"fileUploadOldCodeFileUpload\":\"FILE UPLOAD\",\"currencySymbol\":\"&#36;\",\"thousands_sep\":\"&nbsp;\",\"decimal_point\":\",\",\"siteLocale\":\"fr_CA\",\"dateFormat\":\"m\\\/d\\\/Y\",\"startOfWeek\":\"1\",\"of\":\"of\",\"previousMonth\":\"Previous Month\",\"nextMonth\":\"Next Month\",\"months\":[\"January\",\"February\",\"March\",\"April\",\"May\",\"June\",\"July\",\"August\",\"September\",\"October\",\"November\",\"December\"],\"monthsShort\":[\"Jan\",\"Feb\",\"Mar\",\"Apr\",\"May\",\"Jun\",\"Jul\",\"Aug\",\"Sep\",\"Oct\",\"Nov\",\"Dec\"],\"weekdays\":[\"Sunday\",\"Monday\",\"Tuesday\",\"Wednesday\",\"Thursday\",\"Friday\",\"Saturday\"],\"weekdaysShort\":[\"Sun\",\"Mon\",\"Tue\",\"Wed\",\"Thu\",\"Fri\",\"Sat\"],\"weekdaysMin\":[\"Su\",\"Mo\",\"Tu\",\"We\",\"Th\",\"Fr\",\"Sa\"],\"recaptchaConsentMissing\":\"reCaptcha validation couldn&#039;t load.\",\"recaptchaMissingCookie\":\"reCaptcha v3 validation couldn&#039;t load the cookie needed to submit the form.\",\"recaptchaConsentEvent\":\"Accept reCaptcha cookies before sending the form.\",\"currency_symbol\":\"\",\"beforeForm\":\"\",\"beforeFields\":\"\",\"afterFields\":\"\",\"afterForm\":\"\"};form.fields=[{\"objectType\":\"Field\",\"objectDomain\":\"fields\",\"editActive\":false,\"order\":1,\"idAttribute\":\"id\",\"type\":\"firstname\",\"label\":\"Pr\\u00e9nom\",\"key\":\"prenom_1657638548037\",\"label_pos\":\"above\",\"required\":1,\"default\":\"\",\"placeholder\":\"\",\"container_class\":\"one-half first\",\"element_class\":\"\",\"admin_label\":\"\",\"help_text\":\"\",\"custom_name_attribute\":\"fname\",\"field_label\":\"Pr\\u00e9nom\",\"field_key\":\"prenom_1657638548037\",\"personally_identifiable\":1,\"value\":\"\",\"drawerDisabled\":false,\"desc_text\":\"\",\"id\":5,\"beforeField\":\"\",\"afterField\":\"\",\"parentType\":\"firstname\",\"element_templates\":[\"firstname\",\"input\"],\"old_classname\":\"\",\"wrap_template\":\"wrap\"},{\"objectType\":\"Field\",\"objectDomain\":\"fields\",\"editActive\":false,\"order\":2,\"idAttribute\":\"id\",\"type\":\"lastname\",\"label\":\"Nom\",\"key\":\"nom_1657638556459\",\"label_pos\":\"above\",\"required\":1,\"default\":\"\",\"placeholder\":\"\",\"container_class\":\"one-half second\",\"element_class\":\"\",\"admin_label\":\"\",\"help_text\":\"\",\"custom_name_attribute\":\"lname\",\"field_label\":\"Nom\",\"field_key\":\"nom_1657638556459\",\"personally_identifiable\":1,\"value\":\"\",\"drawerDisabled\":\"\",\"id\":6,\"beforeField\":\"\",\"afterField\":\"\",\"parentType\":\"lastname\",\"element_templates\":[\"lastname\",\"input\"],\"old_classname\":\"\",\"wrap_template\":\"wrap\"},{\"objectType\":\"Field\",\"objectDomain\":\"fields\",\"editActive\":false,\"order\":3,\"idAttribute\":\"id\",\"label\":\"Num\\u00e9ro de t\\u00e9l\\u00e9phone\",\"type\":\"phone\",\"key\":\"numero_de_telephone_1657638567990\",\"label_pos\":\"above\",\"required\":1,\"default\":\"\",\"placeholder\":\"\",\"container_class\":\"one-half first\",\"element_class\":\"\",\"input_limit\":\"\",\"input_limit_type\":\"characters\",\"input_limit_msg\":\"Character(s) left\",\"manual_key\":\"\",\"admin_label\":\"\",\"help_text\":\"\",\"mask\":\"\",\"custom_mask\":\"\",\"custom_name_attribute\":\"phone \",\"personally_identifiable\":1,\"value\":\"\",\"drawerDisabled\":\"\",\"field_label\":\"Num\\u00e9ro de t\\u00e9l\\u00e9phone\",\"field_key\":\"numero_de_telephone_1657638567990\",\"id\":7,\"beforeField\":\"\",\"afterField\":\"\",\"parentType\":\"textbox\",\"element_templates\":[\"tel\",\"textbox\",\"input\"],\"old_classname\":\"\",\"wrap_template\":\"wrap\"},{\"objectType\":\"Field\",\"objectDomain\":\"fields\",\"editActive\":false,\"order\":4,\"idAttribute\":\"id\",\"type\":\"email\",\"label\":\"Adresse courriel\",\"key\":\"adresse_courriel_1657638578970\",\"label_pos\":\"above\",\"required\":1,\"default\":\"\",\"placeholder\":\"\",\"container_class\":\"one-half second\",\"element_class\":\"\",\"admin_label\":\"\",\"help_text\":\"\",\"custom_name_attribute\":\"email\",\"field_label\":\"Adresse courriel\",\"field_key\":\"adresse_courriel_1657638578970\",\"personally_identifiable\":1,\"value\":\"\",\"drawerDisabled\":\"\",\"id\":8,\"beforeField\":\"\",\"afterField\":\"\",\"parentType\":\"email\",\"element_templates\":[\"email\",\"input\"],\"old_classname\":\"\",\"wrap_template\":\"wrap\"},{\"objectType\":\"Field\",\"objectDomain\":\"fields\",\"editActive\":false,\"order\":5,\"idAttribute\":\"id\",\"type\":\"textarea\",\"label\":\"Commentaires\",\"key\":\"commentaires_1657638586436\",\"label_pos\":\"above\",\"required\":\"\",\"default\":\"\",\"placeholder\":\"\",\"container_class\":\"\",\"element_class\":\"\",\"input_limit\":\"\",\"input_limit_type\":\"characters\",\"input_limit_msg\":\"Character(s) left\",\"manual_key\":\"\",\"admin_label\":\"\",\"help_text\":\"\",\"textarea_rte\":\"\",\"disable_rte_mobile\":\"\",\"textarea_media\":\"\",\"drawerDisabled\":\"\",\"field_label\":\"Commentaires\",\"field_key\":\"commentaires_1657638586436\",\"value\":\"\",\"id\":9,\"beforeField\":\"\",\"afterField\":\"\",\"parentType\":\"textarea\",\"element_templates\":[\"textarea\",\"input\"],\"old_classname\":\"\",\"wrap_template\":\"wrap\"},{\"objectType\":\"Field\",\"objectDomain\":\"fields\",\"editActive\":false,\"order\":6,\"idAttribute\":\"id\",\"type\":\"submit\",\"label\":\"Soumettre\",\"processing_label\":\"En traitement...\",\"container_class\":\"\",\"element_class\":\"\",\"key\":\"soumettre_1658852171975\",\"field_label\":\"Soumettre\",\"field_key\":\"soumettre_1658852171975\",\"drawerDisabled\":false,\"id\":10,\"beforeField\":\"\",\"afterField\":\"\",\"value\":\"\",\"label_pos\":\"above\",\"parentType\":\"textbox\",\"element_templates\":[\"submit\",\"button\",\"input\"],\"old_classname\":\"\",\"wrap_template\":\"wrap-no-label\"}];nfForms.push(form);<\/script>\n        \n<p><span class=\"disclaimer\"><a href=\"https:\/\/staging-newleafdebt.kinsta.cloud\/fr\/enonce-de-confidentialite\/\">\u00c9nonc\u00e9 de confidentialit\u00e9<\/a><\/span><\/p>\n<h3>Contactez-nous par courrier<\/h3>\n<p>Si vous devez nous envoyer de la documentation, veuillez utiliser l\u2019adresse suivante:<\/p>\n<p>Privacy Officer, New Leaf Debt Solutions, 1099 Kingston Rd #237, Pickering, ON L1V 1B5, Canada.<\/p>\n<\/div>\n<\/div>\n","protected":false},"excerpt":{"rendered":"<p>Contactez New Leaf Debt Solutions Si vous avez besoin d\u2019entrer en contact avec un conseiller en cr\u00e9dit qualifi\u00e9 pour obtenir de l\u2019aide pour r\u00e9gler vos dettes de carte de cr\u00e9dit,&#8230; <a class=\"read-more\" href=\"https:\/\/newleafdebt.ca\/fr\/nous-joindre\/\"> Lire l\u2019article complet  <i class=\"fal fa-angle-double-right\" aria-hidden=\"true\"><\/i><\/a><\/p>\n","protected":false},"author":1,"featured_media":0,"parent":0,"menu_order":112,"comment_status":"closed","ping_status":"open","template":"","meta":{"_acf_changed":false,"footnotes":""},"categories":[],"tags":[],"class_list":["post-34074","page","type-page","status-publish"],"acf":[],"yoast_head":"<!-- This site is optimized with the Yoast SEO Premium plugin v25.3 (Yoast SEO v25.3) - https:\/\/yoast.com\/wordpress\/plugins\/seo\/ -->\n<title>Contactez New Leaf Debt Solutions pour des conseils en mati\u00e8re de cr\u00e9dit<\/title>\n<meta name=\"description\" content=\"Trouvez des informations de contact utiles pour New Leaf Debt Solutions, afin de pouvoir vous connecter rapidement au bon service pour r\u00e9pondre \u00e0 vos questions et recevoir de l&#039;aide.\" \/>\n<meta name=\"robots\" content=\"index, follow, max-snippet:-1, max-image-preview:large, max-video-preview:-1\" \/>\n<link rel=\"canonical\" href=\"https:\/\/newleafdebt.ca\/fr\/nous-joindre\/\" \/>\n<meta property=\"og:locale\" content=\"fr_CA\" \/>\n<meta property=\"og:type\" content=\"article\" \/>\n<meta property=\"og:title\" content=\"Nous joindre\" \/>\n<meta property=\"og:description\" content=\"Trouvez des informations de contact utiles pour New Leaf Debt Solutions, afin de pouvoir vous connecter rapidement au bon service pour r\u00e9pondre \u00e0 vos questions et recevoir de l&#039;aide.\" \/>\n<meta property=\"og:url\" content=\"https:\/\/newleafdebt.ca\/fr\/nous-joindre\/\" \/>\n<meta property=\"og:site_name\" content=\"New Leaf Debt Solution Fran\u00e7ais\" \/>\n<meta property=\"article:modified_time\" content=\"2025-06-18T18:54:56+00:00\" \/>\n<meta name=\"twitter:card\" content=\"summary_large_image\" \/>\n<meta name=\"twitter:label1\" content=\"Estimation du temps de lecture\" \/>\n\t<meta name=\"twitter:data1\" content=\"2 minutes\" \/>\n<!-- \/ Yoast SEO Premium plugin. -->","yoast_head_json":{"title":"Contactez New Leaf Debt Solutions pour des conseils en mati\u00e8re de cr\u00e9dit","description":"Trouvez des informations de contact utiles pour New Leaf Debt Solutions, afin de pouvoir vous connecter rapidement au bon service pour r\u00e9pondre \u00e0 vos questions et recevoir de l'aide.","robots":{"index":"index","follow":"follow","max-snippet":"max-snippet:-1","max-image-preview":"max-image-preview:large","max-video-preview":"max-video-preview:-1"},"canonical":"https:\/\/newleafdebt.ca\/fr\/nous-joindre\/","og_locale":"fr_CA","og_type":"article","og_title":"Nous joindre","og_description":"Trouvez des informations de contact utiles pour New Leaf Debt Solutions, afin de pouvoir vous connecter rapidement au bon service pour r\u00e9pondre \u00e0 vos questions et recevoir de l'aide.","og_url":"https:\/\/newleafdebt.ca\/fr\/nous-joindre\/","og_site_name":"New Leaf Debt Solution Fran\u00e7ais","article_modified_time":"2025-06-18T18:54:56+00:00","twitter_card":"summary_large_image","twitter_misc":{"Estimation du temps de lecture":"2 minutes"},"schema":{"@context":"https:\/\/schema.org","@graph":[{"@type":"WebPage","@id":"https:\/\/newleafdebt.ca\/fr\/nous-joindre\/","url":"https:\/\/newleafdebt.ca\/fr\/nous-joindre\/","name":"Contactez New Leaf Debt Solutions pour des conseils en mati\u00e8re de cr\u00e9dit","isPartOf":{"@id":"https:\/\/newleafdebt.ca\/fr\/#website"},"primaryImageOfPage":{"@id":"https:\/\/newleafdebt.ca\/fr\/nous-joindre\/#primaryimage"},"image":{"@id":"https:\/\/newleafdebt.ca\/fr\/nous-joindre\/#primaryimage"},"thumbnailUrl":"https:\/\/staging-newleafdebt.kinsta.cloud\/wp-content\/uploads\/2019\/10\/contact.jpg","datePublished":"2014-01-07T20:20:23+00:00","dateModified":"2025-06-18T18:54:56+00:00","description":"Trouvez des informations de contact utiles pour New Leaf Debt Solutions, afin de pouvoir vous connecter rapidement au bon service pour r\u00e9pondre \u00e0 vos questions et recevoir de l'aide.","breadcrumb":{"@id":"https:\/\/newleafdebt.ca\/fr\/nous-joindre\/#breadcrumb"},"inLanguage":"fr-CA","potentialAction":[{"@type":"ReadAction","target":["https:\/\/newleafdebt.ca\/fr\/nous-joindre\/"]}]},{"@type":"ImageObject","inLanguage":"fr-CA","@id":"https:\/\/newleafdebt.ca\/fr\/nous-joindre\/#primaryimage","url":"https:\/\/staging-newleafdebt.kinsta.cloud\/wp-content\/uploads\/2019\/10\/contact.jpg","contentUrl":"https:\/\/staging-newleafdebt.kinsta.cloud\/wp-content\/uploads\/2019\/10\/contact.jpg"},{"@type":"BreadcrumbList","@id":"https:\/\/newleafdebt.ca\/fr\/nous-joindre\/#breadcrumb","itemListElement":[{"@type":"ListItem","position":1,"name":"Accueil","item":"https:\/\/newleafdebt.ca\/fr\/"},{"@type":"ListItem","position":2,"name":"Nous joindre"}]},{"@type":"WebSite","@id":"https:\/\/newleafdebt.ca\/fr\/#website","url":"https:\/\/newleafdebt.ca\/fr\/","name":"New Leaf Debt Solution Fran\u00e7ais","description":"New Leaf Debt Solutions Fran\u00e7ais, Inc.","potentialAction":[{"@type":"SearchAction","target":{"@type":"EntryPoint","urlTemplate":"https:\/\/newleafdebt.ca\/fr\/?s={search_term_string}"},"query-input":{"@type":"PropertyValueSpecification","valueRequired":true,"valueName":"search_term_string"}}],"inLanguage":"fr-CA"}]}},"_links":{"self":[{"href":"https:\/\/newleafdebt.ca\/fr\/wp-json\/wp\/v2\/pages\/34074","targetHints":{"allow":["GET"]}}],"collection":[{"href":"https:\/\/newleafdebt.ca\/fr\/wp-json\/wp\/v2\/pages"}],"about":[{"href":"https:\/\/newleafdebt.ca\/fr\/wp-json\/wp\/v2\/types\/page"}],"author":[{"embeddable":true,"href":"https:\/\/newleafdebt.ca\/fr\/wp-json\/wp\/v2\/users\/1"}],"replies":[{"embeddable":true,"href":"https:\/\/newleafdebt.ca\/fr\/wp-json\/wp\/v2\/comments?post=34074"}],"version-history":[{"count":3,"href":"https:\/\/newleafdebt.ca\/fr\/wp-json\/wp\/v2\/pages\/34074\/revisions"}],"predecessor-version":[{"id":34238,"href":"https:\/\/newleafdebt.ca\/fr\/wp-json\/wp\/v2\/pages\/34074\/revisions\/34238"}],"wp:attachment":[{"href":"https:\/\/newleafdebt.ca\/fr\/wp-json\/wp\/v2\/media?parent=34074"}],"wp:term":[{"taxonomy":"category","embeddable":true,"href":"https:\/\/newleafdebt.ca\/fr\/wp-json\/wp\/v2\/categories?post=34074"},{"taxonomy":"post_tag","embeddable":true,"href":"https:\/\/newleafdebt.ca\/fr\/wp-json\/wp\/v2\/tags?post=34074"}],"curies":[{"name":"wp","href":"https:\/\/api.w.org\/{rel}","templated":true}]}}